{"id":9633,"date":"2018-05-15T09:38:53","date_gmt":"2018-05-15T09:38:53","guid":{"rendered":"https:\/\/estheticbcn.com\/?page_id=9633"},"modified":"2025-12-23T13:29:03","modified_gmt":"2025-12-23T13:29:03","slug":"criolipolisis","status":"publish","type":"page","link":"https:\/\/estheticbcn.com\/ca\/criolipolisis\/","title":{"rendered":"Criolipolisis"},"content":{"rendered":"<div class=\"wpb-content-wrapper\"><p>[vc_row][vc_column width=&#8221;1\/2&#8243; css=&#8221;.vc_custom_1447609311683{padding-bottom: 40px !important;}&#8221;]<style type=\"text\/css\" >#ic_j0msak4hc1qljrt6dk3o {margin:0px auto 0px; }#ic_j0msak4hc1qljrt6dk3o .ic_left,#ic_j0msak4hc1qljrt6dk3o .ic_right,#ic_j0msak4hc1qljrt6dk3o .ic_left:after,#ic_j0msak4hc1qljrt6dk3o .ic_right:after{border-color:#9b9c9e; background:#ffffff; color:#9b9c9e; }#ic_j0msak4hc1qljrt6dk3o .ic_left:hover,#ic_j0msak4hc1qljrt6dk3o .ic_right:hover,#ic_j0msak4hc1qljrt6dk3o .ic_left:hover:after,#ic_j0msak4hc1qljrt6dk3o .ic_right:hover:after{background:transparent; color:#6f7072; }#ic_j0msak4hc1qljrt6dk3o .rd_ic_pager a{border-color:#9b9c9e; background:#ffffff; color:#9b9c9e; }#ic_j0msak4hc1qljrt6dk3o .rd_ic_pager a:hover{border-color:#eab7a9; background:#eab7a9; color:#ffffff; }<\/style><script type=\"text\/javascript\" charset=\"utf-8\">\r\n\t\t\t\t\r\n\t\tjQuery.noConflict();\r\n\t\/\/setup up Carousel\r\n\t\tjQuery(document).ready(function($) {\t\r\n\t\t\t\r\n\t\t\"use strict\";\r\n\t\t\r\n\t\t\t$(window).load(function(){\r\n\t\t$(\"#ic_j0msak4hc1qljrt6dk3o .rd_img_carousel\").carouFredSel({\r\n\t\t\t\t\t\r\n\t\t\t\t\tresponsive: true,\r\n\t\t\t\t\twidth: \"100%\",scroll: 1,\r\n\t\t\t\t\tauto: false,\r\n\t\t\t\t\tprev: \"#ic_j0msak4hc1qljrt6dk3o .ic_left\",\r\n\t\t\t\t\tnext: \"#ic_j0msak4hc1qljrt6dk3o .ic_right\",\r\n\t\t\t\t\tpagination: \"#ic_j0msak4hc1qljrt6dk3o_pager\",\r\n\t\t\t\t\theight : \"variable\",\r\n\t\t\t\t\tswipe       : {\r\n             \t\t   onTouch     : true,\r\n\t\t               onMouse     : false\r\n        \t\t    },\r\n\t\t\t\t\titems: {\r\n\t\t\t\t\theight : \"variable\",\r\n\t\t\t\t\t\tvisible: {\r\n\t\t\t\t\t\t\tmin: 1,\r\n\t\t\t\t\t\t\tmax: 1\r\n\t\t\t\t\t\t}\r\n\t\t\t\t\t}\r\n\t\t\t\t});\r\n\t\t\t\t});\r\n\t\t\t\t});\r\n\t<\/script><div class=\"rd_img_carousel_ctn  \" id=\"ic_j0msak4hc1qljrt6dk3o\"><div class=\"rd_img_carousel\"><img loading=\"lazy\" decoding=\"async\" width=\"570\" height=\"441\" src=\"https:\/\/estheticbcn.com\/wp-content\/uploads\/Tratamiento_Esthetic_BCN_Cooltech.jpg\" class=\"attachment-full\" alt=\"\" title=\"Tratamiento_Esthetic_BCN_Cooltech\" srcset=\"https:\/\/estheticbcn.com\/wp-content\/uploads\/Tratamiento_Esthetic_BCN_Cooltech.jpg 570w, https:\/\/estheticbcn.com\/wp-content\/uploads\/Tratamiento_Esthetic_BCN_Cooltech-300x232.jpg 300w\" sizes=\"auto, (max-width: 570px) 100vw, 570px\" \/><\/div><\/div>[\/vc_column][vc_column width=&#8221;1\/2&#8243;][vc_custom_heading text=&#8221;COOLTECH&#8221; font_container=&#8221;tag:h2|font_size:30|text_align:left|color:%236f7072|line_height:35px&#8221; use_theme_fonts=&#8221;yes&#8221;][vc_row_inner][vc_column_inner][vc_column_text css=&#8221;&#8221; font_size=&#8221;14&#8243; line_height=&#8221;16px&#8221;]Clatuu Alpha \u00e9s una tecnologia de refredament controlar que permet eliminar del 25-30% de les c\u00e8l\u00b7lules adiposes de la zona tractada.<\/p>\n<p><strong>Anest\u00e8sia:<\/strong><br \/>\n&#8211; No es requereix<br \/>\n<strong> Duraci\u00f3 de la sessi\u00f3:<\/strong><br \/>\n&#8211; 60 minuts<br \/>\n<strong>Nombre de sessions:<\/strong><br \/>\n&#8211; De 1 a 3 aproximadament<br \/>\n<strong> Recuperaci\u00f3:<\/strong><br \/>\n&#8211; Incorporaci\u00f3 immediata a la vida habitual.[\/vc_column_text][\/vc_column_inner][\/vc_row_inner][\/vc_column][\/vc_row]<\/p>\n<\/div>","protected":false},"excerpt":{"rendered":"<p>[vc_row][vc_column width=&#8221;1\/2&#8243; css=&#8221;.vc_custom_1447609311683{padding-bottom: 40px !important;}&#8221;][\/vc_column][vc_column width=&#8221;1\/2&#8243;][vc_custom_heading text=&#8221;COOLTECH&#8221; font_container=&#8221;tag:h2|font_size:30|text_align:left|color:%236f7072|line_height:35px&#8221; use_theme_fonts=&#8221;yes&#8221;][vc_row_inner][vc_column_inner][vc_column_text css=&#8221;&#8221; font_size=&#8221;14&#8243; line_height=&#8221;16px&#8221;]Clatuu Alpha \u00e9s una tecnologia de refredament controlar que permet eliminar del 25-30% de les c\u00e8l\u00b7lules adiposes de la zona tractada. Anest\u00e8sia: &#8211; No es requereix Duraci\u00f3 de la sessi\u00f3: &#8211; 60 minuts Nombre de sessions: &#8211; De 1 a 3 aproximadament Recuperaci\u00f3: &#8211;&#8230;<a class=\"more-link\" href=\"https:\/\/estheticbcn.com\/ca\/criolipolisis\/\">Llegir m\u00e9s<\/a><\/p>\n","protected":false},"author":4,"featured_media":0,"parent":0,"menu_order":350,"comment_status":"closed","ping_status":"closed","template":"","meta":{"footnotes":""},"class_list":["post-9633","page","type-page","status-publish","hentry"],"yoast_head":"<!-- This site is optimized with the Yoast SEO plugin v26.0 - https:\/\/yoast.com\/wordpress\/plugins\/seo\/ -->\n<title>Criolipolisis - Esthetic BCN<\/title>\n<meta name=\"robots\" content=\"index, follow, max-snippet:-1, max-image-preview:large, max-video-preview:-1\" \/>\n<link rel=\"canonical\" href=\"https:\/\/estheticbcn.com\/ca\/criolipolisis\/\" \/>\n<meta property=\"og:locale\" content=\"ca_ES\" \/>\n<meta property=\"og:type\" content=\"article\" \/>\n<meta property=\"og:title\" content=\"Criolipolisis - Esthetic BCN\" \/>\n<meta property=\"og:description\" content=\"[vc_row][vc_column width=&#8221;1\/2&#8243; css=&#8221;.vc_custom_1447609311683{padding-bottom: 40px !important;}&#8221;][\/vc_column][vc_column width=&#8221;1\/2&#8243;][vc_custom_heading text=&#8221;COOLTECH&#8221; font_container=&#8221;tag:h2|font_size:30|text_align:left|color:%236f7072|line_height:35px&#8221; use_theme_fonts=&#8221;yes&#8221;][vc_row_inner][vc_column_inner][vc_column_text css=&#8221;&#8221; font_size=&#8221;14&#8243; line_height=&#8221;16px&#8221;]Clatuu Alpha \u00e9s una tecnologia de refredament controlar que permet eliminar del 25-30% de les c\u00e8l\u00b7lules adiposes de la zona tractada. Anest\u00e8sia: &#8211; No es requereix Duraci\u00f3 de la sessi\u00f3: &#8211; 60 minuts Nombre de sessions: &#8211; De 1 a 3 aproximadament Recuperaci\u00f3: &#8211;...Llegir m\u00e9s\" \/>\n<meta property=\"og:url\" content=\"https:\/\/estheticbcn.com\/ca\/criolipolisis\/\" \/>\n<meta property=\"og:site_name\" content=\"Esthetic BCN\" \/>\n<meta property=\"article:modified_time\" content=\"2025-12-23T13:29:03+00:00\" \/>\n<meta name=\"twitter:card\" content=\"summary_large_image\" \/>\n<meta name=\"twitter:label1\" content=\"Temps estimat de lectura\" \/>\n\t<meta name=\"twitter:data1\" content=\"1 minut\" \/>\n<script type=\"application\/ld+json\" class=\"yoast-schema-graph\">{\"@context\":\"https:\/\/schema.org\",\"@graph\":[{\"@type\":\"WebPage\",\"@id\":\"https:\/\/estheticbcn.com\/ca\/criolipolisis\/\",\"url\":\"https:\/\/estheticbcn.com\/ca\/criolipolisis\/\",\"name\":\"Criolipolisis - Esthetic BCN\",\"isPartOf\":{\"@id\":\"https:\/\/estheticbcn.com\/#website\"},\"datePublished\":\"2018-05-15T09:38:53+00:00\",\"dateModified\":\"2025-12-23T13:29:03+00:00\",\"inLanguage\":\"ca\",\"potentialAction\":[{\"@type\":\"ReadAction\",\"target\":[\"https:\/\/estheticbcn.com\/ca\/criolipolisis\/\"]}]},{\"@type\":\"WebSite\",\"@id\":\"https:\/\/estheticbcn.com\/#website\",\"url\":\"https:\/\/estheticbcn.com\/\",\"name\":\"Esthetic BCN\",\"description\":\"Otro sitio realizado con WordPress\",\"potentialAction\":[{\"@type\":\"SearchAction\",\"target\":{\"@type\":\"EntryPoint\",\"urlTemplate\":\"https:\/\/estheticbcn.com\/?s={search_term_string}\"},\"query-input\":{\"@type\":\"PropertyValueSpecification\",\"valueRequired\":true,\"valueName\":\"search_term_string\"}}],\"inLanguage\":\"ca\"}]}<\/script>\n<!-- \/ Yoast SEO plugin. -->","yoast_head_json":{"title":"Criolipolisis - Esthetic BCN","robots":{"index":"index","follow":"follow","max-snippet":"max-snippet:-1","max-image-preview":"max-image-preview:large","max-video-preview":"max-video-preview:-1"},"canonical":"https:\/\/estheticbcn.com\/ca\/criolipolisis\/","og_locale":"ca_ES","og_type":"article","og_title":"Criolipolisis - Esthetic BCN","og_description":"[vc_row][vc_column width=&#8221;1\/2&#8243; css=&#8221;.vc_custom_1447609311683{padding-bottom: 40px !important;}&#8221;][\/vc_column][vc_column width=&#8221;1\/2&#8243;][vc_custom_heading text=&#8221;COOLTECH&#8221; font_container=&#8221;tag:h2|font_size:30|text_align:left|color:%236f7072|line_height:35px&#8221; use_theme_fonts=&#8221;yes&#8221;][vc_row_inner][vc_column_inner][vc_column_text css=&#8221;&#8221; font_size=&#8221;14&#8243; line_height=&#8221;16px&#8221;]Clatuu Alpha \u00e9s una tecnologia de refredament controlar que permet eliminar del 25-30% de les c\u00e8l\u00b7lules adiposes de la zona tractada. Anest\u00e8sia: &#8211; No es requereix Duraci\u00f3 de la sessi\u00f3: &#8211; 60 minuts Nombre de sessions: &#8211; De 1 a 3 aproximadament Recuperaci\u00f3: &#8211;...Llegir m\u00e9s","og_url":"https:\/\/estheticbcn.com\/ca\/criolipolisis\/","og_site_name":"Esthetic BCN","article_modified_time":"2025-12-23T13:29:03+00:00","twitter_card":"summary_large_image","twitter_misc":{"Temps estimat de lectura":"1 minut"},"schema":{"@context":"https:\/\/schema.org","@graph":[{"@type":"WebPage","@id":"https:\/\/estheticbcn.com\/ca\/criolipolisis\/","url":"https:\/\/estheticbcn.com\/ca\/criolipolisis\/","name":"Criolipolisis - Esthetic BCN","isPartOf":{"@id":"https:\/\/estheticbcn.com\/#website"},"datePublished":"2018-05-15T09:38:53+00:00","dateModified":"2025-12-23T13:29:03+00:00","inLanguage":"ca","potentialAction":[{"@type":"ReadAction","target":["https:\/\/estheticbcn.com\/ca\/criolipolisis\/"]}]},{"@type":"WebSite","@id":"https:\/\/estheticbcn.com\/#website","url":"https:\/\/estheticbcn.com\/","name":"Esthetic BCN","description":"Otro sitio realizado con WordPress","potentialAction":[{"@type":"SearchAction","target":{"@type":"EntryPoint","urlTemplate":"https:\/\/estheticbcn.com\/?s={search_term_string}"},"query-input":{"@type":"PropertyValueSpecification","valueRequired":true,"valueName":"search_term_string"}}],"inLanguage":"ca"}]}},"_links":{"self":[{"href":"https:\/\/estheticbcn.com\/ca\/wp-json\/wp\/v2\/pages\/9633","targetHints":{"allow":["GET"]}}],"collection":[{"href":"https:\/\/estheticbcn.com\/ca\/wp-json\/wp\/v2\/pages"}],"about":[{"href":"https:\/\/estheticbcn.com\/ca\/wp-json\/wp\/v2\/types\/page"}],"author":[{"embeddable":true,"href":"https:\/\/estheticbcn.com\/ca\/wp-json\/wp\/v2\/users\/4"}],"replies":[{"embeddable":true,"href":"https:\/\/estheticbcn.com\/ca\/wp-json\/wp\/v2\/comments?post=9633"}],"version-history":[{"count":0,"href":"https:\/\/estheticbcn.com\/ca\/wp-json\/wp\/v2\/pages\/9633\/revisions"}],"wp:attachment":[{"href":"https:\/\/estheticbcn.com\/ca\/wp-json\/wp\/v2\/media?parent=9633"}],"curies":[{"name":"wp","href":"https:\/\/api.w.org\/{rel}","templated":true}]}}