{"id":9317,"date":"2016-10-11T09:25:45","date_gmt":"2016-10-11T09:25:45","guid":{"rendered":"https:\/\/estheticbcn.com\/ca\/?page_id=9317"},"modified":"2019-01-17T13:03:22","modified_gmt":"2019-01-17T13:03:22","slug":"coach-en-salut","status":"publish","type":"page","link":"https:\/\/estheticbcn.com\/ca\/coach-en-salut\/","title":{"rendered":"Coach en salut i bellesa"},"content":{"rendered":"<div class=\"wpb-content-wrapper\"><p>[vc_row][vc_column width=&#8221;1\/2&#8243; css=&#8221;.vc_custom_1447608998902{padding-bottom: 40px !important;}&#8221;]<style type=\"text\/css\" >#ic_fivqxkq9cspobu4h4d47 {margin:0px auto 0px; }#ic_fivqxkq9cspobu4h4d47 .ic_left,#ic_fivqxkq9cspobu4h4d47 .ic_right,#ic_fivqxkq9cspobu4h4d47 .ic_left:after,#ic_fivqxkq9cspobu4h4d47 .ic_right:after{border-color:#9b9c9e; background:#ffffff; color:#9b9c9e; }#ic_fivqxkq9cspobu4h4d47 .ic_left:hover,#ic_fivqxkq9cspobu4h4d47 .ic_right:hover,#ic_fivqxkq9cspobu4h4d47 .ic_left:hover:after,#ic_fivqxkq9cspobu4h4d47 .ic_right:hover:after{background:transparent; color:#6f7072; }#ic_fivqxkq9cspobu4h4d47 .rd_ic_pager a{border-color:#9b9c9e; background:#ffffff; color:#9b9c9e; }#ic_fivqxkq9cspobu4h4d47 .rd_ic_pager a:hover{border-color:#eab7a9; background:#eab7a9; color:#ffffff; }<\/style><script type=\"text\/javascript\" charset=\"utf-8\">\r\n\t\t\t\t\r\n\t\tjQuery.noConflict();\r\n\t\/\/setup up Carousel\r\n\t\tjQuery(document).ready(function($) {\t\r\n\t\t\t\r\n\t\t\"use strict\";\r\n\t\t\r\n\t\t\t$(window).load(function(){\r\n\t\t$(\"#ic_fivqxkq9cspobu4h4d47 .rd_img_carousel\").carouFredSel({\r\n\t\t\t\t\t\r\n\t\t\t\t\tresponsive: true,\r\n\t\t\t\t\twidth: \"100%\",scroll: 1,\r\n\t\t\t\t\tauto: false,\r\n\t\t\t\t\tprev: \"#ic_fivqxkq9cspobu4h4d47 .ic_left\",\r\n\t\t\t\t\tnext: \"#ic_fivqxkq9cspobu4h4d47 .ic_right\",\r\n\t\t\t\t\tpagination: \"#ic_fivqxkq9cspobu4h4d47_pager\",\r\n\t\t\t\t\theight : \"variable\",\r\n\t\t\t\t\tswipe       : {\r\n             \t\t   onTouch     : true,\r\n\t\t               onMouse     : false\r\n        \t\t    },\r\n\t\t\t\t\titems: {\r\n\t\t\t\t\theight : \"variable\",\r\n\t\t\t\t\t\tvisible: {\r\n\t\t\t\t\t\t\tmin: 1,\r\n\t\t\t\t\t\t\tmax: 1\r\n\t\t\t\t\t\t}\r\n\t\t\t\t\t}\r\n\t\t\t\t});\r\n\t\t\t\t});\r\n\t\t\t\t});\r\n\t<\/script><div class=\"rd_img_carousel_ctn  \" id=\"ic_fivqxkq9cspobu4h4d47\"><div class=\"rd_img_carousel\"><a href=\"https:\/\/estheticbcn.com\/wp-content\/uploads\/foto_estheticbcn_coach_salud.jpg\"  rel=\"prettyPhoto[rel-fivqxkq9cspobu4h4d47]\" ><img loading=\"lazy\" decoding=\"async\" width=\"570\" height=\"441\" src=\"https:\/\/estheticbcn.com\/wp-content\/uploads\/foto_estheticbcn_coach_salud.jpg\" class=\"attachment-full\" alt=\"\" title=\"foto_estheticbcn_coach_salud\" srcset=\"https:\/\/estheticbcn.com\/wp-content\/uploads\/foto_estheticbcn_coach_salud.jpg 570w, https:\/\/estheticbcn.com\/wp-content\/uploads\/foto_estheticbcn_coach_salud-300x232.jpg 300w\" sizes=\"auto, (max-width: 570px) 100vw, 570px\" \/><\/a><\/div><\/div>[\/vc_column][vc_column width=&#8221;1\/2&#8243;][vc_custom_heading text=&#8221;Coach en salut&#8221; font_container=&#8221;tag:h2|font_size:30|text_align:left|color:%236f7072|line_height:35px&#8221; use_theme_fonts=&#8221;yes&#8221;][vc_row_inner][vc_column_inner][vc_column_text font_size=&#8221;14&#8243; line_height=&#8221;16px&#8221;]El nostre dia a dia est\u00e0 ple de petits moments o h\u00e0bits que reconeixem com no saludables, picar entre hores, fumar, no fer exercici entre d\u2019 altres i que s\u2019omplen d\u2019un \u2018dem\u00e0 ho deixo\u2019 o \u2018dem\u00e0 comen\u00e7o\u2019 sense que trobem la manera de materialitzar aquest \u2018dem\u00e0\u00b4<\/p>\n<p>El\u00a0<strong>Coach en salut i bellesa<\/strong>, \u00a0ajuda a avaluar la situaci\u00f3 de salut de cada persona proporcionant informaci\u00f3 sobre els riscos i opcions, aix\u00ed com una mirada global i coordinada de la pell i la seva cura. El treball posterior \u00e9s conjunt entre la persona i el coach per dissenyar un cam\u00ed de consecuci\u00f3 de la millora de la salut. El coach ajuda a auto conscienciar-se i auto motivar-se al canvi.<\/p>\n<p>El Coach pot ajudar a qualsevol persona que s\u2019involucri i tingui voluntat de canvi d\u2019una situaci\u00f3, ja que ajuda a descobrir a l\u2019interior de cadascun les opcions possibles i aix\u00ed passar del pensament a l\u2019acci\u00f3.<\/p>\n<p>Es tractaria d\u2019una forma de medicina preventiva donat que canviant h\u00e0bits es redueixen possibles malalties com a cardiopatia isqu\u00e9mica, certs tipus de c\u00e0ncer o demencia i amb la que es pot retardar l\u2019envelliment<\/p>\n<p>El nostre objectiu \u00e9s que la <strong><a href=\"https:\/\/estheticbcn.com\/ca\/equipo\/dra-marta-pons\">Dra. Pons<\/a><\/strong> com Coach en Esthetic BCN pugui acompanyar i ajudar a tot pacient que vulgui aconseguir el canvi que ha intentat per ell mateix en nombroses ocasions sense arribar a aconseguir l\u2019objectiu i aconselli sobre els tractaments est\u00e8tics que de manera global, poden retardar l\u2019envelliment.[\/vc_column_text][\/vc_column_inner][\/vc_row_inner][\/vc_column][\/vc_row]<\/p>\n<\/div>","protected":false},"excerpt":{"rendered":"<p>[vc_row][vc_column width=&#8221;1\/2&#8243; css=&#8221;.vc_custom_1447608998902{padding-bottom: 40px !important;}&#8221;][\/vc_column][vc_column width=&#8221;1\/2&#8243;][vc_custom_heading text=&#8221;Coach en salut&#8221; font_container=&#8221;tag:h2|font_size:30|text_align:left|color:%236f7072|line_height:35px&#8221; use_theme_fonts=&#8221;yes&#8221;][vc_row_inner][vc_column_inner][vc_column_text font_size=&#8221;14&#8243; line_height=&#8221;16px&#8221;]El nostre dia a dia est\u00e0 ple de petits moments o h\u00e0bits que reconeixem com no saludables, picar entre hores, fumar, no fer exercici entre d\u2019 altres i que s\u2019omplen d\u2019un \u2018dem\u00e0 ho deixo\u2019 o \u2018dem\u00e0 comen\u00e7o\u2019 sense que trobem la manera de&#8230;<a class=\"more-link\" href=\"https:\/\/estheticbcn.com\/ca\/coach-en-salut\/\">Llegir m\u00e9s<\/a><\/p>\n","protected":false},"author":4,"featured_media":0,"parent":0,"menu_order":368,"comment_status":"closed","ping_status":"closed","template":"","meta":{"footnotes":""},"class_list":["post-9317","page","type-page","status-publish","hentry"],"yoast_head":"<!-- This site is optimized with the Yoast SEO plugin v26.0 - https:\/\/yoast.com\/wordpress\/plugins\/seo\/ -->\n<title>Coach en salut i bellesa - Esthetic BCN<\/title>\n<meta name=\"robots\" content=\"index, follow, max-snippet:-1, max-image-preview:large, max-video-preview:-1\" \/>\n<link rel=\"canonical\" href=\"https:\/\/estheticbcn.com\/ca\/coach-en-salut\/\" \/>\n<meta property=\"og:locale\" content=\"ca_ES\" \/>\n<meta property=\"og:type\" content=\"article\" \/>\n<meta property=\"og:title\" content=\"Coach en salut i bellesa - Esthetic BCN\" \/>\n<meta property=\"og:description\" content=\"[vc_row][vc_column width=&#8221;1\/2&#8243; css=&#8221;.vc_custom_1447608998902{padding-bottom: 40px !important;}&#8221;][\/vc_column][vc_column width=&#8221;1\/2&#8243;][vc_custom_heading text=&#8221;Coach en salut&#8221; font_container=&#8221;tag:h2|font_size:30|text_align:left|color:%236f7072|line_height:35px&#8221; use_theme_fonts=&#8221;yes&#8221;][vc_row_inner][vc_column_inner][vc_column_text font_size=&#8221;14&#8243; line_height=&#8221;16px&#8221;]El nostre dia a dia est\u00e0 ple de petits moments o h\u00e0bits que reconeixem com no saludables, picar entre hores, fumar, no fer exercici entre d\u2019 altres i que s\u2019omplen d\u2019un \u2018dem\u00e0 ho deixo\u2019 o \u2018dem\u00e0 comen\u00e7o\u2019 sense que trobem la manera de...Llegir m\u00e9s\" \/>\n<meta property=\"og:url\" content=\"https:\/\/estheticbcn.com\/ca\/coach-en-salut\/\" \/>\n<meta property=\"og:site_name\" content=\"Esthetic BCN\" \/>\n<meta property=\"article:modified_time\" content=\"2019-01-17T13:03:22+00:00\" \/>\n<meta name=\"twitter:card\" content=\"summary_large_image\" \/>\n<meta name=\"twitter:label1\" content=\"Temps estimat de lectura\" \/>\n\t<meta name=\"twitter:data1\" content=\"2 minuts\" \/>\n<script type=\"application\/ld+json\" class=\"yoast-schema-graph\">{\"@context\":\"https:\/\/schema.org\",\"@graph\":[{\"@type\":\"WebPage\",\"@id\":\"https:\/\/estheticbcn.com\/ca\/coach-en-salut\/\",\"url\":\"https:\/\/estheticbcn.com\/ca\/coach-en-salut\/\",\"name\":\"Coach en salut i bellesa - Esthetic BCN\",\"isPartOf\":{\"@id\":\"https:\/\/estheticbcn.com\/#website\"},\"datePublished\":\"2016-10-11T09:25:45+00:00\",\"dateModified\":\"2019-01-17T13:03:22+00:00\",\"inLanguage\":\"ca\",\"potentialAction\":[{\"@type\":\"ReadAction\",\"target\":[\"https:\/\/estheticbcn.com\/ca\/coach-en-salut\/\"]}]},{\"@type\":\"WebSite\",\"@id\":\"https:\/\/estheticbcn.com\/#website\",\"url\":\"https:\/\/estheticbcn.com\/\",\"name\":\"Esthetic BCN\",\"description\":\"Otro sitio realizado con WordPress\",\"potentialAction\":[{\"@type\":\"SearchAction\",\"target\":{\"@type\":\"EntryPoint\",\"urlTemplate\":\"https:\/\/estheticbcn.com\/?s={search_term_string}\"},\"query-input\":{\"@type\":\"PropertyValueSpecification\",\"valueRequired\":true,\"valueName\":\"search_term_string\"}}],\"inLanguage\":\"ca\"}]}<\/script>\n<!-- \/ Yoast SEO plugin. -->","yoast_head_json":{"title":"Coach en salut i bellesa - Esthetic BCN","robots":{"index":"index","follow":"follow","max-snippet":"max-snippet:-1","max-image-preview":"max-image-preview:large","max-video-preview":"max-video-preview:-1"},"canonical":"https:\/\/estheticbcn.com\/ca\/coach-en-salut\/","og_locale":"ca_ES","og_type":"article","og_title":"Coach en salut i bellesa - Esthetic BCN","og_description":"[vc_row][vc_column width=&#8221;1\/2&#8243; css=&#8221;.vc_custom_1447608998902{padding-bottom: 40px !important;}&#8221;][\/vc_column][vc_column width=&#8221;1\/2&#8243;][vc_custom_heading text=&#8221;Coach en salut&#8221; font_container=&#8221;tag:h2|font_size:30|text_align:left|color:%236f7072|line_height:35px&#8221; use_theme_fonts=&#8221;yes&#8221;][vc_row_inner][vc_column_inner][vc_column_text font_size=&#8221;14&#8243; line_height=&#8221;16px&#8221;]El nostre dia a dia est\u00e0 ple de petits moments o h\u00e0bits que reconeixem com no saludables, picar entre hores, fumar, no fer exercici entre d\u2019 altres i que s\u2019omplen d\u2019un \u2018dem\u00e0 ho deixo\u2019 o \u2018dem\u00e0 comen\u00e7o\u2019 sense que trobem la manera de...Llegir m\u00e9s","og_url":"https:\/\/estheticbcn.com\/ca\/coach-en-salut\/","og_site_name":"Esthetic BCN","article_modified_time":"2019-01-17T13:03:22+00:00","twitter_card":"summary_large_image","twitter_misc":{"Temps estimat de lectura":"2 minuts"},"schema":{"@context":"https:\/\/schema.org","@graph":[{"@type":"WebPage","@id":"https:\/\/estheticbcn.com\/ca\/coach-en-salut\/","url":"https:\/\/estheticbcn.com\/ca\/coach-en-salut\/","name":"Coach en salut i bellesa - Esthetic BCN","isPartOf":{"@id":"https:\/\/estheticbcn.com\/#website"},"datePublished":"2016-10-11T09:25:45+00:00","dateModified":"2019-01-17T13:03:22+00:00","inLanguage":"ca","potentialAction":[{"@type":"ReadAction","target":["https:\/\/estheticbcn.com\/ca\/coach-en-salut\/"]}]},{"@type":"WebSite","@id":"https:\/\/estheticbcn.com\/#website","url":"https:\/\/estheticbcn.com\/","name":"Esthetic BCN","description":"Otro sitio realizado con WordPress","potentialAction":[{"@type":"SearchAction","target":{"@type":"EntryPoint","urlTemplate":"https:\/\/estheticbcn.com\/?s={search_term_string}"},"query-input":{"@type":"PropertyValueSpecification","valueRequired":true,"valueName":"search_term_string"}}],"inLanguage":"ca"}]}},"_links":{"self":[{"href":"https:\/\/estheticbcn.com\/ca\/wp-json\/wp\/v2\/pages\/9317","targetHints":{"allow":["GET"]}}],"collection":[{"href":"https:\/\/estheticbcn.com\/ca\/wp-json\/wp\/v2\/pages"}],"about":[{"href":"https:\/\/estheticbcn.com\/ca\/wp-json\/wp\/v2\/types\/page"}],"author":[{"embeddable":true,"href":"https:\/\/estheticbcn.com\/ca\/wp-json\/wp\/v2\/users\/4"}],"replies":[{"embeddable":true,"href":"https:\/\/estheticbcn.com\/ca\/wp-json\/wp\/v2\/comments?post=9317"}],"version-history":[{"count":0,"href":"https:\/\/estheticbcn.com\/ca\/wp-json\/wp\/v2\/pages\/9317\/revisions"}],"wp:attachment":[{"href":"https:\/\/estheticbcn.com\/ca\/wp-json\/wp\/v2\/media?parent=9317"}],"curies":[{"name":"wp","href":"https:\/\/api.w.org\/{rel}","templated":true}]}}