{"id":9087,"date":"2015-11-07T19:24:20","date_gmt":"2015-11-07T19:24:20","guid":{"rendered":"https:\/\/estheticbcn.com\/ca\/aviso-legal"},"modified":"2016-01-25T14:33:36","modified_gmt":"2016-01-25T14:33:36","slug":"avis-legal","status":"publish","type":"page","link":"https:\/\/estheticbcn.com\/ca\/avis-legal\/","title":{"rendered":"Av\u00eds legal"},"content":{"rendered":"<div class=\"wpb-content-wrapper\"><p>[vc_row][vc_column][vc_column_text]En compliment del disposat en l\u2019article 5 de la Llei Org\u00e0nica 15\/1999 de Protecci\u00f3 de Dades de Car\u00e0cter Personal, li informem que les dades dels usuaris seran incorporats a un fitxer denominat USUARIS WEB I BLOG del que \u00e9s responsable ENDOMAX MEDICAL S.L.P ( des d\u2019ara ENDOMAX MEDICAL)<\/p>\n<p>Aquestes dades de car\u00e0cter personal s\u00f3n recollides per tal d\u2019oferir-li i prestar-li els nostres serveis, aix\u00ed com per a informar-li de noves ofertes, productes i serveis, realitzar estudis i con\u00e8ixer la seva opini\u00f3 i , tot aix\u00f2 tant pels mitjans tradicional com electr\u00f2nics (tel\u00e8fon, e-mail, SMS, etc). Per la present, vost\u00e8 consent expressament en el tractament d\u2019aquestes dades personals amb les finalitats indicades.<\/p>\n<p>ENDOMAX MEDIAL t\u00e9 implantades les mesures d\u2019\u00edndole t\u00e8cnica i organitzatives necess\u00e0ries per tal de garantir la seguretat, confidencialitat i integritat de les dades de car\u00e0cter personal que tracta.<\/p>\n<p>Les seves dades no seran cedides a tercers sense que consti expressament el seu consentiment, excepte aquells sup\u00f2sits legalment establerts. Igualment, les seves dades no es destinaran a finalitats diferents d\u2019aquelles per les que s\u2019han demanat.<\/p>\n<p>Pot executar gratu\u00eftament els drets d\u2019oposici\u00f3, acc\u00e9s a la informaci\u00f3, rectificaci\u00f3, cancel\u00b7laci\u00f3 de les seves dades i revocaci\u00f3 de la seva autoritzaci\u00f3 sense efectes retroactius. Aquests drets podran ser exercitats dirigint comunicaci\u00f3 per escrit a la seg\u00fcent adre\u00e7a: Avda. J. V. Foix 62, baix. 08034 Barcelona o enviant un correu electr\u00f2nic a <a href=\"mailto:endomaxmedical@gmail.com\">endomaxmedical@gmail.com<\/a>, indicant, en qualsevol cas la refer\u00e8ncia \u201cDADES PERSONALS\u201d i la seva identificaci\u00f3[\/vc_column_text][\/vc_column][\/vc_row]<\/p>\n<\/div>","protected":false},"excerpt":{"rendered":"<p>[vc_row][vc_column][vc_column_text]En compliment del disposat en l\u2019article 5 de la Llei Org\u00e0nica 15\/1999 de Protecci\u00f3 de Dades de Car\u00e0cter Personal, li informem que les dades dels usuaris seran incorporats a un fitxer denominat USUARIS WEB I BLOG del que \u00e9s responsable ENDOMAX MEDICAL S.L.P ( des d\u2019ara ENDOMAX MEDICAL) Aquestes dades de car\u00e0cter personal s\u00f3n recollides&#8230;<a class=\"more-link\" href=\"https:\/\/estheticbcn.com\/ca\/avis-legal\/\">Llegir m\u00e9s<\/a><\/p>\n","protected":false},"author":4,"featured_media":0,"parent":0,"menu_order":8,"comment_status":"closed","ping_status":"closed","template":"","meta":{"footnotes":""},"class_list":["post-9087","page","type-page","status-publish","hentry"],"yoast_head":"<!-- This site is optimized with the Yoast SEO plugin v26.0 - https:\/\/yoast.com\/wordpress\/plugins\/seo\/ -->\n<title>Av\u00eds legal - Esthetic BCN<\/title>\n<meta name=\"robots\" content=\"index, follow, max-snippet:-1, max-image-preview:large, max-video-preview:-1\" \/>\n<link rel=\"canonical\" href=\"https:\/\/estheticbcn.com\/ca\/avis-legal\/\" \/>\n<meta property=\"og:locale\" content=\"ca_ES\" \/>\n<meta property=\"og:type\" content=\"article\" \/>\n<meta property=\"og:title\" content=\"Av\u00eds legal - Esthetic BCN\" \/>\n<meta property=\"og:description\" content=\"[vc_row][vc_column][vc_column_text]En compliment del disposat en l\u2019article 5 de la Llei Org\u00e0nica 15\/1999 de Protecci\u00f3 de Dades de Car\u00e0cter Personal, li informem que les dades dels usuaris seran incorporats a un fitxer denominat USUARIS WEB I BLOG del que \u00e9s responsable ENDOMAX MEDICAL S.L.P ( des d\u2019ara ENDOMAX MEDICAL) Aquestes dades de car\u00e0cter personal s\u00f3n recollides...Llegir m\u00e9s\" \/>\n<meta property=\"og:url\" content=\"https:\/\/estheticbcn.com\/ca\/avis-legal\/\" \/>\n<meta property=\"og:site_name\" content=\"Esthetic BCN\" \/>\n<meta property=\"article:modified_time\" content=\"2016-01-25T14:33:36+00:00\" \/>\n<meta name=\"twitter:card\" content=\"summary_large_image\" \/>\n<meta name=\"twitter:label1\" content=\"Temps estimat de lectura\" \/>\n\t<meta name=\"twitter:data1\" content=\"1 minut\" \/>\n<script type=\"application\/ld+json\" class=\"yoast-schema-graph\">{\"@context\":\"https:\/\/schema.org\",\"@graph\":[{\"@type\":\"WebPage\",\"@id\":\"https:\/\/estheticbcn.com\/ca\/avis-legal\/\",\"url\":\"https:\/\/estheticbcn.com\/ca\/avis-legal\/\",\"name\":\"Av\u00eds legal - Esthetic BCN\",\"isPartOf\":{\"@id\":\"https:\/\/estheticbcn.com\/#website\"},\"datePublished\":\"2015-11-07T19:24:20+00:00\",\"dateModified\":\"2016-01-25T14:33:36+00:00\",\"inLanguage\":\"ca\",\"potentialAction\":[{\"@type\":\"ReadAction\",\"target\":[\"https:\/\/estheticbcn.com\/ca\/avis-legal\/\"]}]},{\"@type\":\"WebSite\",\"@id\":\"https:\/\/estheticbcn.com\/#website\",\"url\":\"https:\/\/estheticbcn.com\/\",\"name\":\"Esthetic BCN\",\"description\":\"Otro sitio realizado con WordPress\",\"potentialAction\":[{\"@type\":\"SearchAction\",\"target\":{\"@type\":\"EntryPoint\",\"urlTemplate\":\"https:\/\/estheticbcn.com\/?s={search_term_string}\"},\"query-input\":{\"@type\":\"PropertyValueSpecification\",\"valueRequired\":true,\"valueName\":\"search_term_string\"}}],\"inLanguage\":\"ca\"}]}<\/script>\n<!-- \/ Yoast SEO plugin. -->","yoast_head_json":{"title":"Av\u00eds legal - Esthetic BCN","robots":{"index":"index","follow":"follow","max-snippet":"max-snippet:-1","max-image-preview":"max-image-preview:large","max-video-preview":"max-video-preview:-1"},"canonical":"https:\/\/estheticbcn.com\/ca\/avis-legal\/","og_locale":"ca_ES","og_type":"article","og_title":"Av\u00eds legal - Esthetic BCN","og_description":"[vc_row][vc_column][vc_column_text]En compliment del disposat en l\u2019article 5 de la Llei Org\u00e0nica 15\/1999 de Protecci\u00f3 de Dades de Car\u00e0cter Personal, li informem que les dades dels usuaris seran incorporats a un fitxer denominat USUARIS WEB I BLOG del que \u00e9s responsable ENDOMAX MEDICAL S.L.P ( des d\u2019ara ENDOMAX MEDICAL) Aquestes dades de car\u00e0cter personal s\u00f3n recollides...Llegir m\u00e9s","og_url":"https:\/\/estheticbcn.com\/ca\/avis-legal\/","og_site_name":"Esthetic BCN","article_modified_time":"2016-01-25T14:33:36+00:00","twitter_card":"summary_large_image","twitter_misc":{"Temps estimat de lectura":"1 minut"},"schema":{"@context":"https:\/\/schema.org","@graph":[{"@type":"WebPage","@id":"https:\/\/estheticbcn.com\/ca\/avis-legal\/","url":"https:\/\/estheticbcn.com\/ca\/avis-legal\/","name":"Av\u00eds legal - Esthetic BCN","isPartOf":{"@id":"https:\/\/estheticbcn.com\/#website"},"datePublished":"2015-11-07T19:24:20+00:00","dateModified":"2016-01-25T14:33:36+00:00","inLanguage":"ca","potentialAction":[{"@type":"ReadAction","target":["https:\/\/estheticbcn.com\/ca\/avis-legal\/"]}]},{"@type":"WebSite","@id":"https:\/\/estheticbcn.com\/#website","url":"https:\/\/estheticbcn.com\/","name":"Esthetic BCN","description":"Otro sitio realizado con WordPress","potentialAction":[{"@type":"SearchAction","target":{"@type":"EntryPoint","urlTemplate":"https:\/\/estheticbcn.com\/?s={search_term_string}"},"query-input":{"@type":"PropertyValueSpecification","valueRequired":true,"valueName":"search_term_string"}}],"inLanguage":"ca"}]}},"_links":{"self":[{"href":"https:\/\/estheticbcn.com\/ca\/wp-json\/wp\/v2\/pages\/9087","targetHints":{"allow":["GET"]}}],"collection":[{"href":"https:\/\/estheticbcn.com\/ca\/wp-json\/wp\/v2\/pages"}],"about":[{"href":"https:\/\/estheticbcn.com\/ca\/wp-json\/wp\/v2\/types\/page"}],"author":[{"embeddable":true,"href":"https:\/\/estheticbcn.com\/ca\/wp-json\/wp\/v2\/users\/4"}],"replies":[{"embeddable":true,"href":"https:\/\/estheticbcn.com\/ca\/wp-json\/wp\/v2\/comments?post=9087"}],"version-history":[{"count":0,"href":"https:\/\/estheticbcn.com\/ca\/wp-json\/wp\/v2\/pages\/9087\/revisions"}],"wp:attachment":[{"href":"https:\/\/estheticbcn.com\/ca\/wp-json\/wp\/v2\/media?parent=9087"}],"curies":[{"name":"wp","href":"https:\/\/api.w.org\/{rel}","templated":true}]}}