{"id":9086,"date":"2015-11-07T19:28:43","date_gmt":"2015-11-07T19:28:43","guid":{"rendered":"https:\/\/estheticbcn.com\/ca\/politica-de-cookies"},"modified":"2016-02-12T09:19:49","modified_gmt":"2016-02-12T09:19:49","slug":"politica-de-cookies","status":"publish","type":"page","link":"https:\/\/estheticbcn.com\/ca\/politica-de-cookies\/","title":{"rendered":"Pol\u00edtica de cookies"},"content":{"rendered":"<div class=\"wpb-content-wrapper\"><p>[vc_row][vc_column][vc_column_text]En aquesta p\u00e0gina web s\u2019utilitzen tecnologies com cookies, p\u00edxels i sistemes d\u2019emmagatzemament local per a facilitar la navegaci\u00f3. A continuaci\u00f3 s\u2019explica el que \u00e9s una cookie, les cookies que utilitzem, els prop\u00f2sits pels que s\u2019utilitzen I les opcions disponibles per a controlar-les o eliminar-les.<\/p>\n<p><strong>Informaci\u00f3 general sobre les Cookies<\/strong><\/p>\n<p>Una cookie \u00e9s un petit fitxer que guarda configuracions d\u2019Internet. Es descarrega mitjan\u00e7ant el navegador durant la primera visita a una p\u00e0gina web. Les cookies permeten a les llocs web oferir serveis personalitzats (per exemple, recordar un inici de sessi\u00f3 o mostrar contingut rellevant).<\/p>\n<p><strong>Configuraci\u00f3 i esborrat de Cookies<\/strong><\/p>\n<p>Pot permetre, bloquejar o eliminar les cookies instal\u00b7lades en el seu equip mitjan\u00e7ant la configuraci\u00f3 de les opcions del seu navegador d\u2019internet. En el cas en que les bloquegi, es possible que certs serveis que necessiten el seu \u00fas no estiguin disponibles per a vost\u00e8.<\/p>\n<p>A continuaci\u00f3 li oferim els enlla\u00e7os en els que trobar\u00e0 la informaci\u00f3 sobre com pot activar les seves prefer\u00e8ncies en els principals navegadors.<\/p>\n<p>Google Chrome (<a href=\"https:\/\/support.google.com\/chrome\/answer\/95647?hl=es\">https:\/\/support.google.com\/chrome\/answer\/95647?hl=es<\/a>)<br \/>\nMozilla Firefox (<a href=\"http:\/\/support.mozilla.org\/es\/kb\/cookies-informacion-que-los-sitios-web-guardan-en-?redirectlocale=en-US&amp;redirectslug=Cookies\">http:\/\/support.mozilla.org\/es\/kb\/cookies-informacion-que-los-sitios-web-guardan-en-?redirectlocale=en-US&amp;redirectslug=Cookies<\/a>)<br \/>\nInternet Explorer (<a href=\"http:\/\/support.microsoft.com\/kb\/196955\/es\">http:\/\/support.microsoft.com\/kb\/196955\/es<\/a>)<br \/>\nSafari (<a href=\"http:\/\/support.apple.com\/kb\/HT1677?viewlocale=es_ES\">http:\/\/support.apple.com\/kb\/HT1677?viewlocale=es_ES<\/a>)<br \/>\nChrome para Android (<a href=\"https:\/\/support.google.com\/chrome\/answer\/2392971?hl=es\">https:\/\/support.google.com\/chrome\/answer\/2392971?hl=es<\/a>)<br \/>\nCookies Flash (<a href=\"http:\/\/www.macromedia.com\/support\/documentation\/es\/flashplayer\/help\/settings_manager07.html\">http:\/\/www.macromedia.com\/support\/documentation\/es\/flashplayer\/help\/settings_manager07.html<\/a>)<\/p>\n<p>Si desitja obtenir informaci\u00f3 m\u00e9s acurada sobre cookies pot utilitzar la funci\u00f3 \u201dAjuda\u201d del seu navegador o visitar <a href=\"http:\/\/www.aboutcookies.org\">www.aboutcookies.org<\/a>. Per a esborrar les cookies del seu dispositiu m\u00f2bil, haur\u00e0 de consultar el manual d\u2019instruccions del dispositiu.<\/p>\n<p><strong>Cookies que s\u2019utilitzen a la web<br \/>\n<\/strong><\/p>\n<p>Per tal d\u2019oferir-li una experi\u00e8ncia personalitzada, aquest lloc web utilitza cookies. Cada vegada que utilitza el lloc web, es transfereixen cookies o s\u2019accedeix a elles. Cap de les cookies utilitzades a la nostra p\u00e0gina web recopila informaci\u00f3 que identifiqui personalment l\u2019usuari.<br \/>\nLes cookies utilitzades s\u00f3n les seg\u00fcents:[\/vc_column_text][vc_column_text]<img loading=\"lazy\" decoding=\"async\" class=\"alignnone wp-image-9206 size-full\" src=\"https:\/\/estheticbcn.com\/wp-content\/uploads\/cuadro_cookies_esthetic_CAT.jpg\" alt=\"cuadro_cookies_esthetic_CAT\" width=\"1170\" height=\"402\" srcset=\"https:\/\/estheticbcn.com\/wp-content\/uploads\/cuadro_cookies_esthetic_CAT.jpg 1170w, https:\/\/estheticbcn.com\/wp-content\/uploads\/cuadro_cookies_esthetic_CAT-300x103.jpg 300w, https:\/\/estheticbcn.com\/wp-content\/uploads\/cuadro_cookies_esthetic_CAT-768x264.jpg 768w, https:\/\/estheticbcn.com\/wp-content\/uploads\/cuadro_cookies_esthetic_CAT-1024x352.jpg 1024w\" sizes=\"auto, (max-width: 1170px) 100vw, 1170px\" \/>[\/vc_column_text][vc_column_text]<strong>Acceptaci\u00f3 de les condicions d\u2019\u00fas<\/strong><\/p>\n<p>Al acceptar les condicions d\u2019\u00fas i al accedir i utilitzar el lloc conscient a utilitzar cookies. Tamb\u00e9 por consentir a que nosaltres utilitzem cookies segons la configuraci\u00f3 del seu navegador web.[\/vc_column_text][\/vc_column][\/vc_row]<\/p>\n<\/div>","protected":false},"excerpt":{"rendered":"<p>[vc_row][vc_column][vc_column_text]En aquesta p\u00e0gina web s\u2019utilitzen tecnologies com cookies, p\u00edxels i sistemes d\u2019emmagatzemament local per a facilitar la navegaci\u00f3. A continuaci\u00f3 s\u2019explica el que \u00e9s una cookie, les cookies que utilitzem, els prop\u00f2sits pels que s\u2019utilitzen I les opcions disponibles per a controlar-les o eliminar-les. Informaci\u00f3 general sobre les Cookies Una cookie \u00e9s un petit fitxer&#8230;<a class=\"more-link\" href=\"https:\/\/estheticbcn.com\/ca\/politica-de-cookies\/\">Llegir m\u00e9s<\/a><\/p>\n","protected":false},"author":4,"featured_media":0,"parent":0,"menu_order":10,"comment_status":"closed","ping_status":"closed","template":"","meta":{"footnotes":""},"class_list":["post-9086","page","type-page","status-publish","hentry"],"yoast_head":"<!-- This site is optimized with the Yoast SEO plugin v26.0 - https:\/\/yoast.com\/wordpress\/plugins\/seo\/ -->\n<title>Pol\u00edtica de cookies - Esthetic BCN<\/title>\n<meta name=\"robots\" content=\"index, follow, max-snippet:-1, max-image-preview:large, max-video-preview:-1\" \/>\n<link rel=\"canonical\" href=\"https:\/\/estheticbcn.com\/ca\/politica-de-cookies\/\" \/>\n<meta property=\"og:locale\" content=\"ca_ES\" \/>\n<meta property=\"og:type\" content=\"article\" \/>\n<meta property=\"og:title\" content=\"Pol\u00edtica de cookies - Esthetic BCN\" \/>\n<meta property=\"og:description\" content=\"[vc_row][vc_column][vc_column_text]En aquesta p\u00e0gina web s\u2019utilitzen tecnologies com cookies, p\u00edxels i sistemes d\u2019emmagatzemament local per a facilitar la navegaci\u00f3. A continuaci\u00f3 s\u2019explica el que \u00e9s una cookie, les cookies que utilitzem, els prop\u00f2sits pels que s\u2019utilitzen I les opcions disponibles per a controlar-les o eliminar-les. Informaci\u00f3 general sobre les Cookies Una cookie \u00e9s un petit fitxer...Llegir m\u00e9s\" \/>\n<meta property=\"og:url\" content=\"https:\/\/estheticbcn.com\/ca\/politica-de-cookies\/\" \/>\n<meta property=\"og:site_name\" content=\"Esthetic BCN\" \/>\n<meta property=\"article:modified_time\" content=\"2016-02-12T09:19:49+00:00\" \/>\n<meta property=\"og:image\" content=\"https:\/\/estheticbcn.com\/wp-content\/uploads\/cuadro_cookies_esthetic_CAT.jpg\" \/>\n\t<meta property=\"og:image:width\" content=\"1170\" \/>\n\t<meta property=\"og:image:height\" content=\"402\" \/>\n\t<meta property=\"og:image:type\" content=\"image\/jpeg\" \/>\n<meta name=\"twitter:card\" content=\"summary_large_image\" \/>\n<meta name=\"twitter:label1\" content=\"Temps estimat de lectura\" \/>\n\t<meta name=\"twitter:data1\" content=\"2 minuts\" \/>\n<script type=\"application\/ld+json\" class=\"yoast-schema-graph\">{\"@context\":\"https:\/\/schema.org\",\"@graph\":[{\"@type\":\"WebPage\",\"@id\":\"https:\/\/estheticbcn.com\/ca\/politica-de-cookies\/\",\"url\":\"https:\/\/estheticbcn.com\/ca\/politica-de-cookies\/\",\"name\":\"Pol\u00edtica de cookies - Esthetic BCN\",\"isPartOf\":{\"@id\":\"https:\/\/estheticbcn.com\/#website\"},\"primaryImageOfPage\":{\"@id\":\"https:\/\/estheticbcn.com\/ca\/politica-de-cookies\/#primaryimage\"},\"image\":{\"@id\":\"https:\/\/estheticbcn.com\/ca\/politica-de-cookies\/#primaryimage\"},\"thumbnailUrl\":\"https:\/\/estheticbcn.com\/wp-content\/uploads\/cuadro_cookies_esthetic_CAT.jpg\",\"datePublished\":\"2015-11-07T19:28:43+00:00\",\"dateModified\":\"2016-02-12T09:19:49+00:00\",\"inLanguage\":\"ca\",\"potentialAction\":[{\"@type\":\"ReadAction\",\"target\":[\"https:\/\/estheticbcn.com\/ca\/politica-de-cookies\/\"]}]},{\"@type\":\"ImageObject\",\"inLanguage\":\"ca\",\"@id\":\"https:\/\/estheticbcn.com\/ca\/politica-de-cookies\/#primaryimage\",\"url\":\"https:\/\/estheticbcn.com\/wp-content\/uploads\/cuadro_cookies_esthetic_CAT.jpg\",\"contentUrl\":\"https:\/\/estheticbcn.com\/wp-content\/uploads\/cuadro_cookies_esthetic_CAT.jpg\"},{\"@type\":\"WebSite\",\"@id\":\"https:\/\/estheticbcn.com\/#website\",\"url\":\"https:\/\/estheticbcn.com\/\",\"name\":\"Esthetic BCN\",\"description\":\"Otro sitio realizado con WordPress\",\"potentialAction\":[{\"@type\":\"SearchAction\",\"target\":{\"@type\":\"EntryPoint\",\"urlTemplate\":\"https:\/\/estheticbcn.com\/?s={search_term_string}\"},\"query-input\":{\"@type\":\"PropertyValueSpecification\",\"valueRequired\":true,\"valueName\":\"search_term_string\"}}],\"inLanguage\":\"ca\"}]}<\/script>\n<!-- \/ Yoast SEO plugin. -->","yoast_head_json":{"title":"Pol\u00edtica de cookies - Esthetic BCN","robots":{"index":"index","follow":"follow","max-snippet":"max-snippet:-1","max-image-preview":"max-image-preview:large","max-video-preview":"max-video-preview:-1"},"canonical":"https:\/\/estheticbcn.com\/ca\/politica-de-cookies\/","og_locale":"ca_ES","og_type":"article","og_title":"Pol\u00edtica de cookies - Esthetic BCN","og_description":"[vc_row][vc_column][vc_column_text]En aquesta p\u00e0gina web s\u2019utilitzen tecnologies com cookies, p\u00edxels i sistemes d\u2019emmagatzemament local per a facilitar la navegaci\u00f3. A continuaci\u00f3 s\u2019explica el que \u00e9s una cookie, les cookies que utilitzem, els prop\u00f2sits pels que s\u2019utilitzen I les opcions disponibles per a controlar-les o eliminar-les. Informaci\u00f3 general sobre les Cookies Una cookie \u00e9s un petit fitxer...Llegir m\u00e9s","og_url":"https:\/\/estheticbcn.com\/ca\/politica-de-cookies\/","og_site_name":"Esthetic BCN","article_modified_time":"2016-02-12T09:19:49+00:00","og_image":[{"width":1170,"height":402,"url":"https:\/\/estheticbcn.com\/wp-content\/uploads\/cuadro_cookies_esthetic_CAT.jpg","type":"image\/jpeg"}],"twitter_card":"summary_large_image","twitter_misc":{"Temps estimat de lectura":"2 minuts"},"schema":{"@context":"https:\/\/schema.org","@graph":[{"@type":"WebPage","@id":"https:\/\/estheticbcn.com\/ca\/politica-de-cookies\/","url":"https:\/\/estheticbcn.com\/ca\/politica-de-cookies\/","name":"Pol\u00edtica de cookies - Esthetic BCN","isPartOf":{"@id":"https:\/\/estheticbcn.com\/#website"},"primaryImageOfPage":{"@id":"https:\/\/estheticbcn.com\/ca\/politica-de-cookies\/#primaryimage"},"image":{"@id":"https:\/\/estheticbcn.com\/ca\/politica-de-cookies\/#primaryimage"},"thumbnailUrl":"https:\/\/estheticbcn.com\/wp-content\/uploads\/cuadro_cookies_esthetic_CAT.jpg","datePublished":"2015-11-07T19:28:43+00:00","dateModified":"2016-02-12T09:19:49+00:00","inLanguage":"ca","potentialAction":[{"@type":"ReadAction","target":["https:\/\/estheticbcn.com\/ca\/politica-de-cookies\/"]}]},{"@type":"ImageObject","inLanguage":"ca","@id":"https:\/\/estheticbcn.com\/ca\/politica-de-cookies\/#primaryimage","url":"https:\/\/estheticbcn.com\/wp-content\/uploads\/cuadro_cookies_esthetic_CAT.jpg","contentUrl":"https:\/\/estheticbcn.com\/wp-content\/uploads\/cuadro_cookies_esthetic_CAT.jpg"},{"@type":"WebSite","@id":"https:\/\/estheticbcn.com\/#website","url":"https:\/\/estheticbcn.com\/","name":"Esthetic BCN","description":"Otro sitio realizado con WordPress","potentialAction":[{"@type":"SearchAction","target":{"@type":"EntryPoint","urlTemplate":"https:\/\/estheticbcn.com\/?s={search_term_string}"},"query-input":{"@type":"PropertyValueSpecification","valueRequired":true,"valueName":"search_term_string"}}],"inLanguage":"ca"}]}},"_links":{"self":[{"href":"https:\/\/estheticbcn.com\/ca\/wp-json\/wp\/v2\/pages\/9086","targetHints":{"allow":["GET"]}}],"collection":[{"href":"https:\/\/estheticbcn.com\/ca\/wp-json\/wp\/v2\/pages"}],"about":[{"href":"https:\/\/estheticbcn.com\/ca\/wp-json\/wp\/v2\/types\/page"}],"author":[{"embeddable":true,"href":"https:\/\/estheticbcn.com\/ca\/wp-json\/wp\/v2\/users\/4"}],"replies":[{"embeddable":true,"href":"https:\/\/estheticbcn.com\/ca\/wp-json\/wp\/v2\/comments?post=9086"}],"version-history":[{"count":0,"href":"https:\/\/estheticbcn.com\/ca\/wp-json\/wp\/v2\/pages\/9086\/revisions"}],"wp:attachment":[{"href":"https:\/\/estheticbcn.com\/ca\/wp-json\/wp\/v2\/media?parent=9086"}],"curies":[{"name":"wp","href":"https:\/\/api.w.org\/{rel}","templated":true}]}}