{"id":9067,"date":"2015-09-22T22:47:53","date_gmt":"2015-09-22T22:47:53","guid":{"rendered":"https:\/\/estheticbcn.com\/ca\/tratamientos-de-cabina"},"modified":"2016-01-19T15:13:22","modified_gmt":"2016-01-19T15:13:22","slug":"tractaments-de-cabina","status":"publish","type":"page","link":"https:\/\/estheticbcn.com\/ca\/tractaments-de-cabina\/","title":{"rendered":"Tractaments de cabina"},"content":{"rendered":"<div class=\"wpb-content-wrapper\"><p>[vc_row][vc_column width=&#8221;1\/2&#8243; css=&#8221;.vc_custom_1447607081486{padding-bottom: 40px !important;}&#8221;]<style type=\"text\/css\" >#ic_12to7kuosyqtjofhh8g7 {margin:0px auto 0px; }#ic_12to7kuosyqtjofhh8g7 .ic_left,#ic_12to7kuosyqtjofhh8g7 .ic_right,#ic_12to7kuosyqtjofhh8g7 .ic_left:after,#ic_12to7kuosyqtjofhh8g7 .ic_right:after{border-color:#9b9c9e; background:#ffffff; color:#9b9c9e; }#ic_12to7kuosyqtjofhh8g7 .ic_left:hover,#ic_12to7kuosyqtjofhh8g7 .ic_right:hover,#ic_12to7kuosyqtjofhh8g7 .ic_left:hover:after,#ic_12to7kuosyqtjofhh8g7 .ic_right:hover:after{background:transparent; color:#6f7072; }#ic_12to7kuosyqtjofhh8g7 .rd_ic_pager a{border-color:#9b9c9e; background:#ffffff; color:#9b9c9e; }#ic_12to7kuosyqtjofhh8g7 .rd_ic_pager a:hover{border-color:#eab7a9; background:#eab7a9; color:#ffffff; }<\/style><script type=\"text\/javascript\" charset=\"utf-8\">\r\n\t\t\t\t\r\n\t\tjQuery.noConflict();\r\n\t\/\/setup up Carousel\r\n\t\tjQuery(document).ready(function($) {\t\r\n\t\t\t\r\n\t\t\"use strict\";\r\n\t\t\r\n\t\t\t$(window).load(function(){\r\n\t\t$(\"#ic_12to7kuosyqtjofhh8g7 .rd_img_carousel\").carouFredSel({\r\n\t\t\t\t\t\r\n\t\t\t\t\tresponsive: true,\r\n\t\t\t\t\twidth: \"100%\",scroll: 1,\r\n\t\t\t\t\tauto: false,\r\n\t\t\t\t\tprev: \"#ic_12to7kuosyqtjofhh8g7 .ic_left\",\r\n\t\t\t\t\tnext: \"#ic_12to7kuosyqtjofhh8g7 .ic_right\",\r\n\t\t\t\t\tpagination: \"#ic_12to7kuosyqtjofhh8g7_pager\",\r\n\t\t\t\t\theight : \"variable\",\r\n\t\t\t\t\tswipe       : {\r\n             \t\t   onTouch     : true,\r\n\t\t               onMouse     : false\r\n        \t\t    },\r\n\t\t\t\t\titems: {\r\n\t\t\t\t\theight : \"variable\",\r\n\t\t\t\t\t\tvisible: {\r\n\t\t\t\t\t\t\tmin: 1,\r\n\t\t\t\t\t\t\tmax: 1\r\n\t\t\t\t\t\t}\r\n\t\t\t\t\t}\r\n\t\t\t\t});\r\n\t\t\t\t});\r\n\t\t\t\t});\r\n\t<\/script><div class=\"rd_img_carousel_ctn  \" id=\"ic_12to7kuosyqtjofhh8g7\"><div class=\"rd_img_carousel\"><a href=\"https:\/\/estheticbcn.com\/wp-content\/uploads\/tratamiento_estetica_corporal_cabina.jpg\"  rel=\"prettyPhoto[rel-12to7kuosyqtjofhh8g7]\" ><img loading=\"lazy\" decoding=\"async\" width=\"570\" height=\"441\" src=\"https:\/\/estheticbcn.com\/wp-content\/uploads\/tratamiento_estetica_corporal_cabina.jpg\" class=\"attachment-full\" alt=\"\" title=\"tratamiento_estetica_corporal_cabina\" srcset=\"https:\/\/estheticbcn.com\/wp-content\/uploads\/tratamiento_estetica_corporal_cabina.jpg 570w, https:\/\/estheticbcn.com\/wp-content\/uploads\/tratamiento_estetica_corporal_cabina-300x232.jpg 300w\" sizes=\"auto, (max-width: 570px) 100vw, 570px\" \/><\/a><\/div><\/div>[\/vc_column][vc_column width=&#8221;1\/2&#8243;][vc_custom_heading text=&#8221;Tractaments de cabina&#8221; font_container=&#8221;tag:h2|font_size:30|text_align:left|color:%236f7072|line_height:35px&#8221; use_theme_fonts=&#8221;yes&#8221;][vc_row_inner][vc_column_inner width=&#8221;1\/2&#8243;]<style type=\"text\/css\" >#rand_iat7zv65nfvvhwel4u6g {margin-top:0px; margin-bottom:0px; }<\/style><style type='text\/css'> @font-face{font-family: 'icon'; src:url('https:\/\/estheticbcn.com\/wp-content\/themes\/thefox\/includes\/4k-icons\/icons\/fonts\/icon.eot'); src:url('https:\/\/estheticbcn.com\/wp-content\/themes\/thefox\/includes\/4k-icons\/icons\/fonts\/icon.eot?#iefix') format('embedded-opentype'), url('https:\/\/estheticbcn.com\/wp-content\/themes\/thefox\/includes\/4k-icons\/icons\/fonts\/icon.woff') format('woff'), url('https:\/\/estheticbcn.com\/wp-content\/themes\/thefox\/includes\/4k-icons\/icons\/fonts\/icon.ttf') format('truetype'), url('https:\/\/estheticbcn.com\/wp-content\/themes\/thefox\/includes\/4k-icons\/icons\/fonts\/icon.svg#oi') format('svg'); font-weight: normal; font-style: normal;}#rand_iat7zv65nfvvhwel4u6g .icon-esthetic_18:before{font-family: 'icon'; font-weight: normal; font-style: normal;}<\/style>\n<div id=\"rand_iat7zv65nfvvhwel4u6g\" class=\"icon_box_rounded \"><i class=\"icon-esthetic_18\" style=\"background:#eab7a9; color:#fff;\"><\/i><h3 style=\"color:#6f7072;\">Exfoliant<\/h3><p style=\"color:#9b9c9e\">Accelera la renovaci\u00f3 cel\u00b7lular i aporta hidrataci\u00f3.<\/p><\/div>[\/vc_column_inner][vc_column_inner width=&#8221;1\/2&#8243;]<style type=\"text\/css\" >#rand_v062gxrk70hhvsqu1qfz {margin-top:0px; margin-bottom:0px; }<\/style><style type='text\/css'> @font-face{font-family: 'icon'; src:url('https:\/\/estheticbcn.com\/wp-content\/themes\/thefox\/includes\/4k-icons\/icons\/fonts\/icon.eot'); src:url('https:\/\/estheticbcn.com\/wp-content\/themes\/thefox\/includes\/4k-icons\/icons\/fonts\/icon.eot?#iefix') format('embedded-opentype'), url('https:\/\/estheticbcn.com\/wp-content\/themes\/thefox\/includes\/4k-icons\/icons\/fonts\/icon.woff') format('woff'), url('https:\/\/estheticbcn.com\/wp-content\/themes\/thefox\/includes\/4k-icons\/icons\/fonts\/icon.ttf') format('truetype'), url('https:\/\/estheticbcn.com\/wp-content\/themes\/thefox\/includes\/4k-icons\/icons\/fonts\/icon.svg#oi') format('svg'); font-weight: normal; font-style: normal;}#rand_v062gxrk70hhvsqu1qfz .icon-esthetic_19:before{font-family: 'icon'; font-weight: normal; font-style: normal;}<\/style>\n<div id=\"rand_v062gxrk70hhvsqu1qfz\" class=\"icon_box_rounded \"><i class=\"icon-esthetic_19\" style=\"background:#eab7a9; color:#fff;\"><\/i><h3 style=\"color:#6f7072;\">Reductor<\/h3><p style=\"color:#9b9c9e\">La combinaci\u00f3 de diferents t\u00e8cniques aconsegueix estilitzar el contorn de la figura, mobilitzaci\u00f3 de l\u00edquids, eliminant aix\u00ed el greix superficial i les toxines. Es combinen t\u00e8cniques com pressoter\u00e0pia, ones de xoc i algues\/fang.<\/p><\/div>[\/vc_column_inner][\/vc_row_inner][vc_row_inner][vc_column_inner width=&#8221;1\/2&#8243;]<style type=\"text\/css\" >#rand_rioxgnuxbisllzll30fj {margin-top:0px; margin-bottom:0px; }<\/style><style type='text\/css'> @font-face{font-family: 'icon'; src:url('https:\/\/estheticbcn.com\/wp-content\/themes\/thefox\/includes\/4k-icons\/icons\/fonts\/icon.eot'); src:url('https:\/\/estheticbcn.com\/wp-content\/themes\/thefox\/includes\/4k-icons\/icons\/fonts\/icon.eot?#iefix') format('embedded-opentype'), url('https:\/\/estheticbcn.com\/wp-content\/themes\/thefox\/includes\/4k-icons\/icons\/fonts\/icon.woff') format('woff'), url('https:\/\/estheticbcn.com\/wp-content\/themes\/thefox\/includes\/4k-icons\/icons\/fonts\/icon.ttf') format('truetype'), url('https:\/\/estheticbcn.com\/wp-content\/themes\/thefox\/includes\/4k-icons\/icons\/fonts\/icon.svg#oi') format('svg'); font-weight: normal; font-style: normal;}#rand_rioxgnuxbisllzll30fj .icon-esthetic_20:before{font-family: 'icon'; font-weight: normal; font-style: normal;}<\/style>\n<div id=\"rand_rioxgnuxbisllzll30fj\" class=\"icon_box_rounded \"><i class=\"icon-esthetic_20\" style=\"background:#eab7a9; color:#fff;\"><\/i><h3 style=\"color:#6f7072;\">Massatge<\/h3><p style=\"color:#9b9c9e\">Mitjan\u00e7ant el massatge s&#8217;aconsegueix combatre l\u2019estr\u00e8s i minvar el cansament, alleugerar dolors musculars o senzillament gaudir d&#8217;un moment de relaxaci\u00f3. Destaquen com a favorits el drenatge limf\u00e0tic, el quiromassatge i el massatge relaxant.<\/p><\/div>[\/vc_column_inner][\/vc_row_inner][\/vc_column][\/vc_row]<\/p>\n<\/div>","protected":false},"excerpt":{"rendered":"<p>[vc_row][vc_column width=&#8221;1\/2&#8243; css=&#8221;.vc_custom_1447607081486{padding-bottom: 40px !important;}&#8221;][\/vc_column][vc_column width=&#8221;1\/2&#8243;][vc_custom_heading text=&#8221;Tractaments de cabina&#8221; font_container=&#8221;tag:h2|font_size:30|text_align:left|color:%236f7072|line_height:35px&#8221; use_theme_fonts=&#8221;yes&#8221;][vc_row_inner][vc_column_inner width=&#8221;1\/2&#8243;] ExfoliantAccelera la renovaci\u00f3 cel\u00b7lular i aporta hidrataci\u00f3.[\/vc_column_inner][vc_column_inner width=&#8221;1\/2&#8243;] ReductorLa combinaci\u00f3 de diferents t\u00e8cniques aconsegueix estilitzar el contorn de la figura, mobilitzaci\u00f3 de l\u00edquids, eliminant aix\u00ed el greix superficial i les toxines. Es combinen t\u00e8cniques com pressoter\u00e0pia, ones de xoc i algues\/fang.[\/vc_column_inner][\/vc_row_inner][vc_row_inner][vc_column_inner width=&#8221;1\/2&#8243;] MassatgeMitjan\u00e7ant&#8230;<a class=\"more-link\" href=\"https:\/\/estheticbcn.com\/ca\/tractaments-de-cabina\/\">Llegir m\u00e9s<\/a><\/p>\n","protected":false},"author":4,"featured_media":0,"parent":0,"menu_order":192,"comment_status":"closed","ping_status":"closed","template":"","meta":{"footnotes":""},"class_list":["post-9067","page","type-page","status-publish","hentry"],"yoast_head":"<!-- This site is optimized with the Yoast SEO plugin v26.0 - https:\/\/yoast.com\/wordpress\/plugins\/seo\/ -->\n<title>Tractaments de cabina - Esthetic BCN<\/title>\n<meta name=\"robots\" content=\"index, follow, max-snippet:-1, max-image-preview:large, max-video-preview:-1\" \/>\n<link rel=\"canonical\" href=\"https:\/\/estheticbcn.com\/ca\/tractaments-de-cabina\/\" \/>\n<meta property=\"og:locale\" content=\"ca_ES\" \/>\n<meta property=\"og:type\" content=\"article\" \/>\n<meta property=\"og:title\" content=\"Tractaments de cabina - Esthetic BCN\" \/>\n<meta property=\"og:description\" content=\"[vc_row][vc_column width=&#8221;1\/2&#8243; css=&#8221;.vc_custom_1447607081486{padding-bottom: 40px !important;}&#8221;][\/vc_column][vc_column width=&#8221;1\/2&#8243;][vc_custom_heading text=&#8221;Tractaments de cabina&#8221; font_container=&#8221;tag:h2|font_size:30|text_align:left|color:%236f7072|line_height:35px&#8221; use_theme_fonts=&#8221;yes&#8221;][vc_row_inner][vc_column_inner width=&#8221;1\/2&#8243;] ExfoliantAccelera la renovaci\u00f3 cel\u00b7lular i aporta hidrataci\u00f3.[\/vc_column_inner][vc_column_inner width=&#8221;1\/2&#8243;] ReductorLa combinaci\u00f3 de diferents t\u00e8cniques aconsegueix estilitzar el contorn de la figura, mobilitzaci\u00f3 de l\u00edquids, eliminant aix\u00ed el greix superficial i les toxines. Es combinen t\u00e8cniques com pressoter\u00e0pia, ones de xoc i algues\/fang.[\/vc_column_inner][\/vc_row_inner][vc_row_inner][vc_column_inner width=&#8221;1\/2&#8243;] MassatgeMitjan\u00e7ant...Llegir m\u00e9s\" \/>\n<meta property=\"og:url\" content=\"https:\/\/estheticbcn.com\/ca\/tractaments-de-cabina\/\" \/>\n<meta property=\"og:site_name\" content=\"Esthetic BCN\" \/>\n<meta property=\"article:modified_time\" content=\"2016-01-19T15:13:22+00:00\" \/>\n<meta name=\"twitter:card\" content=\"summary_large_image\" \/>\n<meta name=\"twitter:label1\" content=\"Temps estimat de lectura\" \/>\n\t<meta name=\"twitter:data1\" content=\"1 minut\" \/>\n<script type=\"application\/ld+json\" class=\"yoast-schema-graph\">{\"@context\":\"https:\/\/schema.org\",\"@graph\":[{\"@type\":\"WebPage\",\"@id\":\"https:\/\/estheticbcn.com\/ca\/tractaments-de-cabina\/\",\"url\":\"https:\/\/estheticbcn.com\/ca\/tractaments-de-cabina\/\",\"name\":\"Tractaments de cabina - Esthetic BCN\",\"isPartOf\":{\"@id\":\"https:\/\/estheticbcn.com\/#website\"},\"datePublished\":\"2015-09-22T22:47:53+00:00\",\"dateModified\":\"2016-01-19T15:13:22+00:00\",\"inLanguage\":\"ca\",\"potentialAction\":[{\"@type\":\"ReadAction\",\"target\":[\"https:\/\/estheticbcn.com\/ca\/tractaments-de-cabina\/\"]}]},{\"@type\":\"WebSite\",\"@id\":\"https:\/\/estheticbcn.com\/#website\",\"url\":\"https:\/\/estheticbcn.com\/\",\"name\":\"Esthetic BCN\",\"description\":\"Otro sitio realizado con WordPress\",\"potentialAction\":[{\"@type\":\"SearchAction\",\"target\":{\"@type\":\"EntryPoint\",\"urlTemplate\":\"https:\/\/estheticbcn.com\/?s={search_term_string}\"},\"query-input\":{\"@type\":\"PropertyValueSpecification\",\"valueRequired\":true,\"valueName\":\"search_term_string\"}}],\"inLanguage\":\"ca\"}]}<\/script>\n<!-- \/ Yoast SEO plugin. -->","yoast_head_json":{"title":"Tractaments de cabina - Esthetic BCN","robots":{"index":"index","follow":"follow","max-snippet":"max-snippet:-1","max-image-preview":"max-image-preview:large","max-video-preview":"max-video-preview:-1"},"canonical":"https:\/\/estheticbcn.com\/ca\/tractaments-de-cabina\/","og_locale":"ca_ES","og_type":"article","og_title":"Tractaments de cabina - Esthetic BCN","og_description":"[vc_row][vc_column width=&#8221;1\/2&#8243; css=&#8221;.vc_custom_1447607081486{padding-bottom: 40px !important;}&#8221;][\/vc_column][vc_column width=&#8221;1\/2&#8243;][vc_custom_heading text=&#8221;Tractaments de cabina&#8221; font_container=&#8221;tag:h2|font_size:30|text_align:left|color:%236f7072|line_height:35px&#8221; use_theme_fonts=&#8221;yes&#8221;][vc_row_inner][vc_column_inner width=&#8221;1\/2&#8243;] ExfoliantAccelera la renovaci\u00f3 cel\u00b7lular i aporta hidrataci\u00f3.[\/vc_column_inner][vc_column_inner width=&#8221;1\/2&#8243;] ReductorLa combinaci\u00f3 de diferents t\u00e8cniques aconsegueix estilitzar el contorn de la figura, mobilitzaci\u00f3 de l\u00edquids, eliminant aix\u00ed el greix superficial i les toxines. Es combinen t\u00e8cniques com pressoter\u00e0pia, ones de xoc i algues\/fang.[\/vc_column_inner][\/vc_row_inner][vc_row_inner][vc_column_inner width=&#8221;1\/2&#8243;] MassatgeMitjan\u00e7ant...Llegir m\u00e9s","og_url":"https:\/\/estheticbcn.com\/ca\/tractaments-de-cabina\/","og_site_name":"Esthetic BCN","article_modified_time":"2016-01-19T15:13:22+00:00","twitter_card":"summary_large_image","twitter_misc":{"Temps estimat de lectura":"1 minut"},"schema":{"@context":"https:\/\/schema.org","@graph":[{"@type":"WebPage","@id":"https:\/\/estheticbcn.com\/ca\/tractaments-de-cabina\/","url":"https:\/\/estheticbcn.com\/ca\/tractaments-de-cabina\/","name":"Tractaments de cabina - Esthetic BCN","isPartOf":{"@id":"https:\/\/estheticbcn.com\/#website"},"datePublished":"2015-09-22T22:47:53+00:00","dateModified":"2016-01-19T15:13:22+00:00","inLanguage":"ca","potentialAction":[{"@type":"ReadAction","target":["https:\/\/estheticbcn.com\/ca\/tractaments-de-cabina\/"]}]},{"@type":"WebSite","@id":"https:\/\/estheticbcn.com\/#website","url":"https:\/\/estheticbcn.com\/","name":"Esthetic BCN","description":"Otro sitio realizado con WordPress","potentialAction":[{"@type":"SearchAction","target":{"@type":"EntryPoint","urlTemplate":"https:\/\/estheticbcn.com\/?s={search_term_string}"},"query-input":{"@type":"PropertyValueSpecification","valueRequired":true,"valueName":"search_term_string"}}],"inLanguage":"ca"}]}},"_links":{"self":[{"href":"https:\/\/estheticbcn.com\/ca\/wp-json\/wp\/v2\/pages\/9067","targetHints":{"allow":["GET"]}}],"collection":[{"href":"https:\/\/estheticbcn.com\/ca\/wp-json\/wp\/v2\/pages"}],"about":[{"href":"https:\/\/estheticbcn.com\/ca\/wp-json\/wp\/v2\/types\/page"}],"author":[{"embeddable":true,"href":"https:\/\/estheticbcn.com\/ca\/wp-json\/wp\/v2\/users\/4"}],"replies":[{"embeddable":true,"href":"https:\/\/estheticbcn.com\/ca\/wp-json\/wp\/v2\/comments?post=9067"}],"version-history":[{"count":0,"href":"https:\/\/estheticbcn.com\/ca\/wp-json\/wp\/v2\/pages\/9067\/revisions"}],"wp:attachment":[{"href":"https:\/\/estheticbcn.com\/ca\/wp-json\/wp\/v2\/media?parent=9067"}],"curies":[{"name":"wp","href":"https:\/\/api.w.org\/{rel}","templated":true}]}}