{"id":9063,"date":"2015-09-22T22:47:53","date_gmt":"2015-09-22T22:47:53","guid":{"rendered":"https:\/\/estheticbcn.com\/ca\/escote"},"modified":"2016-01-19T15:05:02","modified_gmt":"2016-01-19T15:05:02","slug":"escot","status":"publish","type":"page","link":"https:\/\/estheticbcn.com\/ca\/escot\/","title":{"rendered":"Escot"},"content":{"rendered":"<div class=\"wpb-content-wrapper\"><p>[vc_row][vc_column width=&#8221;1\/2&#8243; css=&#8221;.vc_custom_1447607480675{padding-bottom: 40px !important;}&#8221;]<style type=\"text\/css\" >#ic_szdz5c6pdt82qcrm8itn {margin:0px auto 0px; }#ic_szdz5c6pdt82qcrm8itn .ic_left,#ic_szdz5c6pdt82qcrm8itn .ic_right,#ic_szdz5c6pdt82qcrm8itn .ic_left:after,#ic_szdz5c6pdt82qcrm8itn .ic_right:after{border-color:#9b9c9e; background:#ffffff; color:#9b9c9e; }#ic_szdz5c6pdt82qcrm8itn .ic_left:hover,#ic_szdz5c6pdt82qcrm8itn .ic_right:hover,#ic_szdz5c6pdt82qcrm8itn .ic_left:hover:after,#ic_szdz5c6pdt82qcrm8itn .ic_right:hover:after{background:transparent; color:#6f7072; }#ic_szdz5c6pdt82qcrm8itn .rd_ic_pager a{border-color:#9b9c9e; background:#ffffff; color:#9b9c9e; }#ic_szdz5c6pdt82qcrm8itn .rd_ic_pager a:hover{border-color:#eab7a9; background:#eab7a9; color:#ffffff; }<\/style><script type=\"text\/javascript\" charset=\"utf-8\">\r\n\t\t\t\t\r\n\t\tjQuery.noConflict();\r\n\t\/\/setup up Carousel\r\n\t\tjQuery(document).ready(function($) {\t\r\n\t\t\t\r\n\t\t\"use strict\";\r\n\t\t\r\n\t\t\t$(window).load(function(){\r\n\t\t$(\"#ic_szdz5c6pdt82qcrm8itn .rd_img_carousel\").carouFredSel({\r\n\t\t\t\t\t\r\n\t\t\t\t\tresponsive: true,\r\n\t\t\t\t\twidth: \"100%\",scroll: 1,\r\n\t\t\t\t\tauto: false,\r\n\t\t\t\t\tprev: \"#ic_szdz5c6pdt82qcrm8itn .ic_left\",\r\n\t\t\t\t\tnext: \"#ic_szdz5c6pdt82qcrm8itn .ic_right\",\r\n\t\t\t\t\tpagination: \"#ic_szdz5c6pdt82qcrm8itn_pager\",\r\n\t\t\t\t\theight : \"variable\",\r\n\t\t\t\t\tswipe       : {\r\n             \t\t   onTouch     : true,\r\n\t\t               onMouse     : false\r\n        \t\t    },\r\n\t\t\t\t\titems: {\r\n\t\t\t\t\theight : \"variable\",\r\n\t\t\t\t\t\tvisible: {\r\n\t\t\t\t\t\t\tmin: 1,\r\n\t\t\t\t\t\t\tmax: 1\r\n\t\t\t\t\t\t}\r\n\t\t\t\t\t}\r\n\t\t\t\t});\r\n\t\t\t\t});\r\n\t\t\t\t});\r\n\t<\/script><div class=\"rd_img_carousel_ctn  \" id=\"ic_szdz5c6pdt82qcrm8itn\"><div class=\"rd_img_carousel\"><a href=\"https:\/\/estheticbcn.com\/wp-content\/uploads\/tratamiento_estetica_corporal_escote.jpg\"  rel=\"prettyPhoto[rel-szdz5c6pdt82qcrm8itn]\" ><img loading=\"lazy\" decoding=\"async\" width=\"570\" height=\"441\" src=\"https:\/\/estheticbcn.com\/wp-content\/uploads\/tratamiento_estetica_corporal_escote.jpg\" class=\"attachment-full\" alt=\"\" title=\"tratamiento_estetica_corporal_escote\" srcset=\"https:\/\/estheticbcn.com\/wp-content\/uploads\/tratamiento_estetica_corporal_escote.jpg 570w, https:\/\/estheticbcn.com\/wp-content\/uploads\/tratamiento_estetica_corporal_escote-300x232.jpg 300w\" sizes=\"auto, (max-width: 570px) 100vw, 570px\" \/><\/a><\/div><\/div>[\/vc_column][vc_column width=&#8221;1\/2&#8243;][vc_custom_heading text=&#8221;Escot&#8221; font_container=&#8221;tag:h2|font_size:30|text_align:left|color:%236f7072|line_height:35px&#8221; use_theme_fonts=&#8221;yes&#8221;][vc_row_inner][vc_column_inner][vc_column_text font_size=&#8221;14&#8243; line_height=&#8221;16px&#8221;]La pell de l\u2019escot \u00e9s fina i delicada, demostra el fotoenvelliment en forma de taques i pell aprimada.<\/p>\n<p>Podem millorar aquestes situacions:<br \/>\n[\/vc_column_text][\/vc_column_inner][\/vc_row_inner][vc_row_inner][vc_column_inner width=&#8221;1\/2&#8243;]<style type=\"text\/css\" >#rand_267xwb1f9sv1ep5k2xwd {margin-top:0px; margin-bottom:0px; }<\/style><style type='text\/css'> @font-face{font-family: 'icon'; src:url('https:\/\/estheticbcn.com\/wp-content\/themes\/thefox\/includes\/4k-icons\/icons\/fonts\/icon.eot'); src:url('https:\/\/estheticbcn.com\/wp-content\/themes\/thefox\/includes\/4k-icons\/icons\/fonts\/icon.eot?#iefix') format('embedded-opentype'), url('https:\/\/estheticbcn.com\/wp-content\/themes\/thefox\/includes\/4k-icons\/icons\/fonts\/icon.woff') format('woff'), url('https:\/\/estheticbcn.com\/wp-content\/themes\/thefox\/includes\/4k-icons\/icons\/fonts\/icon.ttf') format('truetype'), url('https:\/\/estheticbcn.com\/wp-content\/themes\/thefox\/includes\/4k-icons\/icons\/fonts\/icon.svg#oi') format('svg'); font-weight: normal; font-style: normal;}#rand_267xwb1f9sv1ep5k2xwd .icon-esthetic_33:before{font-family: 'icon'; font-weight: normal; font-style: normal;}<\/style>\n<div id=\"rand_267xwb1f9sv1ep5k2xwd\" class=\"icon_box_rounded \"><i class=\"icon-esthetic_33\" style=\"background:#eab7a9; color:#fff;\"><\/i><h3 style=\"color:#6f7072;\">Taques<\/h3><p style=\"color:#9b9c9e\"><strong><a href=\"https:\/\/estheticbcn.com\/ca\/llum-polsadaaft\">IPL\/AFT<\/a><\/strong>, <strong><a href=\"https:\/\/estheticbcn.com\/ca\/fraxel-dual\">l\u00e0ser Fraxel Dual<\/a><\/strong>.<\/p><\/div>[\/vc_column_inner][vc_column_inner width=&#8221;1\/2&#8243;]<style type=\"text\/css\" >#rand_7zm6nyoovfyr6d4ja1ur {margin-top:0px; margin-bottom:0px; }<\/style><style type='text\/css'> @font-face{font-family: 'icon'; src:url('https:\/\/estheticbcn.com\/wp-content\/themes\/thefox\/includes\/4k-icons\/icons\/fonts\/icon.eot'); src:url('https:\/\/estheticbcn.com\/wp-content\/themes\/thefox\/includes\/4k-icons\/icons\/fonts\/icon.eot?#iefix') format('embedded-opentype'), url('https:\/\/estheticbcn.com\/wp-content\/themes\/thefox\/includes\/4k-icons\/icons\/fonts\/icon.woff') format('woff'), url('https:\/\/estheticbcn.com\/wp-content\/themes\/thefox\/includes\/4k-icons\/icons\/fonts\/icon.ttf') format('truetype'), url('https:\/\/estheticbcn.com\/wp-content\/themes\/thefox\/includes\/4k-icons\/icons\/fonts\/icon.svg#oi') format('svg'); font-weight: normal; font-style: normal;}#rand_7zm6nyoovfyr6d4ja1ur .icon-esthetic_42:before{font-family: 'icon'; font-weight: normal; font-style: normal;}<\/style>\n<div id=\"rand_7zm6nyoovfyr6d4ja1ur\" class=\"icon_box_rounded \"><i class=\"icon-esthetic_42\" style=\"background:#eab7a9; color:#fff;\"><\/i><h3 style=\"color:#6f7072;\">Qualitat de la pell<\/h3><p style=\"color:#9b9c9e\"><strong><a href=\"https:\/\/estheticbcn.com\/ca\/fraxel-dual\">L\u00e0ser Fraxel Dual<\/a><\/strong>, <strong><a href=\"https:\/\/estheticbcn.com\/ca\/clear-lift\">Clear Lift<\/a><\/strong>, <strong><a href=\"https:\/\/estheticbcn.com\/ca\/bioestimulacio-amb-prp\">bioestimulaci\u00f3 amb PRP<\/a><\/strong>, <strong><a href=\"https:\/\/estheticbcn.com\/ca\/biorevitalizacio-amb-mesoterapia\">biorevitalizaci\u00f3 amb mesoter\u00e0pia<\/a><\/strong>.<\/p><\/div>[\/vc_column_inner][\/vc_row_inner][\/vc_column][\/vc_row]<\/p>\n<\/div>","protected":false},"excerpt":{"rendered":"<p>[vc_row][vc_column width=&#8221;1\/2&#8243; css=&#8221;.vc_custom_1447607480675{padding-bottom: 40px !important;}&#8221;][\/vc_column][vc_column width=&#8221;1\/2&#8243;][vc_custom_heading text=&#8221;Escot&#8221; font_container=&#8221;tag:h2|font_size:30|text_align:left|color:%236f7072|line_height:35px&#8221; use_theme_fonts=&#8221;yes&#8221;][vc_row_inner][vc_column_inner][vc_column_text font_size=&#8221;14&#8243; line_height=&#8221;16px&#8221;]La pell de l\u2019escot \u00e9s fina i delicada, demostra el fotoenvelliment en forma de taques i pell aprimada. Podem millorar aquestes situacions: [\/vc_column_text][\/vc_column_inner][\/vc_row_inner][vc_row_inner][vc_column_inner width=&#8221;1\/2&#8243;] TaquesIPL\/AFT, l\u00e0ser Fraxel Dual.[\/vc_column_inner][vc_column_inner width=&#8221;1\/2&#8243;] Qualitat de la pellL\u00e0ser Fraxel Dual, Clear Lift, bioestimulaci\u00f3 amb PRP, biorevitalizaci\u00f3 amb mesoter\u00e0pia.[\/vc_column_inner][\/vc_row_inner][\/vc_column][\/vc_row]&#8230;<a class=\"more-link\" href=\"https:\/\/estheticbcn.com\/ca\/escot\/\">Llegir m\u00e9s<\/a><\/p>\n","protected":false},"author":4,"featured_media":0,"parent":0,"menu_order":183,"comment_status":"closed","ping_status":"closed","template":"","meta":{"footnotes":""},"class_list":["post-9063","page","type-page","status-publish","hentry"],"yoast_head":"<!-- This site is optimized with the Yoast SEO plugin v26.0 - https:\/\/yoast.com\/wordpress\/plugins\/seo\/ -->\n<title>Escot - Esthetic BCN<\/title>\n<meta name=\"robots\" content=\"index, follow, max-snippet:-1, max-image-preview:large, max-video-preview:-1\" \/>\n<link rel=\"canonical\" href=\"https:\/\/estheticbcn.com\/ca\/escot\/\" \/>\n<meta property=\"og:locale\" content=\"ca_ES\" \/>\n<meta property=\"og:type\" content=\"article\" \/>\n<meta property=\"og:title\" content=\"Escot - Esthetic BCN\" \/>\n<meta property=\"og:description\" content=\"[vc_row][vc_column width=&#8221;1\/2&#8243; css=&#8221;.vc_custom_1447607480675{padding-bottom: 40px !important;}&#8221;][\/vc_column][vc_column width=&#8221;1\/2&#8243;][vc_custom_heading text=&#8221;Escot&#8221; font_container=&#8221;tag:h2|font_size:30|text_align:left|color:%236f7072|line_height:35px&#8221; use_theme_fonts=&#8221;yes&#8221;][vc_row_inner][vc_column_inner][vc_column_text font_size=&#8221;14&#8243; line_height=&#8221;16px&#8221;]La pell de l\u2019escot \u00e9s fina i delicada, demostra el fotoenvelliment en forma de taques i pell aprimada. Podem millorar aquestes situacions: [\/vc_column_text][\/vc_column_inner][\/vc_row_inner][vc_row_inner][vc_column_inner width=&#8221;1\/2&#8243;] TaquesIPL\/AFT, l\u00e0ser Fraxel Dual.[\/vc_column_inner][vc_column_inner width=&#8221;1\/2&#8243;] Qualitat de la pellL\u00e0ser Fraxel Dual, Clear Lift, bioestimulaci\u00f3 amb PRP, biorevitalizaci\u00f3 amb mesoter\u00e0pia.[\/vc_column_inner][\/vc_row_inner][\/vc_column][\/vc_row]...Llegir m\u00e9s\" \/>\n<meta property=\"og:url\" content=\"https:\/\/estheticbcn.com\/ca\/escot\/\" \/>\n<meta property=\"og:site_name\" content=\"Esthetic BCN\" \/>\n<meta property=\"article:modified_time\" content=\"2016-01-19T15:05:02+00:00\" \/>\n<meta name=\"twitter:card\" content=\"summary_large_image\" \/>\n<meta name=\"twitter:label1\" content=\"Temps estimat de lectura\" \/>\n\t<meta name=\"twitter:data1\" content=\"1 minut\" \/>\n<script type=\"application\/ld+json\" class=\"yoast-schema-graph\">{\"@context\":\"https:\/\/schema.org\",\"@graph\":[{\"@type\":\"WebPage\",\"@id\":\"https:\/\/estheticbcn.com\/ca\/escot\/\",\"url\":\"https:\/\/estheticbcn.com\/ca\/escot\/\",\"name\":\"Escot - Esthetic BCN\",\"isPartOf\":{\"@id\":\"https:\/\/estheticbcn.com\/#website\"},\"datePublished\":\"2015-09-22T22:47:53+00:00\",\"dateModified\":\"2016-01-19T15:05:02+00:00\",\"inLanguage\":\"ca\",\"potentialAction\":[{\"@type\":\"ReadAction\",\"target\":[\"https:\/\/estheticbcn.com\/ca\/escot\/\"]}]},{\"@type\":\"WebSite\",\"@id\":\"https:\/\/estheticbcn.com\/#website\",\"url\":\"https:\/\/estheticbcn.com\/\",\"name\":\"Esthetic BCN\",\"description\":\"Otro sitio realizado con WordPress\",\"potentialAction\":[{\"@type\":\"SearchAction\",\"target\":{\"@type\":\"EntryPoint\",\"urlTemplate\":\"https:\/\/estheticbcn.com\/?s={search_term_string}\"},\"query-input\":{\"@type\":\"PropertyValueSpecification\",\"valueRequired\":true,\"valueName\":\"search_term_string\"}}],\"inLanguage\":\"ca\"}]}<\/script>\n<!-- \/ Yoast SEO plugin. -->","yoast_head_json":{"title":"Escot - Esthetic BCN","robots":{"index":"index","follow":"follow","max-snippet":"max-snippet:-1","max-image-preview":"max-image-preview:large","max-video-preview":"max-video-preview:-1"},"canonical":"https:\/\/estheticbcn.com\/ca\/escot\/","og_locale":"ca_ES","og_type":"article","og_title":"Escot - Esthetic BCN","og_description":"[vc_row][vc_column width=&#8221;1\/2&#8243; css=&#8221;.vc_custom_1447607480675{padding-bottom: 40px !important;}&#8221;][\/vc_column][vc_column width=&#8221;1\/2&#8243;][vc_custom_heading text=&#8221;Escot&#8221; font_container=&#8221;tag:h2|font_size:30|text_align:left|color:%236f7072|line_height:35px&#8221; use_theme_fonts=&#8221;yes&#8221;][vc_row_inner][vc_column_inner][vc_column_text font_size=&#8221;14&#8243; line_height=&#8221;16px&#8221;]La pell de l\u2019escot \u00e9s fina i delicada, demostra el fotoenvelliment en forma de taques i pell aprimada. Podem millorar aquestes situacions: [\/vc_column_text][\/vc_column_inner][\/vc_row_inner][vc_row_inner][vc_column_inner width=&#8221;1\/2&#8243;] TaquesIPL\/AFT, l\u00e0ser Fraxel Dual.[\/vc_column_inner][vc_column_inner width=&#8221;1\/2&#8243;] Qualitat de la pellL\u00e0ser Fraxel Dual, Clear Lift, bioestimulaci\u00f3 amb PRP, biorevitalizaci\u00f3 amb mesoter\u00e0pia.[\/vc_column_inner][\/vc_row_inner][\/vc_column][\/vc_row]...Llegir m\u00e9s","og_url":"https:\/\/estheticbcn.com\/ca\/escot\/","og_site_name":"Esthetic BCN","article_modified_time":"2016-01-19T15:05:02+00:00","twitter_card":"summary_large_image","twitter_misc":{"Temps estimat de lectura":"1 minut"},"schema":{"@context":"https:\/\/schema.org","@graph":[{"@type":"WebPage","@id":"https:\/\/estheticbcn.com\/ca\/escot\/","url":"https:\/\/estheticbcn.com\/ca\/escot\/","name":"Escot - Esthetic BCN","isPartOf":{"@id":"https:\/\/estheticbcn.com\/#website"},"datePublished":"2015-09-22T22:47:53+00:00","dateModified":"2016-01-19T15:05:02+00:00","inLanguage":"ca","potentialAction":[{"@type":"ReadAction","target":["https:\/\/estheticbcn.com\/ca\/escot\/"]}]},{"@type":"WebSite","@id":"https:\/\/estheticbcn.com\/#website","url":"https:\/\/estheticbcn.com\/","name":"Esthetic BCN","description":"Otro sitio realizado con WordPress","potentialAction":[{"@type":"SearchAction","target":{"@type":"EntryPoint","urlTemplate":"https:\/\/estheticbcn.com\/?s={search_term_string}"},"query-input":{"@type":"PropertyValueSpecification","valueRequired":true,"valueName":"search_term_string"}}],"inLanguage":"ca"}]}},"_links":{"self":[{"href":"https:\/\/estheticbcn.com\/ca\/wp-json\/wp\/v2\/pages\/9063","targetHints":{"allow":["GET"]}}],"collection":[{"href":"https:\/\/estheticbcn.com\/ca\/wp-json\/wp\/v2\/pages"}],"about":[{"href":"https:\/\/estheticbcn.com\/ca\/wp-json\/wp\/v2\/types\/page"}],"author":[{"embeddable":true,"href":"https:\/\/estheticbcn.com\/ca\/wp-json\/wp\/v2\/users\/4"}],"replies":[{"embeddable":true,"href":"https:\/\/estheticbcn.com\/ca\/wp-json\/wp\/v2\/comments?post=9063"}],"version-history":[{"count":0,"href":"https:\/\/estheticbcn.com\/ca\/wp-json\/wp\/v2\/pages\/9063\/revisions"}],"wp:attachment":[{"href":"https:\/\/estheticbcn.com\/ca\/wp-json\/wp\/v2\/media?parent=9063"}],"curies":[{"name":"wp","href":"https:\/\/api.w.org\/{rel}","templated":true}]}}