{"id":9061,"date":"2015-09-22T22:47:53","date_gmt":"2015-09-22T22:47:53","guid":{"rendered":"https:\/\/estheticbcn.com\/ca\/brazos"},"modified":"2025-12-23T11:32:53","modified_gmt":"2025-12-23T11:32:53","slug":"bracos","status":"publish","type":"page","link":"https:\/\/estheticbcn.com\/ca\/bracos\/","title":{"rendered":"Bra\u00e7os"},"content":{"rendered":"<div class=\"wpb-content-wrapper\"><p>[vc_row][vc_column width=&#8221;1\/2&#8243; css=&#8221;.vc_custom_1447607081486{padding-bottom: 40px !important;}&#8221;]<style type=\"text\/css\" >#ic_sqwqjz0bdfilwsy258kz {margin:0px auto 0px; }#ic_sqwqjz0bdfilwsy258kz .ic_left,#ic_sqwqjz0bdfilwsy258kz .ic_right,#ic_sqwqjz0bdfilwsy258kz .ic_left:after,#ic_sqwqjz0bdfilwsy258kz .ic_right:after{border-color:#9b9c9e; background:#ffffff; color:#9b9c9e; }#ic_sqwqjz0bdfilwsy258kz .ic_left:hover,#ic_sqwqjz0bdfilwsy258kz .ic_right:hover,#ic_sqwqjz0bdfilwsy258kz .ic_left:hover:after,#ic_sqwqjz0bdfilwsy258kz .ic_right:hover:after{background:transparent; color:#6f7072; }#ic_sqwqjz0bdfilwsy258kz .rd_ic_pager a{border-color:#9b9c9e; background:#ffffff; color:#9b9c9e; }#ic_sqwqjz0bdfilwsy258kz .rd_ic_pager a:hover{border-color:#eab7a9; background:#eab7a9; color:#ffffff; }<\/style><script type=\"text\/javascript\" charset=\"utf-8\">\r\n\t\t\t\t\r\n\t\tjQuery.noConflict();\r\n\t\/\/setup up Carousel\r\n\t\tjQuery(document).ready(function($) {\t\r\n\t\t\t\r\n\t\t\"use strict\";\r\n\t\t\r\n\t\t\t$(window).load(function(){\r\n\t\t$(\"#ic_sqwqjz0bdfilwsy258kz .rd_img_carousel\").carouFredSel({\r\n\t\t\t\t\t\r\n\t\t\t\t\tresponsive: true,\r\n\t\t\t\t\twidth: \"100%\",scroll: 1,\r\n\t\t\t\t\tauto: false,\r\n\t\t\t\t\tprev: \"#ic_sqwqjz0bdfilwsy258kz .ic_left\",\r\n\t\t\t\t\tnext: \"#ic_sqwqjz0bdfilwsy258kz .ic_right\",\r\n\t\t\t\t\tpagination: \"#ic_sqwqjz0bdfilwsy258kz_pager\",\r\n\t\t\t\t\theight : \"variable\",\r\n\t\t\t\t\tswipe       : {\r\n             \t\t   onTouch     : true,\r\n\t\t               onMouse     : false\r\n        \t\t    },\r\n\t\t\t\t\titems: {\r\n\t\t\t\t\theight : \"variable\",\r\n\t\t\t\t\t\tvisible: {\r\n\t\t\t\t\t\t\tmin: 1,\r\n\t\t\t\t\t\t\tmax: 1\r\n\t\t\t\t\t\t}\r\n\t\t\t\t\t}\r\n\t\t\t\t});\r\n\t\t\t\t});\r\n\t\t\t\t});\r\n\t<\/script><div class=\"rd_img_carousel_ctn  \" id=\"ic_sqwqjz0bdfilwsy258kz\"><div class=\"rd_img_carousel\"><a href=\"https:\/\/estheticbcn.com\/wp-content\/uploads\/tratamiento_estetica_corporal_brazos.jpg\"  rel=\"prettyPhoto[rel-sqwqjz0bdfilwsy258kz]\" ><img loading=\"lazy\" decoding=\"async\" width=\"570\" height=\"441\" src=\"https:\/\/estheticbcn.com\/wp-content\/uploads\/tratamiento_estetica_corporal_brazos.jpg\" class=\"attachment-full\" alt=\"\" title=\"tratamiento_estetica_corporal_brazos\" srcset=\"https:\/\/estheticbcn.com\/wp-content\/uploads\/tratamiento_estetica_corporal_brazos.jpg 570w, https:\/\/estheticbcn.com\/wp-content\/uploads\/tratamiento_estetica_corporal_brazos-300x232.jpg 300w\" sizes=\"auto, (max-width: 570px) 100vw, 570px\" \/><\/a><\/div><\/div>[\/vc_column][vc_column width=&#8221;1\/2&#8243;][vc_custom_heading text=&#8221;Bra\u00e7os&#8221; font_container=&#8221;tag:h2|font_size:30|text_align:left|color:%236f7072|line_height:35px&#8221; use_theme_fonts=&#8221;yes&#8221;][vc_row_inner][vc_column_inner][vc_column_text font_size=&#8221;14&#8243; line_height=&#8221;16px&#8221;]La cara interna del bra\u00e7 \u00e9s una zona que preocupa especialment a les dones a partir de un cert moment de la vida. Tot i tonificar el tr\u00edceps (m\u00fascul subjacent), \u00e9s una regi\u00f3 que marca arrugues i es despenja amb facilitat. [\/vc_column_text][\/vc_column_inner][\/vc_row_inner][vc_row_inner][vc_column_inner width=&#8221;1\/2&#8243;]<style type=\"text\/css\" >#rand_3btjb88yiref115r6auj {margin-top:0px; margin-bottom:0px; }<\/style><style type='text\/css'> @font-face{font-family: 'icon'; src:url('https:\/\/estheticbcn.com\/wp-content\/themes\/thefox\/includes\/4k-icons\/icons\/fonts\/icon.eot'); src:url('https:\/\/estheticbcn.com\/wp-content\/themes\/thefox\/includes\/4k-icons\/icons\/fonts\/icon.eot?#iefix') format('embedded-opentype'), url('https:\/\/estheticbcn.com\/wp-content\/themes\/thefox\/includes\/4k-icons\/icons\/fonts\/icon.woff') format('woff'), url('https:\/\/estheticbcn.com\/wp-content\/themes\/thefox\/includes\/4k-icons\/icons\/fonts\/icon.ttf') format('truetype'), url('https:\/\/estheticbcn.com\/wp-content\/themes\/thefox\/includes\/4k-icons\/icons\/fonts\/icon.svg#oi') format('svg'); font-weight: normal; font-style: normal;}#rand_3btjb88yiref115r6auj .icon-esthetic_43:before{font-family: 'icon'; font-weight: normal; font-style: normal;}<\/style>\n<div id=\"rand_3btjb88yiref115r6auj\" class=\"icon_box_rounded \"><i class=\"icon-esthetic_43\" style=\"background:#eab7a9; color:#fff;\"><\/i><h3 style=\"color:#6f7072;\">Lip\u00f2lisi<\/h3><p style=\"color:#9b9c9e\">La <strong><a href=\"https:\/\/estheticbcn.com\/ca\/carboxiterapia\">carboxiterapia<\/a><\/strong> minva la quantitat de greix localitzat.<\/p><\/div>[\/vc_column_inner][vc_column_inner width=&#8221;1\/2&#8243;]<style type=\"text\/css\" >#rand_6f4mf58vzutmtbllvgh0 {margin-top:0px; margin-bottom:0px; }<\/style><style type='text\/css'> @font-face{font-family: 'icon'; src:url('https:\/\/estheticbcn.com\/wp-content\/themes\/thefox\/includes\/4k-icons\/icons\/fonts\/icon.eot'); src:url('https:\/\/estheticbcn.com\/wp-content\/themes\/thefox\/includes\/4k-icons\/icons\/fonts\/icon.eot?#iefix') format('embedded-opentype'), url('https:\/\/estheticbcn.com\/wp-content\/themes\/thefox\/includes\/4k-icons\/icons\/fonts\/icon.woff') format('woff'), url('https:\/\/estheticbcn.com\/wp-content\/themes\/thefox\/includes\/4k-icons\/icons\/fonts\/icon.ttf') format('truetype'), url('https:\/\/estheticbcn.com\/wp-content\/themes\/thefox\/includes\/4k-icons\/icons\/fonts\/icon.svg#oi') format('svg'); font-weight: normal; font-style: normal;}#rand_6f4mf58vzutmtbllvgh0 .icon-esthetic_13:before{font-family: 'icon'; font-weight: normal; font-style: normal;}<\/style>\n<div id=\"rand_6f4mf58vzutmtbllvgh0\" class=\"icon_box_rounded \"><i class=\"icon-esthetic_13\" style=\"background:#eab7a9; color:#fff;\"><\/i><h3 style=\"color:#6f7072;\">Inductors de col\u00b7lagen<\/h3><p style=\"color:#9b9c9e\">Tensat i estimulaci\u00f3 del col.l\u00e0gen amb la injecci\u00f3 <strong><a href=\"https:\/\/estheticbcn.com\/ca\/hidroxiapatita-calcica\">hidroxiapatita c\u00e0lcica<\/a><\/strong> que millora la flacciditat amb uns molt bons resultats.<\/p><\/div>[\/vc_column_inner][\/vc_row_inner][vc_row_inner][vc_column_inner width=&#8221;1\/2&#8243;]<style type=\"text\/css\" >#rand_wgobnjcg3hthrb4y5z1f {margin-top:0px; margin-bottom:0px; }<\/style><style type='text\/css'> @font-face{font-family: 'icon'; src:url('https:\/\/estheticbcn.com\/wp-content\/themes\/thefox\/includes\/4k-icons\/icons\/fonts\/icon.eot'); src:url('https:\/\/estheticbcn.com\/wp-content\/themes\/thefox\/includes\/4k-icons\/icons\/fonts\/icon.eot?#iefix') format('embedded-opentype'), url('https:\/\/estheticbcn.com\/wp-content\/themes\/thefox\/includes\/4k-icons\/icons\/fonts\/icon.woff') format('woff'), url('https:\/\/estheticbcn.com\/wp-content\/themes\/thefox\/includes\/4k-icons\/icons\/fonts\/icon.ttf') format('truetype'), url('https:\/\/estheticbcn.com\/wp-content\/themes\/thefox\/includes\/4k-icons\/icons\/fonts\/icon.svg#oi') format('svg'); font-weight: normal; font-style: normal;}#rand_wgobnjcg3hthrb4y5z1f .icon-esthetic_41:before{font-family: 'icon'; font-weight: normal; font-style: normal;}<\/style>\n<div id=\"rand_wgobnjcg3hthrb4y5z1f\" class=\"icon_box_rounded \"><i class=\"icon-esthetic_41\" style=\"background:#eab7a9; color:#fff;\"><\/i><h3 style=\"color:#6f7072;\">Arrugues verticals<\/h3><p style=\"color:#9b9c9e\">La qualitat de la pell i les petites arrugues verticals les podem tractar amb el sistema de l\u00e0ser <strong><a href=\"https:\/\/estheticbcn.com\/ca\/clear-lift\">Clear Lift<\/a><\/strong>.<\/p><\/div>[\/vc_column_inner][\/vc_row_inner][\/vc_column][\/vc_row]<\/p>\n<\/div>","protected":false},"excerpt":{"rendered":"<p>[vc_row][vc_column width=&#8221;1\/2&#8243; css=&#8221;.vc_custom_1447607081486{padding-bottom: 40px !important;}&#8221;][\/vc_column][vc_column width=&#8221;1\/2&#8243;][vc_custom_heading text=&#8221;Bra\u00e7os&#8221; font_container=&#8221;tag:h2|font_size:30|text_align:left|color:%236f7072|line_height:35px&#8221; use_theme_fonts=&#8221;yes&#8221;][vc_row_inner][vc_column_inner][vc_column_text font_size=&#8221;14&#8243; line_height=&#8221;16px&#8221;]La cara interna del bra\u00e7 \u00e9s una zona que preocupa especialment a les dones a partir de un cert moment de la vida. Tot i tonificar el tr\u00edceps (m\u00fascul subjacent), \u00e9s una regi\u00f3 que marca arrugues i es despenja amb facilitat. [\/vc_column_text][\/vc_column_inner][\/vc_row_inner][vc_row_inner][vc_column_inner width=&#8221;1\/2&#8243;] Lip\u00f2lisiLa carboxiterapia&#8230;<a class=\"more-link\" href=\"https:\/\/estheticbcn.com\/ca\/bracos\/\">Llegir m\u00e9s<\/a><\/p>\n","protected":false},"author":4,"featured_media":0,"parent":0,"menu_order":175,"comment_status":"closed","ping_status":"closed","template":"","meta":{"footnotes":""},"class_list":["post-9061","page","type-page","status-publish","hentry"],"yoast_head":"<!-- This site is optimized with the Yoast SEO plugin v26.0 - https:\/\/yoast.com\/wordpress\/plugins\/seo\/ -->\n<title>Bra\u00e7os - Esthetic BCN<\/title>\n<meta name=\"robots\" content=\"index, follow, max-snippet:-1, max-image-preview:large, max-video-preview:-1\" \/>\n<link rel=\"canonical\" href=\"https:\/\/estheticbcn.com\/ca\/bracos\/\" \/>\n<meta property=\"og:locale\" content=\"ca_ES\" \/>\n<meta property=\"og:type\" content=\"article\" \/>\n<meta property=\"og:title\" content=\"Bra\u00e7os - Esthetic BCN\" \/>\n<meta property=\"og:description\" content=\"[vc_row][vc_column width=&#8221;1\/2&#8243; css=&#8221;.vc_custom_1447607081486{padding-bottom: 40px !important;}&#8221;][\/vc_column][vc_column width=&#8221;1\/2&#8243;][vc_custom_heading text=&#8221;Bra\u00e7os&#8221; font_container=&#8221;tag:h2|font_size:30|text_align:left|color:%236f7072|line_height:35px&#8221; use_theme_fonts=&#8221;yes&#8221;][vc_row_inner][vc_column_inner][vc_column_text font_size=&#8221;14&#8243; line_height=&#8221;16px&#8221;]La cara interna del bra\u00e7 \u00e9s una zona que preocupa especialment a les dones a partir de un cert moment de la vida. Tot i tonificar el tr\u00edceps (m\u00fascul subjacent), \u00e9s una regi\u00f3 que marca arrugues i es despenja amb facilitat. [\/vc_column_text][\/vc_column_inner][\/vc_row_inner][vc_row_inner][vc_column_inner width=&#8221;1\/2&#8243;] Lip\u00f2lisiLa carboxiterapia...Llegir m\u00e9s\" \/>\n<meta property=\"og:url\" content=\"https:\/\/estheticbcn.com\/ca\/bracos\/\" \/>\n<meta property=\"og:site_name\" content=\"Esthetic BCN\" \/>\n<meta property=\"article:modified_time\" content=\"2025-12-23T11:32:53+00:00\" \/>\n<meta name=\"twitter:card\" content=\"summary_large_image\" \/>\n<meta name=\"twitter:label1\" content=\"Temps estimat de lectura\" \/>\n\t<meta name=\"twitter:data1\" content=\"1 minut\" \/>\n<script type=\"application\/ld+json\" class=\"yoast-schema-graph\">{\"@context\":\"https:\/\/schema.org\",\"@graph\":[{\"@type\":\"WebPage\",\"@id\":\"https:\/\/estheticbcn.com\/ca\/bracos\/\",\"url\":\"https:\/\/estheticbcn.com\/ca\/bracos\/\",\"name\":\"Bra\u00e7os - Esthetic BCN\",\"isPartOf\":{\"@id\":\"https:\/\/estheticbcn.com\/#website\"},\"datePublished\":\"2015-09-22T22:47:53+00:00\",\"dateModified\":\"2025-12-23T11:32:53+00:00\",\"inLanguage\":\"ca\",\"potentialAction\":[{\"@type\":\"ReadAction\",\"target\":[\"https:\/\/estheticbcn.com\/ca\/bracos\/\"]}]},{\"@type\":\"WebSite\",\"@id\":\"https:\/\/estheticbcn.com\/#website\",\"url\":\"https:\/\/estheticbcn.com\/\",\"name\":\"Esthetic BCN\",\"description\":\"Otro sitio realizado con WordPress\",\"potentialAction\":[{\"@type\":\"SearchAction\",\"target\":{\"@type\":\"EntryPoint\",\"urlTemplate\":\"https:\/\/estheticbcn.com\/?s={search_term_string}\"},\"query-input\":{\"@type\":\"PropertyValueSpecification\",\"valueRequired\":true,\"valueName\":\"search_term_string\"}}],\"inLanguage\":\"ca\"}]}<\/script>\n<!-- \/ Yoast SEO plugin. -->","yoast_head_json":{"title":"Bra\u00e7os - Esthetic BCN","robots":{"index":"index","follow":"follow","max-snippet":"max-snippet:-1","max-image-preview":"max-image-preview:large","max-video-preview":"max-video-preview:-1"},"canonical":"https:\/\/estheticbcn.com\/ca\/bracos\/","og_locale":"ca_ES","og_type":"article","og_title":"Bra\u00e7os - Esthetic BCN","og_description":"[vc_row][vc_column width=&#8221;1\/2&#8243; css=&#8221;.vc_custom_1447607081486{padding-bottom: 40px !important;}&#8221;][\/vc_column][vc_column width=&#8221;1\/2&#8243;][vc_custom_heading text=&#8221;Bra\u00e7os&#8221; font_container=&#8221;tag:h2|font_size:30|text_align:left|color:%236f7072|line_height:35px&#8221; use_theme_fonts=&#8221;yes&#8221;][vc_row_inner][vc_column_inner][vc_column_text font_size=&#8221;14&#8243; line_height=&#8221;16px&#8221;]La cara interna del bra\u00e7 \u00e9s una zona que preocupa especialment a les dones a partir de un cert moment de la vida. Tot i tonificar el tr\u00edceps (m\u00fascul subjacent), \u00e9s una regi\u00f3 que marca arrugues i es despenja amb facilitat. [\/vc_column_text][\/vc_column_inner][\/vc_row_inner][vc_row_inner][vc_column_inner width=&#8221;1\/2&#8243;] Lip\u00f2lisiLa carboxiterapia...Llegir m\u00e9s","og_url":"https:\/\/estheticbcn.com\/ca\/bracos\/","og_site_name":"Esthetic BCN","article_modified_time":"2025-12-23T11:32:53+00:00","twitter_card":"summary_large_image","twitter_misc":{"Temps estimat de lectura":"1 minut"},"schema":{"@context":"https:\/\/schema.org","@graph":[{"@type":"WebPage","@id":"https:\/\/estheticbcn.com\/ca\/bracos\/","url":"https:\/\/estheticbcn.com\/ca\/bracos\/","name":"Bra\u00e7os - Esthetic BCN","isPartOf":{"@id":"https:\/\/estheticbcn.com\/#website"},"datePublished":"2015-09-22T22:47:53+00:00","dateModified":"2025-12-23T11:32:53+00:00","inLanguage":"ca","potentialAction":[{"@type":"ReadAction","target":["https:\/\/estheticbcn.com\/ca\/bracos\/"]}]},{"@type":"WebSite","@id":"https:\/\/estheticbcn.com\/#website","url":"https:\/\/estheticbcn.com\/","name":"Esthetic BCN","description":"Otro sitio realizado con WordPress","potentialAction":[{"@type":"SearchAction","target":{"@type":"EntryPoint","urlTemplate":"https:\/\/estheticbcn.com\/?s={search_term_string}"},"query-input":{"@type":"PropertyValueSpecification","valueRequired":true,"valueName":"search_term_string"}}],"inLanguage":"ca"}]}},"_links":{"self":[{"href":"https:\/\/estheticbcn.com\/ca\/wp-json\/wp\/v2\/pages\/9061","targetHints":{"allow":["GET"]}}],"collection":[{"href":"https:\/\/estheticbcn.com\/ca\/wp-json\/wp\/v2\/pages"}],"about":[{"href":"https:\/\/estheticbcn.com\/ca\/wp-json\/wp\/v2\/types\/page"}],"author":[{"embeddable":true,"href":"https:\/\/estheticbcn.com\/ca\/wp-json\/wp\/v2\/users\/4"}],"replies":[{"embeddable":true,"href":"https:\/\/estheticbcn.com\/ca\/wp-json\/wp\/v2\/comments?post=9061"}],"version-history":[{"count":0,"href":"https:\/\/estheticbcn.com\/ca\/wp-json\/wp\/v2\/pages\/9061\/revisions"}],"wp:attachment":[{"href":"https:\/\/estheticbcn.com\/ca\/wp-json\/wp\/v2\/media?parent=9061"}],"curies":[{"name":"wp","href":"https:\/\/api.w.org\/{rel}","templated":true}]}}