{"id":9045,"date":"2015-09-03T19:11:20","date_gmt":"2015-09-03T19:11:20","guid":{"rendered":"https:\/\/estheticbcn.com\/ca\/mejilla"},"modified":"2025-12-23T11:54:14","modified_gmt":"2025-12-23T11:54:14","slug":"galta","status":"publish","type":"page","link":"https:\/\/estheticbcn.com\/ca\/galta\/","title":{"rendered":"Galta"},"content":{"rendered":"<div class=\"wpb-content-wrapper\"><p>[vc_row][vc_column width=&#8221;1\/2&#8243; css=&#8221;.vc_custom_1447606914418{padding-bottom: 40px !important;}&#8221;]<style type=\"text\/css\" >#ic_fqwjd0v4ajq2dpuxg3nd {margin:0px auto 0px; }#ic_fqwjd0v4ajq2dpuxg3nd .ic_left,#ic_fqwjd0v4ajq2dpuxg3nd .ic_right,#ic_fqwjd0v4ajq2dpuxg3nd .ic_left:after,#ic_fqwjd0v4ajq2dpuxg3nd .ic_right:after{border-color:#9b9c9e; background:#ffffff; color:#9b9c9e; }#ic_fqwjd0v4ajq2dpuxg3nd .ic_left:hover,#ic_fqwjd0v4ajq2dpuxg3nd .ic_right:hover,#ic_fqwjd0v4ajq2dpuxg3nd .ic_left:hover:after,#ic_fqwjd0v4ajq2dpuxg3nd .ic_right:hover:after{background:transparent; color:#6f7072; }#ic_fqwjd0v4ajq2dpuxg3nd .rd_ic_pager a{border-color:#9b9c9e; background:#ffffff; color:#9b9c9e; }#ic_fqwjd0v4ajq2dpuxg3nd .rd_ic_pager a:hover{border-color:#eab7a9; background:#eab7a9; color:#ffffff; }<\/style><script type=\"text\/javascript\" charset=\"utf-8\">\r\n\t\t\t\t\r\n\t\tjQuery.noConflict();\r\n\t\/\/setup up Carousel\r\n\t\tjQuery(document).ready(function($) {\t\r\n\t\t\t\r\n\t\t\"use strict\";\r\n\t\t\r\n\t\t\t$(window).load(function(){\r\n\t\t$(\"#ic_fqwjd0v4ajq2dpuxg3nd .rd_img_carousel\").carouFredSel({\r\n\t\t\t\t\t\r\n\t\t\t\t\tresponsive: true,\r\n\t\t\t\t\twidth: \"100%\",scroll: 1,\r\n\t\t\t\t\tauto: false,\r\n\t\t\t\t\tprev: \"#ic_fqwjd0v4ajq2dpuxg3nd .ic_left\",\r\n\t\t\t\t\tnext: \"#ic_fqwjd0v4ajq2dpuxg3nd .ic_right\",\r\n\t\t\t\t\tpagination: \"#ic_fqwjd0v4ajq2dpuxg3nd_pager\",\r\n\t\t\t\t\theight : \"variable\",\r\n\t\t\t\t\tswipe       : {\r\n             \t\t   onTouch     : true,\r\n\t\t               onMouse     : false\r\n        \t\t    },\r\n\t\t\t\t\titems: {\r\n\t\t\t\t\theight : \"variable\",\r\n\t\t\t\t\t\tvisible: {\r\n\t\t\t\t\t\t\tmin: 1,\r\n\t\t\t\t\t\t\tmax: 1\r\n\t\t\t\t\t\t}\r\n\t\t\t\t\t}\r\n\t\t\t\t});\r\n\t\t\t\t});\r\n\t\t\t\t});\r\n\t<\/script><div class=\"rd_img_carousel_ctn  \" id=\"ic_fqwjd0v4ajq2dpuxg3nd\"><div class=\"rd_img_carousel\"><a href=\"https:\/\/estheticbcn.com\/wp-content\/uploads\/tratamiento_estetica_facial_mejilla.jpg\"  rel=\"prettyPhoto[rel-fqwjd0v4ajq2dpuxg3nd]\" ><img loading=\"lazy\" decoding=\"async\" width=\"570\" height=\"441\" src=\"https:\/\/estheticbcn.com\/wp-content\/uploads\/tratamiento_estetica_facial_mejilla.jpg\" class=\"attachment-full\" alt=\"\" title=\"tratamiento_estetica_facial_mejilla\" srcset=\"https:\/\/estheticbcn.com\/wp-content\/uploads\/tratamiento_estetica_facial_mejilla.jpg 570w, https:\/\/estheticbcn.com\/wp-content\/uploads\/tratamiento_estetica_facial_mejilla-300x232.jpg 300w\" sizes=\"auto, (max-width: 570px) 100vw, 570px\" \/><\/a><\/div><\/div>[\/vc_column][vc_column width=&#8221;1\/2&#8243;][vc_custom_heading text=&#8221;Galta&#8221; font_container=&#8221;tag:h2|font_size:30|text_align:left|color:%236f7072|line_height:35px&#8221; use_theme_fonts=&#8221;yes&#8221;][vc_row_inner][vc_column_inner][vc_column_text font_size=&#8221;14&#8243; line_height=&#8221;16px&#8221;]La galta, sobretot al somriure amb freq\u00fc\u00e8ncia, est\u00e0 sotmesa a constant contracci\u00f3 pel que d\u00f3na lloc a arrugues verticals i p\u00e8rdua de volum. Podem millorar aquesta zona tractant:[\/vc_column_text][\/vc_column_inner][\/vc_row_inner][vc_row_inner][vc_column_inner width=&#8221;1\/2&#8243;]<style type=\"text\/css\" >#rand_qfl1to9tmxd4y1sy73np {margin-top:0px; margin-bottom:0px; }<\/style><style type='text\/css'> @font-face{font-family: 'icon'; src:url('https:\/\/estheticbcn.com\/wp-content\/themes\/thefox\/includes\/4k-icons\/icons\/fonts\/icon.eot'); src:url('https:\/\/estheticbcn.com\/wp-content\/themes\/thefox\/includes\/4k-icons\/icons\/fonts\/icon.eot?#iefix') format('embedded-opentype'), url('https:\/\/estheticbcn.com\/wp-content\/themes\/thefox\/includes\/4k-icons\/icons\/fonts\/icon.woff') format('woff'), url('https:\/\/estheticbcn.com\/wp-content\/themes\/thefox\/includes\/4k-icons\/icons\/fonts\/icon.ttf') format('truetype'), url('https:\/\/estheticbcn.com\/wp-content\/themes\/thefox\/includes\/4k-icons\/icons\/fonts\/icon.svg#oi') format('svg'); font-weight: normal; font-style: normal;}#rand_qfl1to9tmxd4y1sy73np .icon-esthetic_15:before{font-family: 'icon'; font-weight: normal; font-style: normal;}<\/style>\n<div id=\"rand_qfl1to9tmxd4y1sy73np\" class=\"icon_box_rounded \"><i class=\"icon-esthetic_15\" style=\"background:#eab7a9; color:#fff;\"><\/i><h3 style=\"color:#6f7072;\">P\u00e8rdua de volum<\/h3><p style=\"color:#9b9c9e\"><strong><a href=\"https:\/\/estheticbcn.com\/ca\/farcits-acid-hialuronic\">Farcit d\u2019\u00e0cid hialur\u00f2nic<\/a><\/strong><\/p><\/div>[\/vc_column_inner][vc_column_inner width=&#8221;1\/2&#8243;]<style type=\"text\/css\" >#rand_j4hn7op290nsod1eoqqm {margin-top:0px; margin-bottom:0px; }<\/style><style type='text\/css'> @font-face{font-family: 'icon'; src:url('https:\/\/estheticbcn.com\/wp-content\/themes\/thefox\/includes\/4k-icons\/icons\/fonts\/icon.eot'); src:url('https:\/\/estheticbcn.com\/wp-content\/themes\/thefox\/includes\/4k-icons\/icons\/fonts\/icon.eot?#iefix') format('embedded-opentype'), url('https:\/\/estheticbcn.com\/wp-content\/themes\/thefox\/includes\/4k-icons\/icons\/fonts\/icon.woff') format('woff'), url('https:\/\/estheticbcn.com\/wp-content\/themes\/thefox\/includes\/4k-icons\/icons\/fonts\/icon.ttf') format('truetype'), url('https:\/\/estheticbcn.com\/wp-content\/themes\/thefox\/includes\/4k-icons\/icons\/fonts\/icon.svg#oi') format('svg'); font-weight: normal; font-style: normal;}#rand_j4hn7op290nsod1eoqqm .icon-esthetic_41:before{font-family: 'icon'; font-weight: normal; font-style: normal;}<\/style>\n<div id=\"rand_j4hn7op290nsod1eoqqm\" class=\"icon_box_rounded \"><i class=\"icon-esthetic_41\" style=\"background:#eab7a9; color:#fff;\"><\/i><h3 style=\"color:#6f7072;\">Arrugues verticals<\/h3><p style=\"color:#9b9c9e\">Millorant la qualitat de la pell amb l\u00e0ser tipus <strong><a href=\"https:\/\/estheticbcn.com\/ca\/fraxel-dual\">Fraxel Dual<\/a><\/strong>, <strong><a href=\"https:\/\/estheticbcn.com\/ca\/clear-lift\">Clear Lift<\/a><\/strong>, o t\u00e8cniques de micropunci\u00f3 amb microneedling.<\/p><\/div>[\/vc_column_inner][\/vc_row_inner][\/vc_column][\/vc_row]<\/p>\n<\/div>","protected":false},"excerpt":{"rendered":"<p>[vc_row][vc_column width=&#8221;1\/2&#8243; css=&#8221;.vc_custom_1447606914418{padding-bottom: 40px !important;}&#8221;][\/vc_column][vc_column width=&#8221;1\/2&#8243;][vc_custom_heading text=&#8221;Galta&#8221; font_container=&#8221;tag:h2|font_size:30|text_align:left|color:%236f7072|line_height:35px&#8221; use_theme_fonts=&#8221;yes&#8221;][vc_row_inner][vc_column_inner][vc_column_text font_size=&#8221;14&#8243; line_height=&#8221;16px&#8221;]La galta, sobretot al somriure amb freq\u00fc\u00e8ncia, est\u00e0 sotmesa a constant contracci\u00f3 pel que d\u00f3na lloc a arrugues verticals i p\u00e8rdua de volum. Podem millorar aquesta zona tractant:[\/vc_column_text][\/vc_column_inner][\/vc_row_inner][vc_row_inner][vc_column_inner width=&#8221;1\/2&#8243;] P\u00e8rdua de volumFarcit d\u2019\u00e0cid hialur\u00f2nic[\/vc_column_inner][vc_column_inner width=&#8221;1\/2&#8243;] Arrugues verticalsMillorant la qualitat de la pell amb l\u00e0ser tipus&#8230;<a class=\"more-link\" href=\"https:\/\/estheticbcn.com\/ca\/galta\/\">Llegir m\u00e9s<\/a><\/p>\n","protected":false},"author":4,"featured_media":0,"parent":0,"menu_order":165,"comment_status":"closed","ping_status":"closed","template":"","meta":{"footnotes":""},"class_list":["post-9045","page","type-page","status-publish","hentry"],"yoast_head":"<!-- This site is optimized with the Yoast SEO plugin v26.0 - https:\/\/yoast.com\/wordpress\/plugins\/seo\/ -->\n<title>Galta - Esthetic BCN<\/title>\n<meta name=\"robots\" content=\"index, follow, max-snippet:-1, max-image-preview:large, max-video-preview:-1\" \/>\n<link rel=\"canonical\" href=\"https:\/\/estheticbcn.com\/ca\/galta\/\" \/>\n<meta property=\"og:locale\" content=\"ca_ES\" \/>\n<meta property=\"og:type\" content=\"article\" \/>\n<meta property=\"og:title\" content=\"Galta - Esthetic BCN\" \/>\n<meta property=\"og:description\" content=\"[vc_row][vc_column width=&#8221;1\/2&#8243; css=&#8221;.vc_custom_1447606914418{padding-bottom: 40px !important;}&#8221;][\/vc_column][vc_column width=&#8221;1\/2&#8243;][vc_custom_heading text=&#8221;Galta&#8221; font_container=&#8221;tag:h2|font_size:30|text_align:left|color:%236f7072|line_height:35px&#8221; use_theme_fonts=&#8221;yes&#8221;][vc_row_inner][vc_column_inner][vc_column_text font_size=&#8221;14&#8243; line_height=&#8221;16px&#8221;]La galta, sobretot al somriure amb freq\u00fc\u00e8ncia, est\u00e0 sotmesa a constant contracci\u00f3 pel que d\u00f3na lloc a arrugues verticals i p\u00e8rdua de volum. Podem millorar aquesta zona tractant:[\/vc_column_text][\/vc_column_inner][\/vc_row_inner][vc_row_inner][vc_column_inner width=&#8221;1\/2&#8243;] P\u00e8rdua de volumFarcit d\u2019\u00e0cid hialur\u00f2nic[\/vc_column_inner][vc_column_inner width=&#8221;1\/2&#8243;] Arrugues verticalsMillorant la qualitat de la pell amb l\u00e0ser tipus...Llegir m\u00e9s\" \/>\n<meta property=\"og:url\" content=\"https:\/\/estheticbcn.com\/ca\/galta\/\" \/>\n<meta property=\"og:site_name\" content=\"Esthetic BCN\" \/>\n<meta property=\"article:modified_time\" content=\"2025-12-23T11:54:14+00:00\" \/>\n<meta name=\"twitter:card\" content=\"summary_large_image\" \/>\n<meta name=\"twitter:label1\" content=\"Temps estimat de lectura\" \/>\n\t<meta name=\"twitter:data1\" content=\"1 minut\" \/>\n<script type=\"application\/ld+json\" class=\"yoast-schema-graph\">{\"@context\":\"https:\/\/schema.org\",\"@graph\":[{\"@type\":\"WebPage\",\"@id\":\"https:\/\/estheticbcn.com\/ca\/galta\/\",\"url\":\"https:\/\/estheticbcn.com\/ca\/galta\/\",\"name\":\"Galta - Esthetic BCN\",\"isPartOf\":{\"@id\":\"https:\/\/estheticbcn.com\/#website\"},\"datePublished\":\"2015-09-03T19:11:20+00:00\",\"dateModified\":\"2025-12-23T11:54:14+00:00\",\"inLanguage\":\"ca\",\"potentialAction\":[{\"@type\":\"ReadAction\",\"target\":[\"https:\/\/estheticbcn.com\/ca\/galta\/\"]}]},{\"@type\":\"WebSite\",\"@id\":\"https:\/\/estheticbcn.com\/#website\",\"url\":\"https:\/\/estheticbcn.com\/\",\"name\":\"Esthetic BCN\",\"description\":\"Otro sitio realizado con WordPress\",\"potentialAction\":[{\"@type\":\"SearchAction\",\"target\":{\"@type\":\"EntryPoint\",\"urlTemplate\":\"https:\/\/estheticbcn.com\/?s={search_term_string}\"},\"query-input\":{\"@type\":\"PropertyValueSpecification\",\"valueRequired\":true,\"valueName\":\"search_term_string\"}}],\"inLanguage\":\"ca\"}]}<\/script>\n<!-- \/ Yoast SEO plugin. -->","yoast_head_json":{"title":"Galta - Esthetic BCN","robots":{"index":"index","follow":"follow","max-snippet":"max-snippet:-1","max-image-preview":"max-image-preview:large","max-video-preview":"max-video-preview:-1"},"canonical":"https:\/\/estheticbcn.com\/ca\/galta\/","og_locale":"ca_ES","og_type":"article","og_title":"Galta - Esthetic BCN","og_description":"[vc_row][vc_column width=&#8221;1\/2&#8243; css=&#8221;.vc_custom_1447606914418{padding-bottom: 40px !important;}&#8221;][\/vc_column][vc_column width=&#8221;1\/2&#8243;][vc_custom_heading text=&#8221;Galta&#8221; font_container=&#8221;tag:h2|font_size:30|text_align:left|color:%236f7072|line_height:35px&#8221; use_theme_fonts=&#8221;yes&#8221;][vc_row_inner][vc_column_inner][vc_column_text font_size=&#8221;14&#8243; line_height=&#8221;16px&#8221;]La galta, sobretot al somriure amb freq\u00fc\u00e8ncia, est\u00e0 sotmesa a constant contracci\u00f3 pel que d\u00f3na lloc a arrugues verticals i p\u00e8rdua de volum. Podem millorar aquesta zona tractant:[\/vc_column_text][\/vc_column_inner][\/vc_row_inner][vc_row_inner][vc_column_inner width=&#8221;1\/2&#8243;] P\u00e8rdua de volumFarcit d\u2019\u00e0cid hialur\u00f2nic[\/vc_column_inner][vc_column_inner width=&#8221;1\/2&#8243;] Arrugues verticalsMillorant la qualitat de la pell amb l\u00e0ser tipus...Llegir m\u00e9s","og_url":"https:\/\/estheticbcn.com\/ca\/galta\/","og_site_name":"Esthetic BCN","article_modified_time":"2025-12-23T11:54:14+00:00","twitter_card":"summary_large_image","twitter_misc":{"Temps estimat de lectura":"1 minut"},"schema":{"@context":"https:\/\/schema.org","@graph":[{"@type":"WebPage","@id":"https:\/\/estheticbcn.com\/ca\/galta\/","url":"https:\/\/estheticbcn.com\/ca\/galta\/","name":"Galta - Esthetic BCN","isPartOf":{"@id":"https:\/\/estheticbcn.com\/#website"},"datePublished":"2015-09-03T19:11:20+00:00","dateModified":"2025-12-23T11:54:14+00:00","inLanguage":"ca","potentialAction":[{"@type":"ReadAction","target":["https:\/\/estheticbcn.com\/ca\/galta\/"]}]},{"@type":"WebSite","@id":"https:\/\/estheticbcn.com\/#website","url":"https:\/\/estheticbcn.com\/","name":"Esthetic BCN","description":"Otro sitio realizado con WordPress","potentialAction":[{"@type":"SearchAction","target":{"@type":"EntryPoint","urlTemplate":"https:\/\/estheticbcn.com\/?s={search_term_string}"},"query-input":{"@type":"PropertyValueSpecification","valueRequired":true,"valueName":"search_term_string"}}],"inLanguage":"ca"}]}},"_links":{"self":[{"href":"https:\/\/estheticbcn.com\/ca\/wp-json\/wp\/v2\/pages\/9045","targetHints":{"allow":["GET"]}}],"collection":[{"href":"https:\/\/estheticbcn.com\/ca\/wp-json\/wp\/v2\/pages"}],"about":[{"href":"https:\/\/estheticbcn.com\/ca\/wp-json\/wp\/v2\/types\/page"}],"author":[{"embeddable":true,"href":"https:\/\/estheticbcn.com\/ca\/wp-json\/wp\/v2\/users\/4"}],"replies":[{"embeddable":true,"href":"https:\/\/estheticbcn.com\/ca\/wp-json\/wp\/v2\/comments?post=9045"}],"version-history":[{"count":0,"href":"https:\/\/estheticbcn.com\/ca\/wp-json\/wp\/v2\/pages\/9045\/revisions"}],"wp:attachment":[{"href":"https:\/\/estheticbcn.com\/ca\/wp-json\/wp\/v2\/media?parent=9045"}],"curies":[{"name":"wp","href":"https:\/\/api.w.org\/{rel}","templated":true}]}}