{"id":9036,"date":"2015-09-03T19:11:20","date_gmt":"2015-09-03T19:11:20","guid":{"rendered":"https:\/\/estheticbcn.com\/ca\/flaccidez-facial"},"modified":"2025-12-23T11:44:30","modified_gmt":"2025-12-23T11:44:30","slug":"flacciditat-facial","status":"publish","type":"page","link":"https:\/\/estheticbcn.com\/ca\/flacciditat-facial\/","title":{"rendered":"Flacciditat"},"content":{"rendered":"<div class=\"wpb-content-wrapper\"><p>[vc_row][vc_column width=&#8221;1\/2&#8243; css=&#8221;.vc_custom_1447605743455{padding-bottom: 40px !important;}&#8221;]<style type=\"text\/css\" >#ic_rksuw4lsjop9zv06xq12 {margin:0px auto 0px; }#ic_rksuw4lsjop9zv06xq12 .ic_left,#ic_rksuw4lsjop9zv06xq12 .ic_right,#ic_rksuw4lsjop9zv06xq12 .ic_left:after,#ic_rksuw4lsjop9zv06xq12 .ic_right:after{border-color:#9b9c9e; background:#ffffff; color:#9b9c9e; }#ic_rksuw4lsjop9zv06xq12 .ic_left:hover,#ic_rksuw4lsjop9zv06xq12 .ic_right:hover,#ic_rksuw4lsjop9zv06xq12 .ic_left:hover:after,#ic_rksuw4lsjop9zv06xq12 .ic_right:hover:after{background:transparent; color:#6f7072; }#ic_rksuw4lsjop9zv06xq12 .rd_ic_pager a{border-color:#9b9c9e; background:#ffffff; color:#9b9c9e; }#ic_rksuw4lsjop9zv06xq12 .rd_ic_pager a:hover{border-color:#eab7a9; background:#eab7a9; color:#ffffff; }<\/style><script type=\"text\/javascript\" charset=\"utf-8\">\r\n\t\t\t\t\r\n\t\tjQuery.noConflict();\r\n\t\/\/setup up Carousel\r\n\t\tjQuery(document).ready(function($) {\t\r\n\t\t\t\r\n\t\t\"use strict\";\r\n\t\t\r\n\t\t\t$(window).load(function(){\r\n\t\t$(\"#ic_rksuw4lsjop9zv06xq12 .rd_img_carousel\").carouFredSel({\r\n\t\t\t\t\t\r\n\t\t\t\t\tresponsive: true,\r\n\t\t\t\t\twidth: \"100%\",scroll: 1,\r\n\t\t\t\t\tauto: false,\r\n\t\t\t\t\tprev: \"#ic_rksuw4lsjop9zv06xq12 .ic_left\",\r\n\t\t\t\t\tnext: \"#ic_rksuw4lsjop9zv06xq12 .ic_right\",\r\n\t\t\t\t\tpagination: \"#ic_rksuw4lsjop9zv06xq12_pager\",\r\n\t\t\t\t\theight : \"variable\",\r\n\t\t\t\t\tswipe       : {\r\n             \t\t   onTouch     : true,\r\n\t\t               onMouse     : false\r\n        \t\t    },\r\n\t\t\t\t\titems: {\r\n\t\t\t\t\theight : \"variable\",\r\n\t\t\t\t\t\tvisible: {\r\n\t\t\t\t\t\t\tmin: 1,\r\n\t\t\t\t\t\t\tmax: 1\r\n\t\t\t\t\t\t}\r\n\t\t\t\t\t}\r\n\t\t\t\t});\r\n\t\t\t\t});\r\n\t\t\t\t});\r\n\t<\/script><div class=\"rd_img_carousel_ctn  \" id=\"ic_rksuw4lsjop9zv06xq12\"><div class=\"rd_img_carousel\"><a href=\"https:\/\/estheticbcn.com\/wp-content\/uploads\/tratamiento_estetica_facial_flacidez.jpg\"  rel=\"prettyPhoto[rel-rksuw4lsjop9zv06xq12]\" ><img loading=\"lazy\" decoding=\"async\" width=\"570\" height=\"441\" src=\"https:\/\/estheticbcn.com\/wp-content\/uploads\/tratamiento_estetica_facial_flacidez.jpg\" class=\"attachment-full\" alt=\"\" title=\"tratamiento_estetica_facial_flacidez\" srcset=\"https:\/\/estheticbcn.com\/wp-content\/uploads\/tratamiento_estetica_facial_flacidez.jpg 570w, https:\/\/estheticbcn.com\/wp-content\/uploads\/tratamiento_estetica_facial_flacidez-300x232.jpg 300w\" sizes=\"auto, (max-width: 570px) 100vw, 570px\" \/><\/a><\/div><\/div>[\/vc_column][vc_column width=&#8221;1\/2&#8243;][vc_custom_heading text=&#8221;Flaccidez&#8221; font_container=&#8221;tag:h2|font_size:30|text_align:left|color:%236f7072|line_height:35px&#8221; use_theme_fonts=&#8221;yes&#8221;][vc_row_inner][vc_column_inner][vc_column_text font_size=&#8221;14&#8243; line_height=&#8221;16px&#8221;]El pas dels anys, dona lloc a una p\u00e8rdua de col\u00b7lagen i elastina que es tradueix en flacciditat tant facial com a corporal. Tenim diversos sistemes que ens ajuden a millorar la producci\u00f3 de col\u00b7lagen i amb aix\u00f2 minvar la caiguda dels teixits.[\/vc_column_text][\/vc_column_inner][\/vc_row_inner][vc_row_inner][vc_column_inner width=&#8221;1\/2&#8243;]<style type=\"text\/css\" >#rand_rn6atqamcujelfk4yky9 {margin-top:0px; margin-bottom:0px; }<\/style><style type='text\/css'> @font-face{font-family: 'icon'; src:url('https:\/\/estheticbcn.com\/wp-content\/themes\/thefox\/includes\/4k-icons\/icons\/fonts\/icon.eot'); src:url('https:\/\/estheticbcn.com\/wp-content\/themes\/thefox\/includes\/4k-icons\/icons\/fonts\/icon.eot?#iefix') format('embedded-opentype'), url('https:\/\/estheticbcn.com\/wp-content\/themes\/thefox\/includes\/4k-icons\/icons\/fonts\/icon.woff') format('woff'), url('https:\/\/estheticbcn.com\/wp-content\/themes\/thefox\/includes\/4k-icons\/icons\/fonts\/icon.ttf') format('truetype'), url('https:\/\/estheticbcn.com\/wp-content\/themes\/thefox\/includes\/4k-icons\/icons\/fonts\/icon.svg#oi') format('svg'); font-weight: normal; font-style: normal;}#rand_rn6atqamcujelfk4yky9 .icon-esthetic_31:before{font-family: 'icon'; font-weight: normal; font-style: normal;}<\/style>\n<div id=\"rand_rn6atqamcujelfk4yky9\" class=\"icon_box_rounded \"><i class=\"icon-esthetic_31\" style=\"background:#eab7a9; color:#fff;\"><\/i><h3 style=\"color:#6f7072;\">Thermage FLX<\/h3><p style=\"color:#9b9c9e\"><strong><a href=\"https:\/\/estheticbcn.com\/ca\/thermage-cpt\">Thermage FLX<\/a><\/strong>. Sistema de radiofreq\u00fc\u00e8ncia que en una sola sessi\u00f3 anual, permet el tensat de la pell de forma natural y progressiva.<\/p><\/div>[\/vc_column_inner][vc_column_inner width=&#8221;1\/2&#8243;]<style type=\"text\/css\" >#rand_zzmv8cxc984lukaqv50t {margin-top:0px; margin-bottom:0px; }<\/style><style type='text\/css'> @font-face{font-family: 'icon'; src:url('https:\/\/estheticbcn.com\/wp-content\/themes\/thefox\/includes\/4k-icons\/icons\/fonts\/icon.eot'); src:url('https:\/\/estheticbcn.com\/wp-content\/themes\/thefox\/includes\/4k-icons\/icons\/fonts\/icon.eot?#iefix') format('embedded-opentype'), url('https:\/\/estheticbcn.com\/wp-content\/themes\/thefox\/includes\/4k-icons\/icons\/fonts\/icon.woff') format('woff'), url('https:\/\/estheticbcn.com\/wp-content\/themes\/thefox\/includes\/4k-icons\/icons\/fonts\/icon.ttf') format('truetype'), url('https:\/\/estheticbcn.com\/wp-content\/themes\/thefox\/includes\/4k-icons\/icons\/fonts\/icon.svg#oi') format('svg'); font-weight: normal; font-style: normal;}#rand_zzmv8cxc984lukaqv50t .icon-esthetic_36:before{font-family: 'icon'; font-weight: normal; font-style: normal;}<\/style>\n<div id=\"rand_zzmv8cxc984lukaqv50t\" class=\"icon_box_rounded \"><i class=\"icon-esthetic_36\" style=\"background:#eab7a9; color:#fff;\"><\/i><h3 style=\"color:#6f7072;\">Fils tensors de PDO<\/h3><p style=\"color:#9b9c9e\"><strong><a href=\"https:\/\/estheticbcn.com\/ca\/fils-tensors\">Fils tensors de PDO.<\/a><\/strong> Ajuden a formar col\u00b7lagen, que \u00e9s l\u2019element principal de sosteniment de la pell.<\/p><\/div>[\/vc_column_inner][\/vc_row_inner][vc_row_inner][vc_column_inner width=&#8221;1\/2&#8243;]<style type=\"text\/css\" >#rand_s4ttcf2b1dxgz79v11ik {margin-top:0px; margin-bottom:0px; }<\/style><style type='text\/css'> @font-face{font-family: 'icon'; src:url('https:\/\/estheticbcn.com\/wp-content\/themes\/thefox\/includes\/4k-icons\/icons\/fonts\/icon.eot'); src:url('https:\/\/estheticbcn.com\/wp-content\/themes\/thefox\/includes\/4k-icons\/icons\/fonts\/icon.eot?#iefix') format('embedded-opentype'), url('https:\/\/estheticbcn.com\/wp-content\/themes\/thefox\/includes\/4k-icons\/icons\/fonts\/icon.woff') format('woff'), url('https:\/\/estheticbcn.com\/wp-content\/themes\/thefox\/includes\/4k-icons\/icons\/fonts\/icon.ttf') format('truetype'), url('https:\/\/estheticbcn.com\/wp-content\/themes\/thefox\/includes\/4k-icons\/icons\/fonts\/icon.svg#oi') format('svg'); font-weight: normal; font-style: normal;}#rand_s4ttcf2b1dxgz79v11ik .icon-esthetic_5:before{font-family: 'icon'; font-weight: normal; font-style: normal;}<\/style>\n<div id=\"rand_s4ttcf2b1dxgz79v11ik\" class=\"icon_box_rounded \"><i class=\"icon-esthetic_5\" style=\"background:#eab7a9; color:#fff;\"><\/i><h3 style=\"color:#6f7072;\">Clear Lift<\/h3><p style=\"color:#9b9c9e\"><strong><a href=\"https:\/\/estheticbcn.com\/ca\/clear-lift\">Clear Lift<\/a><\/strong>. L\u00e0ser Q-S fraccionat no ablatiu que permet la regeneraci\u00f3 de col\u00b7lagen i rejoveniment no ablatiu de la pell, \u00e9s indolor i es pot realitzar a l\u2019estiu sempre que no hi hagi exposici\u00f3 solar tres dies abans i tres dies despr\u00e9s del tractament.<\/p><\/div>[\/vc_column_inner][vc_column_inner width=&#8221;1\/2&#8243;]<style type=\"text\/css\" >#rand_b1gl9vuy50tvqg9hb7iy {margin-top:0px; margin-bottom:0px; }<\/style><style type='text\/css'> @font-face{font-family: 'icon'; src:url('https:\/\/estheticbcn.com\/wp-content\/themes\/thefox\/includes\/4k-icons\/icons\/fonts\/icon.eot'); src:url('https:\/\/estheticbcn.com\/wp-content\/themes\/thefox\/includes\/4k-icons\/icons\/fonts\/icon.eot?#iefix') format('embedded-opentype'), url('https:\/\/estheticbcn.com\/wp-content\/themes\/thefox\/includes\/4k-icons\/icons\/fonts\/icon.woff') format('woff'), url('https:\/\/estheticbcn.com\/wp-content\/themes\/thefox\/includes\/4k-icons\/icons\/fonts\/icon.ttf') format('truetype'), url('https:\/\/estheticbcn.com\/wp-content\/themes\/thefox\/includes\/4k-icons\/icons\/fonts\/icon.svg#oi') format('svg'); font-weight: normal; font-style: normal;}#rand_b1gl9vuy50tvqg9hb7iy .icon-esthetic_45:before{font-family: 'icon'; font-weight: normal; font-style: normal;}<\/style>\n<div id=\"rand_b1gl9vuy50tvqg9hb7iy\" class=\"icon_box_rounded \"><i class=\"icon-esthetic_45\" style=\"background:#eab7a9; color:#fff;\"><\/i><h3 style=\"color:#6f7072;\">Exilis Elite facial<\/h3><p style=\"color:#9b9c9e\"><strong><a href=\"https:\/\/estheticbcn.com\/ca\/exilis-elite\">Exilis Elite facial<\/a><\/strong>. Sistema de radiofreq\u00fc\u00e8ncia que permet realitzar tractament tant de zones grans com petites sense cap tipus de mol\u00e8stia. Requereix una mitjana de 4 sessions per zona tractada.<\/p><\/div>[\/vc_column_inner][\/vc_row_inner][vc_row_inner][vc_column_inner width=&#8221;1\/2&#8243;]<style type=\"text\/css\" >#rand_2oyi059xfphfz21kfxw4 {margin-top:0px; margin-bottom:0px; }<\/style><style type='text\/css'> @font-face{font-family: 'ebcn'; src:url('https:\/\/estheticbcn.com\/wp-content\/themes\/thefox\/includes\/4k-icons\/icons\/fonts\/ebcn.eot'); src:url('https:\/\/estheticbcn.com\/wp-content\/themes\/thefox\/includes\/4k-icons\/icons\/fonts\/ebcn.eot?#iefix') format('embedded-opentype'), url('https:\/\/estheticbcn.com\/wp-content\/themes\/thefox\/includes\/4k-icons\/icons\/fonts\/ebcn.woff') format('woff'), url('https:\/\/estheticbcn.com\/wp-content\/themes\/thefox\/includes\/4k-icons\/icons\/fonts\/ebcn.ttf') format('truetype'), url('https:\/\/estheticbcn.com\/wp-content\/themes\/thefox\/includes\/4k-icons\/icons\/fonts\/ebcn.svg#oi') format('svg'); font-weight: normal; font-style: normal;}#rand_2oyi059xfphfz21kfxw4 .ebcn-icons-sculptra:before{font-family: 'ebcn'; font-weight: normal; font-style: normal;}<\/style>\n<div id=\"rand_2oyi059xfphfz21kfxw4\" class=\"icon_box_rounded \"><i class=\"ebcn-icons-sculptra\" style=\"background:#eab7a9; color:#fff;\"><\/i><h3 style=\"color:#6f7072;\">Sculptra<\/h3><p style=\"color:#9b9c9e\"><strong><a href=\"https:\/\/estheticbcn.com\/ca\/sculptra\">Sculptra<\/a><\/strong>. \u00c9s un producte sint\u00e8tic, biodegradable i biocompatible format per microesferes de \u00c0cid Poli-L-l\u00e0ctic que produeixen una gran estimulaci\u00f3 de la formaci\u00f3 de col\u00b7lagen pel que la seva utilitzaci\u00f3 permet disminuir la flacciditat, augmentar el volum facial i corregir arrugues.<\/p><\/div>[\/vc_column_inner][vc_column_inner width=&#8221;1\/2&#8243;]<style type=\"text\/css\" >#rand_3qq0r4rhrmgdr9pj81dc {margin-top:0px; margin-bottom:0px; }<\/style><style type='text\/css'> @font-face{font-family: 'icon'; src:url('https:\/\/estheticbcn.com\/wp-content\/themes\/thefox\/includes\/4k-icons\/icons\/fonts\/icon.eot'); src:url('https:\/\/estheticbcn.com\/wp-content\/themes\/thefox\/includes\/4k-icons\/icons\/fonts\/icon.eot?#iefix') format('embedded-opentype'), url('https:\/\/estheticbcn.com\/wp-content\/themes\/thefox\/includes\/4k-icons\/icons\/fonts\/icon.woff') format('woff'), url('https:\/\/estheticbcn.com\/wp-content\/themes\/thefox\/includes\/4k-icons\/icons\/fonts\/icon.ttf') format('truetype'), url('https:\/\/estheticbcn.com\/wp-content\/themes\/thefox\/includes\/4k-icons\/icons\/fonts\/icon.svg#oi') format('svg'); font-weight: normal; font-style: normal;}#rand_3qq0r4rhrmgdr9pj81dc .icon-ultraformer:before{font-family: 'icon'; font-weight: normal; font-style: normal;}<\/style>\n<div id=\"rand_3qq0r4rhrmgdr9pj81dc\" class=\"icon_box_rounded \"><i class=\"icon-ultraformer\" style=\"background:#eab7a9; color:#fff;\"><\/i><h3 style=\"color:#6f7072;\">Tecnologia HIFU<\/h3><p style=\"color:#9b9c9e\">La tecnologia HIFU es<strong><a href=\"https:\/\/estheticbcn.com\/ca\/ultraformer-iii\">Ultraformer III<\/a><\/strong> o ultrasons focalitzats d&#8217;alta intensitat que permeten de forma no invasiva, tibar el teixit i estimular la formaci\u00f3 de col\u00b7lagen.<\/p><\/div>[\/vc_column_inner][\/vc_row_inner][vc_row_inner][vc_column_inner width=&#8221;1\/2&#8243;]<style type=\"text\/css\" >#rand_6botqzgzoo87wakaaj90 {margin-top:0px; margin-bottom:0px; }<\/style><style type='text\/css'> @font-face{font-family: 'icon'; src:url('https:\/\/estheticbcn.com\/wp-content\/themes\/thefox\/includes\/4k-icons\/icons\/fonts\/icon.eot'); src:url('https:\/\/estheticbcn.com\/wp-content\/themes\/thefox\/includes\/4k-icons\/icons\/fonts\/icon.eot?#iefix') format('embedded-opentype'), url('https:\/\/estheticbcn.com\/wp-content\/themes\/thefox\/includes\/4k-icons\/icons\/fonts\/icon.woff') format('woff'), url('https:\/\/estheticbcn.com\/wp-content\/themes\/thefox\/includes\/4k-icons\/icons\/fonts\/icon.ttf') format('truetype'), url('https:\/\/estheticbcn.com\/wp-content\/themes\/thefox\/includes\/4k-icons\/icons\/fonts\/icon.svg#oi') format('svg'); font-weight: normal; font-style: normal;}#rand_6botqzgzoo87wakaaj90 .icon-esthetic_5:before{font-family: 'icon'; font-weight: normal; font-style: normal;}<\/style>\n<div id=\"rand_6botqzgzoo87wakaaj90\" class=\"icon_box_rounded \"><i class=\"icon-esthetic_5\" style=\"background:#eab7a9; color:#fff;\"><\/i><h3 style=\"color:#6f7072;\">Lasotronix<\/h3><p style=\"color:#9b9c9e\">o <a href=\"https:\/\/estheticbcn.com\/ca\/lasotronix-endolifting\/\"><strong>endolifting<\/strong><\/a>: l\u00e1ser 1470, que permet guanyar tensi\u00f3, mellorar la pell i redu\u00efr greix localitzat. M\u00ednimament invasiu i resultats de llarga durada amb una sola sessi\u00f3.<\/p><\/div>[\/vc_column_inner][vc_column_inner width=&#8221;1\/2&#8243;][\/vc_column_inner][\/vc_row_inner][\/vc_column][\/vc_row]<\/p>\n<\/div>","protected":false},"excerpt":{"rendered":"<p>[vc_row][vc_column width=&#8221;1\/2&#8243; css=&#8221;.vc_custom_1447605743455{padding-bottom: 40px !important;}&#8221;][\/vc_column][vc_column width=&#8221;1\/2&#8243;][vc_custom_heading text=&#8221;Flaccidez&#8221; font_container=&#8221;tag:h2|font_size:30|text_align:left|color:%236f7072|line_height:35px&#8221; use_theme_fonts=&#8221;yes&#8221;][vc_row_inner][vc_column_inner][vc_column_text font_size=&#8221;14&#8243; line_height=&#8221;16px&#8221;]El pas dels anys, dona lloc a una p\u00e8rdua de col\u00b7lagen i elastina que es tradueix en flacciditat tant facial com a corporal. Tenim diversos sistemes que ens ajuden a millorar la producci\u00f3 de col\u00b7lagen i amb aix\u00f2 minvar la caiguda dels teixits.[\/vc_column_text][\/vc_column_inner][\/vc_row_inner][vc_row_inner][vc_column_inner width=&#8221;1\/2&#8243;] Thermage&#8230;<a class=\"more-link\" href=\"https:\/\/estheticbcn.com\/ca\/flacciditat-facial\/\">Llegir m\u00e9s<\/a><\/p>\n","protected":false},"author":4,"featured_media":0,"parent":0,"menu_order":160,"comment_status":"closed","ping_status":"closed","template":"","meta":{"footnotes":""},"class_list":["post-9036","page","type-page","status-publish","hentry"],"yoast_head":"<!-- This site is optimized with the Yoast SEO plugin v26.0 - https:\/\/yoast.com\/wordpress\/plugins\/seo\/ -->\n<title>Flacciditat - Esthetic BCN<\/title>\n<meta name=\"robots\" content=\"index, follow, max-snippet:-1, max-image-preview:large, max-video-preview:-1\" \/>\n<link rel=\"canonical\" href=\"https:\/\/estheticbcn.com\/ca\/flacciditat-facial\/\" \/>\n<meta property=\"og:locale\" content=\"ca_ES\" \/>\n<meta property=\"og:type\" content=\"article\" \/>\n<meta property=\"og:title\" content=\"Flacciditat - Esthetic BCN\" \/>\n<meta property=\"og:description\" content=\"[vc_row][vc_column width=&#8221;1\/2&#8243; css=&#8221;.vc_custom_1447605743455{padding-bottom: 40px !important;}&#8221;][\/vc_column][vc_column width=&#8221;1\/2&#8243;][vc_custom_heading text=&#8221;Flaccidez&#8221; font_container=&#8221;tag:h2|font_size:30|text_align:left|color:%236f7072|line_height:35px&#8221; use_theme_fonts=&#8221;yes&#8221;][vc_row_inner][vc_column_inner][vc_column_text font_size=&#8221;14&#8243; line_height=&#8221;16px&#8221;]El pas dels anys, dona lloc a una p\u00e8rdua de col\u00b7lagen i elastina que es tradueix en flacciditat tant facial com a corporal. Tenim diversos sistemes que ens ajuden a millorar la producci\u00f3 de col\u00b7lagen i amb aix\u00f2 minvar la caiguda dels teixits.[\/vc_column_text][\/vc_column_inner][\/vc_row_inner][vc_row_inner][vc_column_inner width=&#8221;1\/2&#8243;] Thermage...Llegir m\u00e9s\" \/>\n<meta property=\"og:url\" content=\"https:\/\/estheticbcn.com\/ca\/flacciditat-facial\/\" \/>\n<meta property=\"og:site_name\" content=\"Esthetic BCN\" \/>\n<meta property=\"article:modified_time\" content=\"2025-12-23T11:44:30+00:00\" \/>\n<meta name=\"twitter:card\" content=\"summary_large_image\" \/>\n<meta name=\"twitter:label1\" content=\"Temps estimat de lectura\" \/>\n\t<meta name=\"twitter:data1\" content=\"2 minuts\" \/>\n<script type=\"application\/ld+json\" class=\"yoast-schema-graph\">{\"@context\":\"https:\/\/schema.org\",\"@graph\":[{\"@type\":\"WebPage\",\"@id\":\"https:\/\/estheticbcn.com\/ca\/flacciditat-facial\/\",\"url\":\"https:\/\/estheticbcn.com\/ca\/flacciditat-facial\/\",\"name\":\"Flacciditat - Esthetic BCN\",\"isPartOf\":{\"@id\":\"https:\/\/estheticbcn.com\/#website\"},\"datePublished\":\"2015-09-03T19:11:20+00:00\",\"dateModified\":\"2025-12-23T11:44:30+00:00\",\"inLanguage\":\"ca\",\"potentialAction\":[{\"@type\":\"ReadAction\",\"target\":[\"https:\/\/estheticbcn.com\/ca\/flacciditat-facial\/\"]}]},{\"@type\":\"WebSite\",\"@id\":\"https:\/\/estheticbcn.com\/#website\",\"url\":\"https:\/\/estheticbcn.com\/\",\"name\":\"Esthetic BCN\",\"description\":\"Otro sitio realizado con WordPress\",\"potentialAction\":[{\"@type\":\"SearchAction\",\"target\":{\"@type\":\"EntryPoint\",\"urlTemplate\":\"https:\/\/estheticbcn.com\/?s={search_term_string}\"},\"query-input\":{\"@type\":\"PropertyValueSpecification\",\"valueRequired\":true,\"valueName\":\"search_term_string\"}}],\"inLanguage\":\"ca\"}]}<\/script>\n<!-- \/ Yoast SEO plugin. -->","yoast_head_json":{"title":"Flacciditat - Esthetic BCN","robots":{"index":"index","follow":"follow","max-snippet":"max-snippet:-1","max-image-preview":"max-image-preview:large","max-video-preview":"max-video-preview:-1"},"canonical":"https:\/\/estheticbcn.com\/ca\/flacciditat-facial\/","og_locale":"ca_ES","og_type":"article","og_title":"Flacciditat - Esthetic BCN","og_description":"[vc_row][vc_column width=&#8221;1\/2&#8243; css=&#8221;.vc_custom_1447605743455{padding-bottom: 40px !important;}&#8221;][\/vc_column][vc_column width=&#8221;1\/2&#8243;][vc_custom_heading text=&#8221;Flaccidez&#8221; font_container=&#8221;tag:h2|font_size:30|text_align:left|color:%236f7072|line_height:35px&#8221; use_theme_fonts=&#8221;yes&#8221;][vc_row_inner][vc_column_inner][vc_column_text font_size=&#8221;14&#8243; line_height=&#8221;16px&#8221;]El pas dels anys, dona lloc a una p\u00e8rdua de col\u00b7lagen i elastina que es tradueix en flacciditat tant facial com a corporal. Tenim diversos sistemes que ens ajuden a millorar la producci\u00f3 de col\u00b7lagen i amb aix\u00f2 minvar la caiguda dels teixits.[\/vc_column_text][\/vc_column_inner][\/vc_row_inner][vc_row_inner][vc_column_inner width=&#8221;1\/2&#8243;] Thermage...Llegir m\u00e9s","og_url":"https:\/\/estheticbcn.com\/ca\/flacciditat-facial\/","og_site_name":"Esthetic BCN","article_modified_time":"2025-12-23T11:44:30+00:00","twitter_card":"summary_large_image","twitter_misc":{"Temps estimat de lectura":"2 minuts"},"schema":{"@context":"https:\/\/schema.org","@graph":[{"@type":"WebPage","@id":"https:\/\/estheticbcn.com\/ca\/flacciditat-facial\/","url":"https:\/\/estheticbcn.com\/ca\/flacciditat-facial\/","name":"Flacciditat - Esthetic BCN","isPartOf":{"@id":"https:\/\/estheticbcn.com\/#website"},"datePublished":"2015-09-03T19:11:20+00:00","dateModified":"2025-12-23T11:44:30+00:00","inLanguage":"ca","potentialAction":[{"@type":"ReadAction","target":["https:\/\/estheticbcn.com\/ca\/flacciditat-facial\/"]}]},{"@type":"WebSite","@id":"https:\/\/estheticbcn.com\/#website","url":"https:\/\/estheticbcn.com\/","name":"Esthetic BCN","description":"Otro sitio realizado con WordPress","potentialAction":[{"@type":"SearchAction","target":{"@type":"EntryPoint","urlTemplate":"https:\/\/estheticbcn.com\/?s={search_term_string}"},"query-input":{"@type":"PropertyValueSpecification","valueRequired":true,"valueName":"search_term_string"}}],"inLanguage":"ca"}]}},"_links":{"self":[{"href":"https:\/\/estheticbcn.com\/ca\/wp-json\/wp\/v2\/pages\/9036","targetHints":{"allow":["GET"]}}],"collection":[{"href":"https:\/\/estheticbcn.com\/ca\/wp-json\/wp\/v2\/pages"}],"about":[{"href":"https:\/\/estheticbcn.com\/ca\/wp-json\/wp\/v2\/types\/page"}],"author":[{"embeddable":true,"href":"https:\/\/estheticbcn.com\/ca\/wp-json\/wp\/v2\/users\/4"}],"replies":[{"embeddable":true,"href":"https:\/\/estheticbcn.com\/ca\/wp-json\/wp\/v2\/comments?post=9036"}],"version-history":[{"count":0,"href":"https:\/\/estheticbcn.com\/ca\/wp-json\/wp\/v2\/pages\/9036\/revisions"}],"wp:attachment":[{"href":"https:\/\/estheticbcn.com\/ca\/wp-json\/wp\/v2\/media?parent=9036"}],"curies":[{"name":"wp","href":"https:\/\/api.w.org\/{rel}","templated":true}]}}