{"id":9030,"date":"2015-09-03T19:11:20","date_gmt":"2015-09-03T19:11:20","guid":{"rendered":"https:\/\/estheticbcn.com\/ca\/perdida-de-volumen"},"modified":"2016-01-19T13:27:35","modified_gmt":"2016-01-19T13:27:35","slug":"perdua-de-volum","status":"publish","type":"page","link":"https:\/\/estheticbcn.com\/ca\/perdua-de-volum\/","title":{"rendered":"P\u00e8rdua de volum"},"content":{"rendered":"<div class=\"wpb-content-wrapper\"><p>[vc_row][vc_column width=&#8221;1\/2&#8243; css=&#8221;.vc_custom_1447605712030{padding-bottom: 40px !important;}&#8221;]<style type=\"text\/css\" >#ic_uxhw38chjytl9ptfohib {margin:0px auto 0px; }#ic_uxhw38chjytl9ptfohib .ic_left,#ic_uxhw38chjytl9ptfohib .ic_right,#ic_uxhw38chjytl9ptfohib .ic_left:after,#ic_uxhw38chjytl9ptfohib .ic_right:after{border-color:#9b9c9e; background:#ffffff; color:#9b9c9e; }#ic_uxhw38chjytl9ptfohib .ic_left:hover,#ic_uxhw38chjytl9ptfohib .ic_right:hover,#ic_uxhw38chjytl9ptfohib .ic_left:hover:after,#ic_uxhw38chjytl9ptfohib .ic_right:hover:after{background:transparent; color:#6f7072; }#ic_uxhw38chjytl9ptfohib .rd_ic_pager a{border-color:#9b9c9e; background:#ffffff; color:#9b9c9e; }#ic_uxhw38chjytl9ptfohib .rd_ic_pager a:hover{border-color:#eab7a9; background:#eab7a9; color:#ffffff; }<\/style><script type=\"text\/javascript\" charset=\"utf-8\">\r\n\t\t\t\t\r\n\t\tjQuery.noConflict();\r\n\t\/\/setup up Carousel\r\n\t\tjQuery(document).ready(function($) {\t\r\n\t\t\t\r\n\t\t\"use strict\";\r\n\t\t\r\n\t\t\t$(window).load(function(){\r\n\t\t$(\"#ic_uxhw38chjytl9ptfohib .rd_img_carousel\").carouFredSel({\r\n\t\t\t\t\t\r\n\t\t\t\t\tresponsive: true,\r\n\t\t\t\t\twidth: \"100%\",scroll: 1,\r\n\t\t\t\t\tauto: false,\r\n\t\t\t\t\tprev: \"#ic_uxhw38chjytl9ptfohib .ic_left\",\r\n\t\t\t\t\tnext: \"#ic_uxhw38chjytl9ptfohib .ic_right\",\r\n\t\t\t\t\tpagination: \"#ic_uxhw38chjytl9ptfohib_pager\",\r\n\t\t\t\t\theight : \"variable\",\r\n\t\t\t\t\tswipe       : {\r\n             \t\t   onTouch     : true,\r\n\t\t               onMouse     : false\r\n        \t\t    },\r\n\t\t\t\t\titems: {\r\n\t\t\t\t\theight : \"variable\",\r\n\t\t\t\t\t\tvisible: {\r\n\t\t\t\t\t\t\tmin: 1,\r\n\t\t\t\t\t\t\tmax: 1\r\n\t\t\t\t\t\t}\r\n\t\t\t\t\t}\r\n\t\t\t\t});\r\n\t\t\t\t});\r\n\t\t\t\t});\r\n\t<\/script><div class=\"rd_img_carousel_ctn  \" id=\"ic_uxhw38chjytl9ptfohib\"><div class=\"rd_img_carousel\"><a href=\"https:\/\/estheticbcn.com\/wp-content\/uploads\/tratamiento_estetica_facial_perdidaVolumen.jpg\"  rel=\"prettyPhoto[rel-uxhw38chjytl9ptfohib]\" ><img loading=\"lazy\" decoding=\"async\" width=\"570\" height=\"441\" src=\"https:\/\/estheticbcn.com\/wp-content\/uploads\/tratamiento_estetica_facial_perdidaVolumen.jpg\" class=\"attachment-full\" alt=\"\" title=\"tratamiento_estetica_facial_perdidaVolumen\" srcset=\"https:\/\/estheticbcn.com\/wp-content\/uploads\/tratamiento_estetica_facial_perdidaVolumen.jpg 570w, https:\/\/estheticbcn.com\/wp-content\/uploads\/tratamiento_estetica_facial_perdidaVolumen-300x232.jpg 300w\" sizes=\"auto, (max-width: 570px) 100vw, 570px\" \/><\/a><\/div><\/div>[\/vc_column][vc_column width=&#8221;1\/2&#8243;][vc_custom_heading text=&#8221;P\u00e8rdua de volum&#8221; font_container=&#8221;tag:h2|font_size:30|text_align:left|color:%236f7072|line_height:35px&#8221; use_theme_fonts=&#8221;yes&#8221;][vc_row_inner][vc_column_inner][vc_column_text font_size=&#8221;14&#8243; line_height=&#8221;16px&#8221;]Amb el pas dels anys es perd volum facial per disminuci\u00f3 del greix facial i canvis en la estructura \u00f2ssia.<\/p>\n<p>\u00c9s possible de manera natural, recuperar el volum perdut i proporcionar un aspecte saludable i bonic al rostre mitjan\u00e7ant:<br \/>\n[\/vc_column_text][\/vc_column_inner][\/vc_row_inner]<style type=\"text\/css\" >#rand_syxbtf6qvspezjvgngs5 {margin-top:0px; margin-bottom:0px; }<\/style><style type='text\/css'> @font-face{font-family: 'icon'; src:url('https:\/\/estheticbcn.com\/wp-content\/themes\/thefox\/includes\/4k-icons\/icons\/fonts\/icon.eot'); src:url('https:\/\/estheticbcn.com\/wp-content\/themes\/thefox\/includes\/4k-icons\/icons\/fonts\/icon.eot?#iefix') format('embedded-opentype'), url('https:\/\/estheticbcn.com\/wp-content\/themes\/thefox\/includes\/4k-icons\/icons\/fonts\/icon.woff') format('woff'), url('https:\/\/estheticbcn.com\/wp-content\/themes\/thefox\/includes\/4k-icons\/icons\/fonts\/icon.ttf') format('truetype'), url('https:\/\/estheticbcn.com\/wp-content\/themes\/thefox\/includes\/4k-icons\/icons\/fonts\/icon.svg#oi') format('svg'); font-weight: normal; font-style: normal;}#rand_syxbtf6qvspezjvgngs5 .icon-esthetic_30:before{font-family: 'icon'; font-weight: normal; font-style: normal;}<\/style>\n<div id=\"rand_syxbtf6qvspezjvgngs5\" class=\"icon_box_rounded \"><i class=\"icon-esthetic_30\" style=\"background:#eab7a9; color:#fff;\"><\/i><h3 style=\"color:#6f7072;\">Injecci\u00f3 de farcits d'\u00e0cid hialur\u00f2nic.<\/h3><p style=\"color:#9b9c9e\"><strong><a href=\"https:\/\/estheticbcn.com\/ca\/farcits-acid-hialuronic\">L\u2019\u00e0cid hialur\u00f2nic <\/a><\/strong>\u00e9s un gel est\u00e8ril molt similar al que trobem al nostre organisme, amb baixa possibilitat de reacci\u00f3 al\u00b7l\u00e8rgica i que ens permet fer una reconstrucci\u00f3 tridimensional de las estructures facials.<\/p>\n<p>L\u2019augment de volum el podem realitzar en p\u00f2muls, galtes, ulleres, sien, l\u00f2buls de las orelles, nas i llavis.<\/p><\/div>[\/vc_column][\/vc_row]<\/p>\n<\/div>","protected":false},"excerpt":{"rendered":"<p>[vc_row][vc_column width=&#8221;1\/2&#8243; css=&#8221;.vc_custom_1447605712030{padding-bottom: 40px !important;}&#8221;][\/vc_column][vc_column width=&#8221;1\/2&#8243;][vc_custom_heading text=&#8221;P\u00e8rdua de volum&#8221; font_container=&#8221;tag:h2|font_size:30|text_align:left|color:%236f7072|line_height:35px&#8221; use_theme_fonts=&#8221;yes&#8221;][vc_row_inner][vc_column_inner][vc_column_text font_size=&#8221;14&#8243; line_height=&#8221;16px&#8221;]Amb el pas dels anys es perd volum facial per disminuci\u00f3 del greix facial i canvis en la estructura \u00f2ssia. \u00c9s possible de manera natural, recuperar el volum perdut i proporcionar un aspecte saludable i bonic al rostre mitjan\u00e7ant: [\/vc_column_text][\/vc_column_inner][\/vc_row_inner] Injecci\u00f3 de farcits&#8230;<a class=\"more-link\" href=\"https:\/\/estheticbcn.com\/ca\/perdua-de-volum\/\">Llegir m\u00e9s<\/a><\/p>\n","protected":false},"author":4,"featured_media":0,"parent":0,"menu_order":159,"comment_status":"closed","ping_status":"closed","template":"","meta":{"footnotes":""},"class_list":["post-9030","page","type-page","status-publish","hentry"],"yoast_head":"<!-- This site is optimized with the Yoast SEO plugin v26.0 - https:\/\/yoast.com\/wordpress\/plugins\/seo\/ -->\n<title>P\u00e8rdua de volum - Esthetic BCN<\/title>\n<meta name=\"robots\" content=\"index, follow, max-snippet:-1, max-image-preview:large, max-video-preview:-1\" \/>\n<link rel=\"canonical\" href=\"https:\/\/estheticbcn.com\/ca\/perdua-de-volum\/\" \/>\n<meta property=\"og:locale\" content=\"ca_ES\" \/>\n<meta property=\"og:type\" content=\"article\" \/>\n<meta property=\"og:title\" content=\"P\u00e8rdua de volum - Esthetic BCN\" \/>\n<meta property=\"og:description\" content=\"[vc_row][vc_column width=&#8221;1\/2&#8243; css=&#8221;.vc_custom_1447605712030{padding-bottom: 40px !important;}&#8221;][\/vc_column][vc_column width=&#8221;1\/2&#8243;][vc_custom_heading text=&#8221;P\u00e8rdua de volum&#8221; font_container=&#8221;tag:h2|font_size:30|text_align:left|color:%236f7072|line_height:35px&#8221; use_theme_fonts=&#8221;yes&#8221;][vc_row_inner][vc_column_inner][vc_column_text font_size=&#8221;14&#8243; line_height=&#8221;16px&#8221;]Amb el pas dels anys es perd volum facial per disminuci\u00f3 del greix facial i canvis en la estructura \u00f2ssia. \u00c9s possible de manera natural, recuperar el volum perdut i proporcionar un aspecte saludable i bonic al rostre mitjan\u00e7ant: [\/vc_column_text][\/vc_column_inner][\/vc_row_inner] Injecci\u00f3 de farcits...Llegir m\u00e9s\" \/>\n<meta property=\"og:url\" content=\"https:\/\/estheticbcn.com\/ca\/perdua-de-volum\/\" \/>\n<meta property=\"og:site_name\" content=\"Esthetic BCN\" \/>\n<meta property=\"article:modified_time\" content=\"2016-01-19T13:27:35+00:00\" \/>\n<meta name=\"twitter:card\" content=\"summary_large_image\" \/>\n<meta name=\"twitter:label1\" content=\"Temps estimat de lectura\" \/>\n\t<meta name=\"twitter:data1\" content=\"1 minut\" \/>\n<script type=\"application\/ld+json\" class=\"yoast-schema-graph\">{\"@context\":\"https:\/\/schema.org\",\"@graph\":[{\"@type\":\"WebPage\",\"@id\":\"https:\/\/estheticbcn.com\/ca\/perdua-de-volum\/\",\"url\":\"https:\/\/estheticbcn.com\/ca\/perdua-de-volum\/\",\"name\":\"P\u00e8rdua de volum - Esthetic BCN\",\"isPartOf\":{\"@id\":\"https:\/\/estheticbcn.com\/#website\"},\"datePublished\":\"2015-09-03T19:11:20+00:00\",\"dateModified\":\"2016-01-19T13:27:35+00:00\",\"inLanguage\":\"ca\",\"potentialAction\":[{\"@type\":\"ReadAction\",\"target\":[\"https:\/\/estheticbcn.com\/ca\/perdua-de-volum\/\"]}]},{\"@type\":\"WebSite\",\"@id\":\"https:\/\/estheticbcn.com\/#website\",\"url\":\"https:\/\/estheticbcn.com\/\",\"name\":\"Esthetic BCN\",\"description\":\"Otro sitio realizado con WordPress\",\"potentialAction\":[{\"@type\":\"SearchAction\",\"target\":{\"@type\":\"EntryPoint\",\"urlTemplate\":\"https:\/\/estheticbcn.com\/?s={search_term_string}\"},\"query-input\":{\"@type\":\"PropertyValueSpecification\",\"valueRequired\":true,\"valueName\":\"search_term_string\"}}],\"inLanguage\":\"ca\"}]}<\/script>\n<!-- \/ Yoast SEO plugin. -->","yoast_head_json":{"title":"P\u00e8rdua de volum - Esthetic BCN","robots":{"index":"index","follow":"follow","max-snippet":"max-snippet:-1","max-image-preview":"max-image-preview:large","max-video-preview":"max-video-preview:-1"},"canonical":"https:\/\/estheticbcn.com\/ca\/perdua-de-volum\/","og_locale":"ca_ES","og_type":"article","og_title":"P\u00e8rdua de volum - Esthetic BCN","og_description":"[vc_row][vc_column width=&#8221;1\/2&#8243; css=&#8221;.vc_custom_1447605712030{padding-bottom: 40px !important;}&#8221;][\/vc_column][vc_column width=&#8221;1\/2&#8243;][vc_custom_heading text=&#8221;P\u00e8rdua de volum&#8221; font_container=&#8221;tag:h2|font_size:30|text_align:left|color:%236f7072|line_height:35px&#8221; use_theme_fonts=&#8221;yes&#8221;][vc_row_inner][vc_column_inner][vc_column_text font_size=&#8221;14&#8243; line_height=&#8221;16px&#8221;]Amb el pas dels anys es perd volum facial per disminuci\u00f3 del greix facial i canvis en la estructura \u00f2ssia. \u00c9s possible de manera natural, recuperar el volum perdut i proporcionar un aspecte saludable i bonic al rostre mitjan\u00e7ant: [\/vc_column_text][\/vc_column_inner][\/vc_row_inner] Injecci\u00f3 de farcits...Llegir m\u00e9s","og_url":"https:\/\/estheticbcn.com\/ca\/perdua-de-volum\/","og_site_name":"Esthetic BCN","article_modified_time":"2016-01-19T13:27:35+00:00","twitter_card":"summary_large_image","twitter_misc":{"Temps estimat de lectura":"1 minut"},"schema":{"@context":"https:\/\/schema.org","@graph":[{"@type":"WebPage","@id":"https:\/\/estheticbcn.com\/ca\/perdua-de-volum\/","url":"https:\/\/estheticbcn.com\/ca\/perdua-de-volum\/","name":"P\u00e8rdua de volum - Esthetic BCN","isPartOf":{"@id":"https:\/\/estheticbcn.com\/#website"},"datePublished":"2015-09-03T19:11:20+00:00","dateModified":"2016-01-19T13:27:35+00:00","inLanguage":"ca","potentialAction":[{"@type":"ReadAction","target":["https:\/\/estheticbcn.com\/ca\/perdua-de-volum\/"]}]},{"@type":"WebSite","@id":"https:\/\/estheticbcn.com\/#website","url":"https:\/\/estheticbcn.com\/","name":"Esthetic BCN","description":"Otro sitio realizado con WordPress","potentialAction":[{"@type":"SearchAction","target":{"@type":"EntryPoint","urlTemplate":"https:\/\/estheticbcn.com\/?s={search_term_string}"},"query-input":{"@type":"PropertyValueSpecification","valueRequired":true,"valueName":"search_term_string"}}],"inLanguage":"ca"}]}},"_links":{"self":[{"href":"https:\/\/estheticbcn.com\/ca\/wp-json\/wp\/v2\/pages\/9030","targetHints":{"allow":["GET"]}}],"collection":[{"href":"https:\/\/estheticbcn.com\/ca\/wp-json\/wp\/v2\/pages"}],"about":[{"href":"https:\/\/estheticbcn.com\/ca\/wp-json\/wp\/v2\/types\/page"}],"author":[{"embeddable":true,"href":"https:\/\/estheticbcn.com\/ca\/wp-json\/wp\/v2\/users\/4"}],"replies":[{"embeddable":true,"href":"https:\/\/estheticbcn.com\/ca\/wp-json\/wp\/v2\/comments?post=9030"}],"version-history":[{"count":0,"href":"https:\/\/estheticbcn.com\/ca\/wp-json\/wp\/v2\/pages\/9030\/revisions"}],"wp:attachment":[{"href":"https:\/\/estheticbcn.com\/ca\/wp-json\/wp\/v2\/media?parent=9030"}],"curies":[{"name":"wp","href":"https:\/\/api.w.org\/{rel}","templated":true}]}}