{"id":9028,"date":"2015-09-03T19:03:27","date_gmt":"2015-09-03T19:03:27","guid":{"rendered":"https:\/\/estheticbcn.com\/ca\/piel"},"modified":"2023-02-13T19:46:38","modified_gmt":"2023-02-13T19:46:38","slug":"pell","status":"publish","type":"page","link":"https:\/\/estheticbcn.com\/ca\/pell\/","title":{"rendered":"Pell"},"content":{"rendered":"<div class=\"wpb-content-wrapper\"><p>[vc_row][vc_column width=&#8221;1\/2&#8243; css=&#8221;.vc_custom_1447605326265{padding-bottom: 40px !important;}&#8221;]<style type=\"text\/css\" >#ic_0vwcf1s66q2ztgro5o5e {margin:0px auto 0px; }#ic_0vwcf1s66q2ztgro5o5e .ic_left,#ic_0vwcf1s66q2ztgro5o5e .ic_right,#ic_0vwcf1s66q2ztgro5o5e .ic_left:after,#ic_0vwcf1s66q2ztgro5o5e .ic_right:after{border-color:#9b9c9e; background:#ffffff; color:#9b9c9e; }#ic_0vwcf1s66q2ztgro5o5e .ic_left:hover,#ic_0vwcf1s66q2ztgro5o5e .ic_right:hover,#ic_0vwcf1s66q2ztgro5o5e .ic_left:hover:after,#ic_0vwcf1s66q2ztgro5o5e .ic_right:hover:after{background:transparent; color:#6f7072; }#ic_0vwcf1s66q2ztgro5o5e .rd_ic_pager a{border-color:#9b9c9e; background:#ffffff; color:#9b9c9e; }#ic_0vwcf1s66q2ztgro5o5e .rd_ic_pager a:hover{border-color:#eab7a9; background:#eab7a9; color:#ffffff; }<\/style><script type=\"text\/javascript\" charset=\"utf-8\">\r\n\t\t\t\t\r\n\t\tjQuery.noConflict();\r\n\t\/\/setup up Carousel\r\n\t\tjQuery(document).ready(function($) {\t\r\n\t\t\t\r\n\t\t\"use strict\";\r\n\t\t\r\n\t\t\t$(window).load(function(){\r\n\t\t$(\"#ic_0vwcf1s66q2ztgro5o5e .rd_img_carousel\").carouFredSel({\r\n\t\t\t\t\t\r\n\t\t\t\t\tresponsive: true,\r\n\t\t\t\t\twidth: \"100%\",scroll: 1,\r\n\t\t\t\t\tauto: false,\r\n\t\t\t\t\tprev: \"#ic_0vwcf1s66q2ztgro5o5e .ic_left\",\r\n\t\t\t\t\tnext: \"#ic_0vwcf1s66q2ztgro5o5e .ic_right\",\r\n\t\t\t\t\tpagination: \"#ic_0vwcf1s66q2ztgro5o5e_pager\",\r\n\t\t\t\t\theight : \"variable\",\r\n\t\t\t\t\tswipe       : {\r\n             \t\t   onTouch     : true,\r\n\t\t               onMouse     : false\r\n        \t\t    },\r\n\t\t\t\t\titems: {\r\n\t\t\t\t\theight : \"variable\",\r\n\t\t\t\t\t\tvisible: {\r\n\t\t\t\t\t\t\tmin: 1,\r\n\t\t\t\t\t\t\tmax: 1\r\n\t\t\t\t\t\t}\r\n\t\t\t\t\t}\r\n\t\t\t\t});\r\n\t\t\t\t});\r\n\t\t\t\t});\r\n\t<\/script><div class=\"rd_img_carousel_ctn  \" id=\"ic_0vwcf1s66q2ztgro5o5e\"><div class=\"rd_img_carousel\"><a href=\"https:\/\/estheticbcn.com\/wp-content\/uploads\/frases_esthetic_BCN_cat_1.jpg\"  rel=\"prettyPhoto[rel-0vwcf1s66q2ztgro5o5e]\" ><img loading=\"lazy\" decoding=\"async\" width=\"570\" height=\"441\" src=\"https:\/\/estheticbcn.com\/wp-content\/uploads\/frases_esthetic_BCN_cat_1.jpg\" class=\"attachment-full\" alt=\"\" title=\"frases_esthetic_BCN_cat_1\" srcset=\"https:\/\/estheticbcn.com\/wp-content\/uploads\/frases_esthetic_BCN_cat_1.jpg 570w, https:\/\/estheticbcn.com\/wp-content\/uploads\/frases_esthetic_BCN_cat_1-300x232.jpg 300w\" sizes=\"auto, (max-width: 570px) 100vw, 570px\" \/><\/a><\/div><\/div>[\/vc_column][vc_column width=&#8221;1\/2&#8243;][vc_custom_heading text=&#8221;Pell&#8221; font_container=&#8221;tag:h2|font_size:30px|text_align:left|color:%236f7072|line_height:35px&#8221; use_theme_fonts=&#8221;yes&#8221;][vc_row_inner][vc_column_inner][vc_column_text font_size=&#8221;14px&#8221; line_height=&#8221;16px&#8221;]Amb el pas del temps, la pell perd lluminositat, apareixen taques i els porus es fa m\u00e9s grans. Per sort, podem ajudar a millorar de manera senzilla tots aquest aspectes. [\/vc_column_text][\/vc_column_inner][\/vc_row_inner][vc_row_inner][vc_column_inner width=&#8221;1\/2&#8243;]<style type=\"text\/css\" >#rand_zqgv3lz6840pgtk23met {margin-top:0px; margin-bottom:0px; }<\/style><style type='text\/css'> @font-face{font-family: 'icon'; src:url('https:\/\/estheticbcn.com\/wp-content\/themes\/thefox\/includes\/4k-icons\/icons\/fonts\/icon.eot'); src:url('https:\/\/estheticbcn.com\/wp-content\/themes\/thefox\/includes\/4k-icons\/icons\/fonts\/icon.eot?#iefix') format('embedded-opentype'), url('https:\/\/estheticbcn.com\/wp-content\/themes\/thefox\/includes\/4k-icons\/icons\/fonts\/icon.woff') format('woff'), url('https:\/\/estheticbcn.com\/wp-content\/themes\/thefox\/includes\/4k-icons\/icons\/fonts\/icon.ttf') format('truetype'), url('https:\/\/estheticbcn.com\/wp-content\/themes\/thefox\/includes\/4k-icons\/icons\/fonts\/icon.svg#oi') format('svg'); font-weight: normal; font-style: normal;}#rand_zqgv3lz6840pgtk23met .icon-esthetic_4:before{font-family: 'icon'; font-weight: normal; font-style: normal;}<\/style>\n<div id=\"rand_zqgv3lz6840pgtk23met\" class=\"icon_box_rounded \"><i class=\"icon-esthetic_4\" style=\"background:#eab7a9; color:#fff;\"><\/i><h3 style=\"color:#6f7072;\">Nodrint i hidratant<\/h3><p style=\"color:#9b9c9e\">Nodrint i hidratant la pell mitjan\u00e7ant la biorevitalitzaci\u00f3 amb <strong><a href=\"https:\/\/estheticbcn.com\/ca\/mesoterapia\">mesoter\u00e0pia<\/a><\/strong> o la <strong><a href=\"https:\/\/estheticbcn.com\/ca\/bioestimulacio-amb-prp\">bioestimulaci\u00f3 amb plasma ric en plaquetes o PRP<\/a><\/strong>.<\/p><\/div>[\/vc_column_inner][vc_column_inner width=&#8221;1\/2&#8243;]<style type=\"text\/css\" >#rand_pgce6dgbvjsertcvcjia {margin-top:0px; margin-bottom:0px; }<\/style><style type='text\/css'> @font-face{font-family: 'icon'; src:url('https:\/\/estheticbcn.com\/wp-content\/themes\/thefox\/includes\/4k-icons\/icons\/fonts\/icon.eot'); src:url('https:\/\/estheticbcn.com\/wp-content\/themes\/thefox\/includes\/4k-icons\/icons\/fonts\/icon.eot?#iefix') format('embedded-opentype'), url('https:\/\/estheticbcn.com\/wp-content\/themes\/thefox\/includes\/4k-icons\/icons\/fonts\/icon.woff') format('woff'), url('https:\/\/estheticbcn.com\/wp-content\/themes\/thefox\/includes\/4k-icons\/icons\/fonts\/icon.ttf') format('truetype'), url('https:\/\/estheticbcn.com\/wp-content\/themes\/thefox\/includes\/4k-icons\/icons\/fonts\/icon.svg#oi') format('svg'); font-weight: normal; font-style: normal;}#rand_pgce6dgbvjsertcvcjia .icon-esthetic_33:before{font-family: 'icon'; font-weight: normal; font-style: normal;}<\/style>\n<div id=\"rand_pgce6dgbvjsertcvcjia\" class=\"icon_box_rounded \"><i class=\"icon-esthetic_33\" style=\"background:#eab7a9; color:#fff;\"><\/i><h3 style=\"color:#6f7072;\">Disminuint taques<\/h3><p style=\"color:#9b9c9e\">Disminuint la intensitat de les taques amb t\u00e8cniques com els <strong><a href=\"https:\/\/estheticbcn.com\/ca\/peeling\">peelings qu\u00edmics<\/a><\/strong>, la <strong><a href=\"https:\/\/estheticbcn.com\/ca\/llum-polsadaaft\">llum polsada (IPL\/AFT)<\/a><\/strong> o l\u00e1ser tipus <strong><a href=\"https:\/\/estheticbcn.com\/ca\/fraxel-dual\">Fraxel<\/a><\/strong>.<\/p><\/div>[\/vc_column_inner][\/vc_row_inner][vc_row_inner][vc_column_inner width=&#8221;1\/2&#8243;]<style type=\"text\/css\" >#rand_ay3q2r4rwpabmfvz34se {margin-top:0px; margin-bottom:0px; }<\/style><style type='text\/css'> @font-face{font-family: 'icon'; src:url('https:\/\/estheticbcn.com\/wp-content\/themes\/thefox\/includes\/4k-icons\/icons\/fonts\/icon.eot'); src:url('https:\/\/estheticbcn.com\/wp-content\/themes\/thefox\/includes\/4k-icons\/icons\/fonts\/icon.eot?#iefix') format('embedded-opentype'), url('https:\/\/estheticbcn.com\/wp-content\/themes\/thefox\/includes\/4k-icons\/icons\/fonts\/icon.woff') format('woff'), url('https:\/\/estheticbcn.com\/wp-content\/themes\/thefox\/includes\/4k-icons\/icons\/fonts\/icon.ttf') format('truetype'), url('https:\/\/estheticbcn.com\/wp-content\/themes\/thefox\/includes\/4k-icons\/icons\/fonts\/icon.svg#oi') format('svg'); font-weight: normal; font-style: normal;}#rand_ay3q2r4rwpabmfvz34se .icon-esthetic_1:before{font-family: 'icon'; font-weight: normal; font-style: normal;}<\/style>\n<div id=\"rand_ay3q2r4rwpabmfvz34se\" class=\"icon_box_rounded \"><i class=\"icon-esthetic_1\" style=\"background:#eab7a9; color:#fff;\"><\/i><h3 style=\"color:#6f7072;\">Millorant el to<\/h3><p style=\"color:#9b9c9e\">Millorant el to i disminuint el tamany del porus mitjan\u00e7ant <strong><a href=\"https:\/\/estheticbcn.com\/ca\/peeling\">peelings qu\u00edmics<\/a><\/strong>, l\u00e0ser poc agressiu com <strong><a href=\"https:\/\/estheticbcn.com\/ca\/llum-polsadaaft\">llum polsada (IPL\/AFT)<\/a><\/strong> o l\u00e0ser m\u00e9s intens com <strong><a href=\"https:\/\/estheticbcn.com\/ca\/fraxel-dual\">Fraxel Dual<\/a><\/strong>.<\/p><\/div>[\/vc_column_inner][\/vc_row_inner][\/vc_column][\/vc_row]<\/p>\n<\/div>","protected":false},"excerpt":{"rendered":"<p>[vc_row][vc_column width=&#8221;1\/2&#8243; css=&#8221;.vc_custom_1447605326265{padding-bottom: 40px !important;}&#8221;][\/vc_column][vc_column width=&#8221;1\/2&#8243;][vc_custom_heading text=&#8221;Pell&#8221; font_container=&#8221;tag:h2|font_size:30px|text_align:left|color:%236f7072|line_height:35px&#8221; use_theme_fonts=&#8221;yes&#8221;][vc_row_inner][vc_column_inner][vc_column_text font_size=&#8221;14px&#8221; line_height=&#8221;16px&#8221;]Amb el pas del temps, la pell perd lluminositat, apareixen taques i els porus es fa m\u00e9s grans. Per sort, podem ajudar a millorar de manera senzilla tots aquest aspectes. [\/vc_column_text][\/vc_column_inner][\/vc_row_inner][vc_row_inner][vc_column_inner width=&#8221;1\/2&#8243;] Nodrint i hidratantNodrint i hidratant la pell mitjan\u00e7ant la biorevitalitzaci\u00f3 amb mesoter\u00e0pia o&#8230;<a class=\"more-link\" href=\"https:\/\/estheticbcn.com\/ca\/pell\/\">Llegir m\u00e9s<\/a><\/p>\n","protected":false},"author":4,"featured_media":0,"parent":0,"menu_order":58,"comment_status":"closed","ping_status":"closed","template":"","meta":{"footnotes":""},"class_list":["post-9028","page","type-page","status-publish","hentry"],"yoast_head":"<!-- This site is optimized with the Yoast SEO plugin v26.0 - https:\/\/yoast.com\/wordpress\/plugins\/seo\/ -->\n<title>Pell - Esthetic BCN<\/title>\n<meta name=\"robots\" content=\"index, follow, max-snippet:-1, max-image-preview:large, max-video-preview:-1\" \/>\n<link rel=\"canonical\" href=\"https:\/\/estheticbcn.com\/ca\/pell\/\" \/>\n<meta property=\"og:locale\" content=\"ca_ES\" \/>\n<meta property=\"og:type\" content=\"article\" \/>\n<meta property=\"og:title\" content=\"Pell - Esthetic BCN\" \/>\n<meta property=\"og:description\" content=\"[vc_row][vc_column width=&#8221;1\/2&#8243; css=&#8221;.vc_custom_1447605326265{padding-bottom: 40px !important;}&#8221;][\/vc_column][vc_column width=&#8221;1\/2&#8243;][vc_custom_heading text=&#8221;Pell&#8221; font_container=&#8221;tag:h2|font_size:30px|text_align:left|color:%236f7072|line_height:35px&#8221; use_theme_fonts=&#8221;yes&#8221;][vc_row_inner][vc_column_inner][vc_column_text font_size=&#8221;14px&#8221; line_height=&#8221;16px&#8221;]Amb el pas del temps, la pell perd lluminositat, apareixen taques i els porus es fa m\u00e9s grans. Per sort, podem ajudar a millorar de manera senzilla tots aquest aspectes. [\/vc_column_text][\/vc_column_inner][\/vc_row_inner][vc_row_inner][vc_column_inner width=&#8221;1\/2&#8243;] Nodrint i hidratantNodrint i hidratant la pell mitjan\u00e7ant la biorevitalitzaci\u00f3 amb mesoter\u00e0pia o...Llegir m\u00e9s\" \/>\n<meta property=\"og:url\" content=\"https:\/\/estheticbcn.com\/ca\/pell\/\" \/>\n<meta property=\"og:site_name\" content=\"Esthetic BCN\" \/>\n<meta property=\"article:modified_time\" content=\"2023-02-13T19:46:38+00:00\" \/>\n<meta name=\"twitter:card\" content=\"summary_large_image\" \/>\n<meta name=\"twitter:label1\" content=\"Temps estimat de lectura\" \/>\n\t<meta name=\"twitter:data1\" content=\"1 minut\" \/>\n<script type=\"application\/ld+json\" class=\"yoast-schema-graph\">{\"@context\":\"https:\/\/schema.org\",\"@graph\":[{\"@type\":\"WebPage\",\"@id\":\"https:\/\/estheticbcn.com\/ca\/pell\/\",\"url\":\"https:\/\/estheticbcn.com\/ca\/pell\/\",\"name\":\"Pell - Esthetic BCN\",\"isPartOf\":{\"@id\":\"https:\/\/estheticbcn.com\/#website\"},\"datePublished\":\"2015-09-03T19:03:27+00:00\",\"dateModified\":\"2023-02-13T19:46:38+00:00\",\"inLanguage\":\"ca\",\"potentialAction\":[{\"@type\":\"ReadAction\",\"target\":[\"https:\/\/estheticbcn.com\/ca\/pell\/\"]}]},{\"@type\":\"WebSite\",\"@id\":\"https:\/\/estheticbcn.com\/#website\",\"url\":\"https:\/\/estheticbcn.com\/\",\"name\":\"Esthetic BCN\",\"description\":\"Otro sitio realizado con WordPress\",\"potentialAction\":[{\"@type\":\"SearchAction\",\"target\":{\"@type\":\"EntryPoint\",\"urlTemplate\":\"https:\/\/estheticbcn.com\/?s={search_term_string}\"},\"query-input\":{\"@type\":\"PropertyValueSpecification\",\"valueRequired\":true,\"valueName\":\"search_term_string\"}}],\"inLanguage\":\"ca\"}]}<\/script>\n<!-- \/ Yoast SEO plugin. -->","yoast_head_json":{"title":"Pell - Esthetic BCN","robots":{"index":"index","follow":"follow","max-snippet":"max-snippet:-1","max-image-preview":"max-image-preview:large","max-video-preview":"max-video-preview:-1"},"canonical":"https:\/\/estheticbcn.com\/ca\/pell\/","og_locale":"ca_ES","og_type":"article","og_title":"Pell - Esthetic BCN","og_description":"[vc_row][vc_column width=&#8221;1\/2&#8243; css=&#8221;.vc_custom_1447605326265{padding-bottom: 40px !important;}&#8221;][\/vc_column][vc_column width=&#8221;1\/2&#8243;][vc_custom_heading text=&#8221;Pell&#8221; font_container=&#8221;tag:h2|font_size:30px|text_align:left|color:%236f7072|line_height:35px&#8221; use_theme_fonts=&#8221;yes&#8221;][vc_row_inner][vc_column_inner][vc_column_text font_size=&#8221;14px&#8221; line_height=&#8221;16px&#8221;]Amb el pas del temps, la pell perd lluminositat, apareixen taques i els porus es fa m\u00e9s grans. Per sort, podem ajudar a millorar de manera senzilla tots aquest aspectes. [\/vc_column_text][\/vc_column_inner][\/vc_row_inner][vc_row_inner][vc_column_inner width=&#8221;1\/2&#8243;] Nodrint i hidratantNodrint i hidratant la pell mitjan\u00e7ant la biorevitalitzaci\u00f3 amb mesoter\u00e0pia o...Llegir m\u00e9s","og_url":"https:\/\/estheticbcn.com\/ca\/pell\/","og_site_name":"Esthetic BCN","article_modified_time":"2023-02-13T19:46:38+00:00","twitter_card":"summary_large_image","twitter_misc":{"Temps estimat de lectura":"1 minut"},"schema":{"@context":"https:\/\/schema.org","@graph":[{"@type":"WebPage","@id":"https:\/\/estheticbcn.com\/ca\/pell\/","url":"https:\/\/estheticbcn.com\/ca\/pell\/","name":"Pell - Esthetic BCN","isPartOf":{"@id":"https:\/\/estheticbcn.com\/#website"},"datePublished":"2015-09-03T19:03:27+00:00","dateModified":"2023-02-13T19:46:38+00:00","inLanguage":"ca","potentialAction":[{"@type":"ReadAction","target":["https:\/\/estheticbcn.com\/ca\/pell\/"]}]},{"@type":"WebSite","@id":"https:\/\/estheticbcn.com\/#website","url":"https:\/\/estheticbcn.com\/","name":"Esthetic BCN","description":"Otro sitio realizado con WordPress","potentialAction":[{"@type":"SearchAction","target":{"@type":"EntryPoint","urlTemplate":"https:\/\/estheticbcn.com\/?s={search_term_string}"},"query-input":{"@type":"PropertyValueSpecification","valueRequired":true,"valueName":"search_term_string"}}],"inLanguage":"ca"}]}},"_links":{"self":[{"href":"https:\/\/estheticbcn.com\/ca\/wp-json\/wp\/v2\/pages\/9028","targetHints":{"allow":["GET"]}}],"collection":[{"href":"https:\/\/estheticbcn.com\/ca\/wp-json\/wp\/v2\/pages"}],"about":[{"href":"https:\/\/estheticbcn.com\/ca\/wp-json\/wp\/v2\/types\/page"}],"author":[{"embeddable":true,"href":"https:\/\/estheticbcn.com\/ca\/wp-json\/wp\/v2\/users\/4"}],"replies":[{"embeddable":true,"href":"https:\/\/estheticbcn.com\/ca\/wp-json\/wp\/v2\/comments?post=9028"}],"version-history":[{"count":0,"href":"https:\/\/estheticbcn.com\/ca\/wp-json\/wp\/v2\/pages\/9028\/revisions"}],"wp:attachment":[{"href":"https:\/\/estheticbcn.com\/ca\/wp-json\/wp\/v2\/media?parent=9028"}],"curies":[{"name":"wp","href":"https:\/\/api.w.org\/{rel}","templated":true}]}}