{"id":9023,"date":"2015-10-18T20:46:11","date_gmt":"2015-10-18T20:46:11","guid":{"rendered":"https:\/\/estheticbcn.com\/ca\/menopausia"},"modified":"2016-01-19T13:09:46","modified_gmt":"2016-01-19T13:09:46","slug":"menopausia","status":"publish","type":"page","link":"https:\/\/estheticbcn.com\/ca\/menopausia\/","title":{"rendered":"Menopausia"},"content":{"rendered":"<div class=\"wpb-content-wrapper\"><p>[vc_row][vc_column width=&#8221;1\/2&#8243; css=&#8221;.vc_custom_1447608994110{padding-bottom: 40px !important;}&#8221;]<style type=\"text\/css\" >#ic_h4jd4rkxl3tisik45q1z {margin:0px auto 0px; }#ic_h4jd4rkxl3tisik45q1z .ic_left,#ic_h4jd4rkxl3tisik45q1z .ic_right,#ic_h4jd4rkxl3tisik45q1z .ic_left:after,#ic_h4jd4rkxl3tisik45q1z .ic_right:after{border-color:#9b9c9e; background:#ffffff; color:#9b9c9e; }#ic_h4jd4rkxl3tisik45q1z .ic_left:hover,#ic_h4jd4rkxl3tisik45q1z .ic_right:hover,#ic_h4jd4rkxl3tisik45q1z .ic_left:hover:after,#ic_h4jd4rkxl3tisik45q1z .ic_right:hover:after{background:transparent; color:#6f7072; }#ic_h4jd4rkxl3tisik45q1z .rd_ic_pager a{border-color:#9b9c9e; background:#ffffff; color:#9b9c9e; }#ic_h4jd4rkxl3tisik45q1z .rd_ic_pager a:hover{border-color:#eab7a9; background:#eab7a9; color:#ffffff; }<\/style><script type=\"text\/javascript\" charset=\"utf-8\">\r\n\t\t\t\t\r\n\t\tjQuery.noConflict();\r\n\t\/\/setup up Carousel\r\n\t\tjQuery(document).ready(function($) {\t\r\n\t\t\t\r\n\t\t\"use strict\";\r\n\t\t\r\n\t\t\t$(window).load(function(){\r\n\t\t$(\"#ic_h4jd4rkxl3tisik45q1z .rd_img_carousel\").carouFredSel({\r\n\t\t\t\t\t\r\n\t\t\t\t\tresponsive: true,\r\n\t\t\t\t\twidth: \"100%\",scroll: 1,\r\n\t\t\t\t\tauto: false,\r\n\t\t\t\t\tprev: \"#ic_h4jd4rkxl3tisik45q1z .ic_left\",\r\n\t\t\t\t\tnext: \"#ic_h4jd4rkxl3tisik45q1z .ic_right\",\r\n\t\t\t\t\tpagination: \"#ic_h4jd4rkxl3tisik45q1z_pager\",\r\n\t\t\t\t\theight : \"variable\",\r\n\t\t\t\t\tswipe       : {\r\n             \t\t   onTouch     : true,\r\n\t\t               onMouse     : false\r\n        \t\t    },\r\n\t\t\t\t\titems: {\r\n\t\t\t\t\theight : \"variable\",\r\n\t\t\t\t\t\tvisible: {\r\n\t\t\t\t\t\t\tmin: 1,\r\n\t\t\t\t\t\t\tmax: 1\r\n\t\t\t\t\t\t}\r\n\t\t\t\t\t}\r\n\t\t\t\t});\r\n\t\t\t\t});\r\n\t\t\t\t});\r\n\t<\/script><div class=\"rd_img_carousel_ctn  \" id=\"ic_h4jd4rkxl3tisik45q1z\"><div class=\"rd_img_carousel\"><a href=\"https:\/\/estheticbcn.com\/wp-content\/uploads\/tratamiento_estetica_especificos_menopausia.jpg\"  rel=\"prettyPhoto[rel-h4jd4rkxl3tisik45q1z]\" ><img loading=\"lazy\" decoding=\"async\" width=\"570\" height=\"441\" src=\"https:\/\/estheticbcn.com\/wp-content\/uploads\/tratamiento_estetica_especificos_menopausia.jpg\" class=\"attachment-full\" alt=\"\" title=\"tratamiento_estetica_especificos_menopausia\" srcset=\"https:\/\/estheticbcn.com\/wp-content\/uploads\/tratamiento_estetica_especificos_menopausia.jpg 570w, https:\/\/estheticbcn.com\/wp-content\/uploads\/tratamiento_estetica_especificos_menopausia-300x232.jpg 300w\" sizes=\"auto, (max-width: 570px) 100vw, 570px\" \/><\/a><\/div><\/div>[\/vc_column][vc_column width=&#8221;1\/2&#8243;][vc_custom_heading text=&#8221;Menopausia&#8221; font_container=&#8221;tag:h2|font_size:30|text_align:left|color:%236f7072|line_height:35px&#8221; use_theme_fonts=&#8221;yes&#8221;][vc_row_inner][vc_column_inner][vc_column_text font_size=&#8221;14&#8243; line_height=&#8221;16px&#8221;]Un altre per\u00edode de canvis a la vida d\u2019una dona \u00e9s la menopausa. Apareixen fogots, pot augmentar el pes, la pell es resseca i pot comen\u00e7ar a notar-se el pas del temps per la flaccidessa de la pell.<\/p>\n<p>Amb ajuda de la medicina, la dona en aquest per\u00edode por fer m\u00ednims tots aquests desavantatges.<\/p>\n<p>El nostre objectiu \u00e9s assessorar en la dieta per tal de mantenir un pes saludable i minimitzar els fogots, aconsellar tractaments est\u00e8tics que lluitin contra la sequedat i la flaccidessa de la pell.<\/p>\n<p>Acabar el per\u00edode reproductiu no vol dir acabar amb l\u2019atractiu, s\u2019ha d\u2019aprofitar aquest moment de serenitat i maduresa per aconseguir el millor de cada dona, i nosaltres volem ajudar-te a aconseguir-ho.<br \/>\n[\/vc_column_text][\/vc_column_inner][\/vc_row_inner][\/vc_column][\/vc_row]<\/p>\n<\/div>","protected":false},"excerpt":{"rendered":"<p>[vc_row][vc_column width=&#8221;1\/2&#8243; css=&#8221;.vc_custom_1447608994110{padding-bottom: 40px !important;}&#8221;][\/vc_column][vc_column width=&#8221;1\/2&#8243;][vc_custom_heading text=&#8221;Menopausia&#8221; font_container=&#8221;tag:h2|font_size:30|text_align:left|color:%236f7072|line_height:35px&#8221; use_theme_fonts=&#8221;yes&#8221;][vc_row_inner][vc_column_inner][vc_column_text font_size=&#8221;14&#8243; line_height=&#8221;16px&#8221;]Un altre per\u00edode de canvis a la vida d\u2019una dona \u00e9s la menopausa. Apareixen fogots, pot augmentar el pes, la pell es resseca i pot comen\u00e7ar a notar-se el pas del temps per la flaccidessa de la pell. Amb ajuda de la medicina, la dona&#8230;<a class=\"more-link\" href=\"https:\/\/estheticbcn.com\/ca\/menopausia\/\">Llegir m\u00e9s<\/a><\/p>\n","protected":false},"author":4,"featured_media":0,"parent":0,"menu_order":367,"comment_status":"closed","ping_status":"closed","template":"","meta":{"footnotes":""},"class_list":["post-9023","page","type-page","status-publish","hentry"],"yoast_head":"<!-- This site is optimized with the Yoast SEO plugin v26.0 - https:\/\/yoast.com\/wordpress\/plugins\/seo\/ -->\n<title>Menopausia - Esthetic BCN<\/title>\n<meta name=\"robots\" content=\"index, follow, max-snippet:-1, max-image-preview:large, max-video-preview:-1\" \/>\n<link rel=\"canonical\" href=\"https:\/\/estheticbcn.com\/ca\/menopausia\/\" \/>\n<meta property=\"og:locale\" content=\"ca_ES\" \/>\n<meta property=\"og:type\" content=\"article\" \/>\n<meta property=\"og:title\" content=\"Menopausia - Esthetic BCN\" \/>\n<meta property=\"og:description\" content=\"[vc_row][vc_column width=&#8221;1\/2&#8243; css=&#8221;.vc_custom_1447608994110{padding-bottom: 40px !important;}&#8221;][\/vc_column][vc_column width=&#8221;1\/2&#8243;][vc_custom_heading text=&#8221;Menopausia&#8221; font_container=&#8221;tag:h2|font_size:30|text_align:left|color:%236f7072|line_height:35px&#8221; use_theme_fonts=&#8221;yes&#8221;][vc_row_inner][vc_column_inner][vc_column_text font_size=&#8221;14&#8243; line_height=&#8221;16px&#8221;]Un altre per\u00edode de canvis a la vida d\u2019una dona \u00e9s la menopausa. Apareixen fogots, pot augmentar el pes, la pell es resseca i pot comen\u00e7ar a notar-se el pas del temps per la flaccidessa de la pell. Amb ajuda de la medicina, la dona...Llegir m\u00e9s\" \/>\n<meta property=\"og:url\" content=\"https:\/\/estheticbcn.com\/ca\/menopausia\/\" \/>\n<meta property=\"og:site_name\" content=\"Esthetic BCN\" \/>\n<meta property=\"article:modified_time\" content=\"2016-01-19T13:09:46+00:00\" \/>\n<meta name=\"twitter:card\" content=\"summary_large_image\" \/>\n<meta name=\"twitter:label1\" content=\"Temps estimat de lectura\" \/>\n\t<meta name=\"twitter:data1\" content=\"1 minut\" \/>\n<script type=\"application\/ld+json\" class=\"yoast-schema-graph\">{\"@context\":\"https:\/\/schema.org\",\"@graph\":[{\"@type\":\"WebPage\",\"@id\":\"https:\/\/estheticbcn.com\/ca\/menopausia\/\",\"url\":\"https:\/\/estheticbcn.com\/ca\/menopausia\/\",\"name\":\"Menopausia - Esthetic BCN\",\"isPartOf\":{\"@id\":\"https:\/\/estheticbcn.com\/#website\"},\"datePublished\":\"2015-10-18T20:46:11+00:00\",\"dateModified\":\"2016-01-19T13:09:46+00:00\",\"inLanguage\":\"ca\",\"potentialAction\":[{\"@type\":\"ReadAction\",\"target\":[\"https:\/\/estheticbcn.com\/ca\/menopausia\/\"]}]},{\"@type\":\"WebSite\",\"@id\":\"https:\/\/estheticbcn.com\/#website\",\"url\":\"https:\/\/estheticbcn.com\/\",\"name\":\"Esthetic BCN\",\"description\":\"Otro sitio realizado con WordPress\",\"potentialAction\":[{\"@type\":\"SearchAction\",\"target\":{\"@type\":\"EntryPoint\",\"urlTemplate\":\"https:\/\/estheticbcn.com\/?s={search_term_string}\"},\"query-input\":{\"@type\":\"PropertyValueSpecification\",\"valueRequired\":true,\"valueName\":\"search_term_string\"}}],\"inLanguage\":\"ca\"}]}<\/script>\n<!-- \/ Yoast SEO plugin. -->","yoast_head_json":{"title":"Menopausia - Esthetic BCN","robots":{"index":"index","follow":"follow","max-snippet":"max-snippet:-1","max-image-preview":"max-image-preview:large","max-video-preview":"max-video-preview:-1"},"canonical":"https:\/\/estheticbcn.com\/ca\/menopausia\/","og_locale":"ca_ES","og_type":"article","og_title":"Menopausia - Esthetic BCN","og_description":"[vc_row][vc_column width=&#8221;1\/2&#8243; css=&#8221;.vc_custom_1447608994110{padding-bottom: 40px !important;}&#8221;][\/vc_column][vc_column width=&#8221;1\/2&#8243;][vc_custom_heading text=&#8221;Menopausia&#8221; font_container=&#8221;tag:h2|font_size:30|text_align:left|color:%236f7072|line_height:35px&#8221; use_theme_fonts=&#8221;yes&#8221;][vc_row_inner][vc_column_inner][vc_column_text font_size=&#8221;14&#8243; line_height=&#8221;16px&#8221;]Un altre per\u00edode de canvis a la vida d\u2019una dona \u00e9s la menopausa. Apareixen fogots, pot augmentar el pes, la pell es resseca i pot comen\u00e7ar a notar-se el pas del temps per la flaccidessa de la pell. Amb ajuda de la medicina, la dona...Llegir m\u00e9s","og_url":"https:\/\/estheticbcn.com\/ca\/menopausia\/","og_site_name":"Esthetic BCN","article_modified_time":"2016-01-19T13:09:46+00:00","twitter_card":"summary_large_image","twitter_misc":{"Temps estimat de lectura":"1 minut"},"schema":{"@context":"https:\/\/schema.org","@graph":[{"@type":"WebPage","@id":"https:\/\/estheticbcn.com\/ca\/menopausia\/","url":"https:\/\/estheticbcn.com\/ca\/menopausia\/","name":"Menopausia - Esthetic BCN","isPartOf":{"@id":"https:\/\/estheticbcn.com\/#website"},"datePublished":"2015-10-18T20:46:11+00:00","dateModified":"2016-01-19T13:09:46+00:00","inLanguage":"ca","potentialAction":[{"@type":"ReadAction","target":["https:\/\/estheticbcn.com\/ca\/menopausia\/"]}]},{"@type":"WebSite","@id":"https:\/\/estheticbcn.com\/#website","url":"https:\/\/estheticbcn.com\/","name":"Esthetic BCN","description":"Otro sitio realizado con WordPress","potentialAction":[{"@type":"SearchAction","target":{"@type":"EntryPoint","urlTemplate":"https:\/\/estheticbcn.com\/?s={search_term_string}"},"query-input":{"@type":"PropertyValueSpecification","valueRequired":true,"valueName":"search_term_string"}}],"inLanguage":"ca"}]}},"_links":{"self":[{"href":"https:\/\/estheticbcn.com\/ca\/wp-json\/wp\/v2\/pages\/9023","targetHints":{"allow":["GET"]}}],"collection":[{"href":"https:\/\/estheticbcn.com\/ca\/wp-json\/wp\/v2\/pages"}],"about":[{"href":"https:\/\/estheticbcn.com\/ca\/wp-json\/wp\/v2\/types\/page"}],"author":[{"embeddable":true,"href":"https:\/\/estheticbcn.com\/ca\/wp-json\/wp\/v2\/users\/4"}],"replies":[{"embeddable":true,"href":"https:\/\/estheticbcn.com\/ca\/wp-json\/wp\/v2\/comments?post=9023"}],"version-history":[{"count":0,"href":"https:\/\/estheticbcn.com\/ca\/wp-json\/wp\/v2\/pages\/9023\/revisions"}],"wp:attachment":[{"href":"https:\/\/estheticbcn.com\/ca\/wp-json\/wp\/v2\/media?parent=9023"}],"curies":[{"name":"wp","href":"https:\/\/api.w.org\/{rel}","templated":true}]}}