{"id":9022,"date":"2015-10-18T20:46:11","date_gmt":"2015-10-18T20:46:11","guid":{"rendered":"https:\/\/estheticbcn.com\/ca\/embarazo-y-postparto"},"modified":"2016-01-25T14:44:14","modified_gmt":"2016-01-25T14:44:14","slug":"embaras-postpart","status":"publish","type":"page","link":"https:\/\/estheticbcn.com\/ca\/embaras-postpart\/","title":{"rendered":"Embar\u00e0s i postpart"},"content":{"rendered":"<div class=\"wpb-content-wrapper\"><p>[vc_row][vc_column width=&#8221;1\/2&#8243; css=&#8221;.vc_custom_1447608989542{padding-bottom: 40px !important;}&#8221;]<style type=\"text\/css\" >#ic_ixt2frwqzn8ls09yep12 {margin:0px auto 0px; }#ic_ixt2frwqzn8ls09yep12 .ic_left,#ic_ixt2frwqzn8ls09yep12 .ic_right,#ic_ixt2frwqzn8ls09yep12 .ic_left:after,#ic_ixt2frwqzn8ls09yep12 .ic_right:after{border-color:#9b9c9e; background:#ffffff; color:#9b9c9e; }#ic_ixt2frwqzn8ls09yep12 .ic_left:hover,#ic_ixt2frwqzn8ls09yep12 .ic_right:hover,#ic_ixt2frwqzn8ls09yep12 .ic_left:hover:after,#ic_ixt2frwqzn8ls09yep12 .ic_right:hover:after{background:transparent; color:#6f7072; }#ic_ixt2frwqzn8ls09yep12 .rd_ic_pager a{border-color:#9b9c9e; background:#ffffff; color:#9b9c9e; }#ic_ixt2frwqzn8ls09yep12 .rd_ic_pager a:hover{border-color:#eab7a9; background:#eab7a9; color:#ffffff; }<\/style><script type=\"text\/javascript\" charset=\"utf-8\">\r\n\t\t\t\t\r\n\t\tjQuery.noConflict();\r\n\t\/\/setup up Carousel\r\n\t\tjQuery(document).ready(function($) {\t\r\n\t\t\t\r\n\t\t\"use strict\";\r\n\t\t\r\n\t\t\t$(window).load(function(){\r\n\t\t$(\"#ic_ixt2frwqzn8ls09yep12 .rd_img_carousel\").carouFredSel({\r\n\t\t\t\t\t\r\n\t\t\t\t\tresponsive: true,\r\n\t\t\t\t\twidth: \"100%\",scroll: 1,\r\n\t\t\t\t\tauto: false,\r\n\t\t\t\t\tprev: \"#ic_ixt2frwqzn8ls09yep12 .ic_left\",\r\n\t\t\t\t\tnext: \"#ic_ixt2frwqzn8ls09yep12 .ic_right\",\r\n\t\t\t\t\tpagination: \"#ic_ixt2frwqzn8ls09yep12_pager\",\r\n\t\t\t\t\theight : \"variable\",\r\n\t\t\t\t\tswipe       : {\r\n             \t\t   onTouch     : true,\r\n\t\t               onMouse     : false\r\n        \t\t    },\r\n\t\t\t\t\titems: {\r\n\t\t\t\t\theight : \"variable\",\r\n\t\t\t\t\t\tvisible: {\r\n\t\t\t\t\t\t\tmin: 1,\r\n\t\t\t\t\t\t\tmax: 1\r\n\t\t\t\t\t\t}\r\n\t\t\t\t\t}\r\n\t\t\t\t});\r\n\t\t\t\t});\r\n\t\t\t\t});\r\n\t<\/script><div class=\"rd_img_carousel_ctn  \" id=\"ic_ixt2frwqzn8ls09yep12\"><div class=\"rd_img_carousel\"><a href=\"https:\/\/estheticbcn.com\/wp-content\/uploads\/tratamiento_estetica_especificos_embarazo_postparto.jpg\"  rel=\"prettyPhoto[rel-ixt2frwqzn8ls09yep12]\" ><img loading=\"lazy\" decoding=\"async\" width=\"570\" height=\"441\" src=\"https:\/\/estheticbcn.com\/wp-content\/uploads\/tratamiento_estetica_especificos_embarazo_postparto.jpg\" class=\"attachment-full\" alt=\"\" title=\"tratamiento_estetica_especificos_embarazo_postparto\" srcset=\"https:\/\/estheticbcn.com\/wp-content\/uploads\/tratamiento_estetica_especificos_embarazo_postparto.jpg 570w, https:\/\/estheticbcn.com\/wp-content\/uploads\/tratamiento_estetica_especificos_embarazo_postparto-300x232.jpg 300w\" sizes=\"auto, (max-width: 570px) 100vw, 570px\" \/><\/a><\/div><\/div>[\/vc_column][vc_column width=&#8221;1\/2&#8243;][vc_custom_heading text=&#8221;Embar\u00e0s i postpart&#8221; font_container=&#8221;tag:h2|font_size:30|text_align:left|color:%236f7072|line_height:35px&#8221; use_theme_fonts=&#8221;yes&#8221;][vc_row_inner][vc_column_inner][vc_column_text font_size=&#8221;14&#8243; line_height=&#8221;16px&#8221;]Una de les \u00e8poques m\u00e9s boniques de la vida d&#8217;una dona \u00e9s sens dubte l&#8217;embar\u00e0s, no obstant aix\u00f2, en aquest moment es produeixen canvis hormonals i f\u00edsics que poden ser molestos.<\/p>\n<p>En el moment de l&#8217;embar\u00e0s, et podem acompanyar fent el seguiment de control d&#8217;alimentaci\u00f3 i del pes. T\u2019assessorem sobre els cosm\u00e8tics m\u00e9s adequats, tractant d&#8217;evitar l&#8217;aparici\u00f3 de taques o estries.<\/p>\n<p>Normalment s&#8217;imparteixen cursos de preparaci\u00f3 pel naixement per\u00f2 ning\u00fa ens prepara per al postpart, on s\u2019uneixen l&#8217;amor m\u00e0xim per al nad\u00f3 i l&#8217;esgotament de la mare&#8230; Volem ajudar-te en aquest moment i aix\u00ed poder recuperar la teva figura, millorar l&#8217;aparen\u00e7a de la pell de l&#8217;abdomen i resoldre els problemes que poden sorgir com les estries o el melasma entre d&#8217;altres.<\/p>\n<p>El nostre objectiu \u00e9s que la gran alegria que sent la mare per al naixement del seu nad\u00f3, no sigui entelada per cansament, augment de pes o altres signes que puguin apar\u00e8ixer en la pell.<br \/>\n[\/vc_column_text][\/vc_column_inner][\/vc_row_inner][\/vc_column][\/vc_row]<\/p>\n<\/div>","protected":false},"excerpt":{"rendered":"<p>[vc_row][vc_column width=&#8221;1\/2&#8243; css=&#8221;.vc_custom_1447608989542{padding-bottom: 40px !important;}&#8221;][\/vc_column][vc_column width=&#8221;1\/2&#8243;][vc_custom_heading text=&#8221;Embar\u00e0s i postpart&#8221; font_container=&#8221;tag:h2|font_size:30|text_align:left|color:%236f7072|line_height:35px&#8221; use_theme_fonts=&#8221;yes&#8221;][vc_row_inner][vc_column_inner][vc_column_text font_size=&#8221;14&#8243; line_height=&#8221;16px&#8221;]Una de les \u00e8poques m\u00e9s boniques de la vida d&#8217;una dona \u00e9s sens dubte l&#8217;embar\u00e0s, no obstant aix\u00f2, en aquest moment es produeixen canvis hormonals i f\u00edsics que poden ser molestos. En el moment de l&#8217;embar\u00e0s, et podem acompanyar fent el seguiment de&#8230;<a class=\"more-link\" href=\"https:\/\/estheticbcn.com\/ca\/embaras-postpart\/\">Llegir m\u00e9s<\/a><\/p>\n","protected":false},"author":4,"featured_media":0,"parent":0,"menu_order":366,"comment_status":"closed","ping_status":"closed","template":"","meta":{"footnotes":""},"class_list":["post-9022","page","type-page","status-publish","hentry"],"yoast_head":"<!-- This site is optimized with the Yoast SEO plugin v26.0 - https:\/\/yoast.com\/wordpress\/plugins\/seo\/ -->\n<title>Embar\u00e0s i postpart - Esthetic BCN<\/title>\n<meta name=\"robots\" content=\"index, follow, max-snippet:-1, max-image-preview:large, max-video-preview:-1\" \/>\n<link rel=\"canonical\" href=\"https:\/\/estheticbcn.com\/ca\/embaras-postpart\/\" \/>\n<meta property=\"og:locale\" content=\"ca_ES\" \/>\n<meta property=\"og:type\" content=\"article\" \/>\n<meta property=\"og:title\" content=\"Embar\u00e0s i postpart - Esthetic BCN\" \/>\n<meta property=\"og:description\" content=\"[vc_row][vc_column width=&#8221;1\/2&#8243; css=&#8221;.vc_custom_1447608989542{padding-bottom: 40px !important;}&#8221;][\/vc_column][vc_column width=&#8221;1\/2&#8243;][vc_custom_heading text=&#8221;Embar\u00e0s i postpart&#8221; font_container=&#8221;tag:h2|font_size:30|text_align:left|color:%236f7072|line_height:35px&#8221; use_theme_fonts=&#8221;yes&#8221;][vc_row_inner][vc_column_inner][vc_column_text font_size=&#8221;14&#8243; line_height=&#8221;16px&#8221;]Una de les \u00e8poques m\u00e9s boniques de la vida d&#8217;una dona \u00e9s sens dubte l&#8217;embar\u00e0s, no obstant aix\u00f2, en aquest moment es produeixen canvis hormonals i f\u00edsics que poden ser molestos. En el moment de l&#8217;embar\u00e0s, et podem acompanyar fent el seguiment de...Llegir m\u00e9s\" \/>\n<meta property=\"og:url\" content=\"https:\/\/estheticbcn.com\/ca\/embaras-postpart\/\" \/>\n<meta property=\"og:site_name\" content=\"Esthetic BCN\" \/>\n<meta property=\"article:modified_time\" content=\"2016-01-25T14:44:14+00:00\" \/>\n<meta name=\"twitter:card\" content=\"summary_large_image\" \/>\n<meta name=\"twitter:label1\" content=\"Temps estimat de lectura\" \/>\n\t<meta name=\"twitter:data1\" content=\"1 minut\" \/>\n<script type=\"application\/ld+json\" class=\"yoast-schema-graph\">{\"@context\":\"https:\/\/schema.org\",\"@graph\":[{\"@type\":\"WebPage\",\"@id\":\"https:\/\/estheticbcn.com\/ca\/embaras-postpart\/\",\"url\":\"https:\/\/estheticbcn.com\/ca\/embaras-postpart\/\",\"name\":\"Embar\u00e0s i postpart - Esthetic BCN\",\"isPartOf\":{\"@id\":\"https:\/\/estheticbcn.com\/#website\"},\"datePublished\":\"2015-10-18T20:46:11+00:00\",\"dateModified\":\"2016-01-25T14:44:14+00:00\",\"inLanguage\":\"ca\",\"potentialAction\":[{\"@type\":\"ReadAction\",\"target\":[\"https:\/\/estheticbcn.com\/ca\/embaras-postpart\/\"]}]},{\"@type\":\"WebSite\",\"@id\":\"https:\/\/estheticbcn.com\/#website\",\"url\":\"https:\/\/estheticbcn.com\/\",\"name\":\"Esthetic BCN\",\"description\":\"Otro sitio realizado con WordPress\",\"potentialAction\":[{\"@type\":\"SearchAction\",\"target\":{\"@type\":\"EntryPoint\",\"urlTemplate\":\"https:\/\/estheticbcn.com\/?s={search_term_string}\"},\"query-input\":{\"@type\":\"PropertyValueSpecification\",\"valueRequired\":true,\"valueName\":\"search_term_string\"}}],\"inLanguage\":\"ca\"}]}<\/script>\n<!-- \/ Yoast SEO plugin. -->","yoast_head_json":{"title":"Embar\u00e0s i postpart - Esthetic BCN","robots":{"index":"index","follow":"follow","max-snippet":"max-snippet:-1","max-image-preview":"max-image-preview:large","max-video-preview":"max-video-preview:-1"},"canonical":"https:\/\/estheticbcn.com\/ca\/embaras-postpart\/","og_locale":"ca_ES","og_type":"article","og_title":"Embar\u00e0s i postpart - Esthetic BCN","og_description":"[vc_row][vc_column width=&#8221;1\/2&#8243; css=&#8221;.vc_custom_1447608989542{padding-bottom: 40px !important;}&#8221;][\/vc_column][vc_column width=&#8221;1\/2&#8243;][vc_custom_heading text=&#8221;Embar\u00e0s i postpart&#8221; font_container=&#8221;tag:h2|font_size:30|text_align:left|color:%236f7072|line_height:35px&#8221; use_theme_fonts=&#8221;yes&#8221;][vc_row_inner][vc_column_inner][vc_column_text font_size=&#8221;14&#8243; line_height=&#8221;16px&#8221;]Una de les \u00e8poques m\u00e9s boniques de la vida d&#8217;una dona \u00e9s sens dubte l&#8217;embar\u00e0s, no obstant aix\u00f2, en aquest moment es produeixen canvis hormonals i f\u00edsics que poden ser molestos. En el moment de l&#8217;embar\u00e0s, et podem acompanyar fent el seguiment de...Llegir m\u00e9s","og_url":"https:\/\/estheticbcn.com\/ca\/embaras-postpart\/","og_site_name":"Esthetic BCN","article_modified_time":"2016-01-25T14:44:14+00:00","twitter_card":"summary_large_image","twitter_misc":{"Temps estimat de lectura":"1 minut"},"schema":{"@context":"https:\/\/schema.org","@graph":[{"@type":"WebPage","@id":"https:\/\/estheticbcn.com\/ca\/embaras-postpart\/","url":"https:\/\/estheticbcn.com\/ca\/embaras-postpart\/","name":"Embar\u00e0s i postpart - Esthetic BCN","isPartOf":{"@id":"https:\/\/estheticbcn.com\/#website"},"datePublished":"2015-10-18T20:46:11+00:00","dateModified":"2016-01-25T14:44:14+00:00","inLanguage":"ca","potentialAction":[{"@type":"ReadAction","target":["https:\/\/estheticbcn.com\/ca\/embaras-postpart\/"]}]},{"@type":"WebSite","@id":"https:\/\/estheticbcn.com\/#website","url":"https:\/\/estheticbcn.com\/","name":"Esthetic BCN","description":"Otro sitio realizado con WordPress","potentialAction":[{"@type":"SearchAction","target":{"@type":"EntryPoint","urlTemplate":"https:\/\/estheticbcn.com\/?s={search_term_string}"},"query-input":{"@type":"PropertyValueSpecification","valueRequired":true,"valueName":"search_term_string"}}],"inLanguage":"ca"}]}},"_links":{"self":[{"href":"https:\/\/estheticbcn.com\/ca\/wp-json\/wp\/v2\/pages\/9022","targetHints":{"allow":["GET"]}}],"collection":[{"href":"https:\/\/estheticbcn.com\/ca\/wp-json\/wp\/v2\/pages"}],"about":[{"href":"https:\/\/estheticbcn.com\/ca\/wp-json\/wp\/v2\/types\/page"}],"author":[{"embeddable":true,"href":"https:\/\/estheticbcn.com\/ca\/wp-json\/wp\/v2\/users\/4"}],"replies":[{"embeddable":true,"href":"https:\/\/estheticbcn.com\/ca\/wp-json\/wp\/v2\/comments?post=9022"}],"version-history":[{"count":0,"href":"https:\/\/estheticbcn.com\/ca\/wp-json\/wp\/v2\/pages\/9022\/revisions"}],"wp:attachment":[{"href":"https:\/\/estheticbcn.com\/ca\/wp-json\/wp\/v2\/media?parent=9022"}],"curies":[{"name":"wp","href":"https:\/\/api.w.org\/{rel}","templated":true}]}}