{"id":9007,"date":"2015-09-13T20:55:20","date_gmt":"2015-09-13T20:55:20","guid":{"rendered":"https:\/\/estheticbcn.com\/ca\/mesoterapia"},"modified":"2021-01-13T09:18:51","modified_gmt":"2021-01-13T09:18:51","slug":"mesoterapia","status":"publish","type":"page","link":"https:\/\/estheticbcn.com\/ca\/mesoterapia\/","title":{"rendered":"Mesoter\u00e0pia"},"content":{"rendered":"<div class=\"wpb-content-wrapper\"><p>[vc_row][vc_column width=&#8221;1\/2&#8243; css=&#8221;.vc_custom_1447609240668{padding-bottom: 40px !important;}&#8221;]<style type=\"text\/css\" >#ic_wgo84dopqb2s1q7g7tea {margin:0px auto 0px; }#ic_wgo84dopqb2s1q7g7tea .rd_img_carousel img,#ic_wgo84dopqb2s1q7g7tea .rd_img_pager img{background:#ffffff; border-color:#9b9c9e;}<\/style><script type=\"text\/javascript\" charset=\"utf-8\">\r\n\t\tjQuery.noConflict();\r\n\t\/\/setup up Carousel\r\n\t\tjQuery(document).ready(function($) {\r\n\t\t\"use strict\";\r\n\r\n\t\t\t$(window).load(function(){\r\n\t\t\t\tvar $carousel = $(\"#ic_wgo84dopqb2s1q7g7tea .rd_img_carousel\"),\r\n\t\t\t\t\t$pager = $(\"#ic_wgo84dopqb2s1q7g7tea .rd_img_pager\");\r\n\t\t\t\t\t\r\n$(\"#ic_wgo84dopqb2s1q7g7tea .rd_img_pager img\").each(function(i) {\r\n\t\t$(this).addClass( \"itm\"+i );\r\n\t\t\r\n\t\t\/* add onclick event to thumbnail to make the main \r\n\t\tcarousel scroll to the right slide*\/\r\n\t\t$(this).click(function() {\r\n\t\t\t$(\"#ic_wgo84dopqb2s1q7g7tea .rd_img_carousel\").trigger( \"slideTo\", [i, 0, true] );\r\n\t\t\treturn false;\r\n\t\t});\r\n\t});\r\n\r\n\t\t$(\"#ic_wgo84dopqb2s1q7g7tea .rd_img_pager img.itm0\").addClass( \"selected\" );\r\n\t\r\n\r\n\t\t\t\t$carousel.carouFredSel({\r\n\t\t\t\t\tsynchronise: [\"#ic_wgo84dopqb2s1q7g7tea .rd_img_pager\", false], \r\n\t\t\t\t\tresponsive: true,\r\n\t\t\t\t\tauto: false,\r\n\t\t\t\t\tscroll: {\r\n\t\t\tfx: \"fade\",\r\n\t\t\tonBefore: function() {\r\n\t\t\t\t\/* Everytime the main slideshow changes, it check to \r\n\t\t\t\t\tmake sure thumbnail and page are displayed correctly *\/\r\n\t\t\t\t\/* Get the current position *\/\r\n\t\t\t\tvar pos = $(this).triggerHandler( \"currentPosition\" );\r\n\t\t\t\t\r\n\t\t\t\t\/* Reset and select the current thumbnail item *\/\r\n\t\t\t\t$(\"#ic_wgo84dopqb2s1q7g7tea .rd_img_pager img\").removeClass( \"selected\" );\r\n\t\t\t\t$(\"#ic_wgo84dopqb2s1q7g7tea .rd_img_pager img.itm\"+pos).addClass( \"selected\" );\r\n\r\n\t\t\t\t\/* Move the thumbnail to the right page *\/\r\n\t\t\t}},\r\n\t\t\t\t\twidth: \"100%\",\r\n        \t\t\theight: \"variable\",\r\n\t\t\t\t\titems: {\r\n\t\t\t\t\t\tvisible: 1,\r\n\t\t\t\t\t\theight: \"variable\",\r\n\t\t\t\t\t\t}\r\n\t\t\t\t\t\r\n\t\t\t\t\t\r\n\t\t\t\t\t\r\n\t\t\t\t});\r\n\t\t\t\t$pager.carouFredSel({\r\n\t\t\t\t\twidth: \"100%\",     \r\n\t\t\t\t\tauto: false,\r\n        \t\t\theight: \"variable\",\r\n\t\t\t\t\titems: {\r\n\t\t\t\t\t\theight: \"variable\",\r\n\t\t\t\t\t},\r\n\t\t\t\t});\r\n\t\t\t\t\r\n\t\t\t\t$(\"#ic_wgo84dopqb2s1q7g7tea .rd_img_carousel\").css(\"opacity\",\"1\" );\r\n\t\t\t\t$(\"#ic_wgo84dopqb2s1q7g7tea .rd_img_pager\").css(\"opacity\", \"1\" );\r\n\t\t\t\t\r\n\t\t\t\r\n$(\".woo_img_next\").click(function() { \r\n\t\t\t$(\"#ic_wgo84dopqb2s1q7g7tea .rd_img_pager, #ic_wgo84dopqb2s1q7g7tea .rd_img_carousel\").trigger( \"next\" ); \r\n\t\t});\r\n\t\t$(\".woo_img_prev\").click(function() { \r\n\t\t\t$(\"#ic_wgo84dopqb2s1q7g7tea .rd_img_pager, #ic_wgo84dopqb2s1q7g7tea .rd_img_carousel\").trigger( \"prev\" ); \r\n\t\t});\r\n\t\t\t\t});\r\n\t\t\t\t});\r\n\t<\/script><div class=\"rd_img_carousel_ctn rd_ic_tp\" id=\"ic_wgo84dopqb2s1q7g7tea\"><div class=\"rd_img_carousel\"><img loading=\"lazy\" decoding=\"async\" width=\"570\" height=\"441\" src=\"https:\/\/estheticbcn.com\/wp-content\/uploads\/tratamientos_esthetic_BCN_mesoterapia.jpg\" class=\"attachment-full\" alt=\"\" title=\"tratamientos_esthetic_BCN_mesoterapia\" srcset=\"https:\/\/estheticbcn.com\/wp-content\/uploads\/tratamientos_esthetic_BCN_mesoterapia.jpg 570w, https:\/\/estheticbcn.com\/wp-content\/uploads\/tratamientos_esthetic_BCN_mesoterapia-300x232.jpg 300w\" sizes=\"auto, (max-width: 570px) 100vw, 570px\" \/><img loading=\"lazy\" decoding=\"async\" width=\"570\" height=\"441\" src=\"https:\/\/estheticbcn.com\/wp-content\/uploads\/tratamientos_esthetic_BCN_mesoterapia2.jpg\" class=\"attachment-full\" alt=\"\" title=\"tratamientos_esthetic_BCN_mesoterapia2\" srcset=\"https:\/\/estheticbcn.com\/wp-content\/uploads\/tratamientos_esthetic_BCN_mesoterapia2.jpg 570w, https:\/\/estheticbcn.com\/wp-content\/uploads\/tratamientos_esthetic_BCN_mesoterapia2-300x232.jpg 300w\" sizes=\"auto, (max-width: 570px) 100vw, 570px\" \/><\/div><div class=\"rd_img_pager\"><div><img decoding=\"async\" class=\"\" src=\"https:\/\/estheticbcn.com\/wp-content\/uploads\/tratamientos_esthetic_BCN_mesoterapia-200x200.jpg\" width=\"200\" height=\"200\" alt=\"tratamientos_esthetic_BCN_mesoterapia\" title=\"tratamientos_esthetic_BCN_mesoterapia\" loading=\"lazy\" \/><\/div><div><img decoding=\"async\" class=\"\" src=\"https:\/\/estheticbcn.com\/wp-content\/uploads\/tratamientos_esthetic_BCN_mesoterapia2-200x200.jpg\" width=\"200\" height=\"200\" alt=\"tratamientos_esthetic_BCN_mesoterapia2\" title=\"tratamientos_esthetic_BCN_mesoterapia2\" loading=\"lazy\" \/><\/div><\/div><\/div>[\/vc_column][vc_column width=&#8221;1\/2&#8243;][vc_custom_heading text=&#8221;Mesoter\u00e0pia&#8221; font_container=&#8221;tag:h2|font_size:30|text_align:left|color:%236f7072|line_height:35px&#8221; use_theme_fonts=&#8221;yes&#8221;][vc_row_inner][vc_column_inner][vc_column_text font_size=&#8221;14&#8243; line_height=&#8221;16px&#8221;]La mesoter\u00e0pia consisteix en introduir substancies o f\u00e0rmacs en dermis mitjan\u00e7ant microinjeccions.<\/p>\n<p>En el cas de la mesoter\u00e0pia facial es microinjecta \u00e0cid hialur\u00f2nic d\u2019hidrataci\u00f3 sol o amb vitamines.<\/p>\n<p>En el cas de la mesoter\u00e0pia corporal es microinjecten substancies homeop\u00e0tiques que ajuden a la lip\u00f2lisi, al drenatge i milloren de la zona tractada<\/p>\n<p><strong>Anest\u00e8sia:<\/strong><br \/>\n&#8211; Facial: crema anest\u00e8sica local 20 min<br \/>\n&#8211; Corporal: no es requereix.<br \/>\n<strong>Duraci\u00f3 de la sessi\u00f3: <\/strong><br \/>\n&#8211; Facial: 15 minuts.<br \/>\n&#8211; Corporal: 15 min.<br \/>\n<strong>Nombre de sessions:<\/strong><br \/>\n&#8211; Facial: tres inicials i despr\u00e9s un manteniment.<br \/>\n&#8211; Corporal: de 8 a 10 .<br \/>\n<strong>Recuperaci\u00f3: <\/strong><br \/>\n&#8211; Vida normal al sortir de la consulta.<br \/>\n[\/vc_column_text][\/vc_column_inner][\/vc_row_inner][\/vc_column][\/vc_row]<\/p>\n<\/div>","protected":false},"excerpt":{"rendered":"<p>[vc_row][vc_column width=&#8221;1\/2&#8243; css=&#8221;.vc_custom_1447609240668{padding-bottom: 40px !important;}&#8221;][\/vc_column][vc_column width=&#8221;1\/2&#8243;][vc_custom_heading text=&#8221;Mesoter\u00e0pia&#8221; font_container=&#8221;tag:h2|font_size:30|text_align:left|color:%236f7072|line_height:35px&#8221; use_theme_fonts=&#8221;yes&#8221;][vc_row_inner][vc_column_inner][vc_column_text font_size=&#8221;14&#8243; line_height=&#8221;16px&#8221;]La mesoter\u00e0pia consisteix en introduir substancies o f\u00e0rmacs en dermis mitjan\u00e7ant microinjeccions. En el cas de la mesoter\u00e0pia facial es microinjecta \u00e0cid hialur\u00f2nic d\u2019hidrataci\u00f3 sol o amb vitamines. En el cas de la mesoter\u00e0pia corporal es microinjecten substancies homeop\u00e0tiques que ajuden a la lip\u00f2lisi, al&#8230;<a class=\"more-link\" href=\"https:\/\/estheticbcn.com\/ca\/mesoterapia\/\">Llegir m\u00e9s<\/a><\/p>\n","protected":false},"author":4,"featured_media":0,"parent":0,"menu_order":245,"comment_status":"closed","ping_status":"closed","template":"","meta":{"footnotes":""},"class_list":["post-9007","page","type-page","status-publish","hentry"],"yoast_head":"<!-- This site is optimized with the Yoast SEO plugin v26.0 - https:\/\/yoast.com\/wordpress\/plugins\/seo\/ -->\n<title>Mesoter\u00e0pia - Esthetic BCN<\/title>\n<meta name=\"robots\" content=\"index, follow, max-snippet:-1, max-image-preview:large, max-video-preview:-1\" \/>\n<link rel=\"canonical\" href=\"https:\/\/estheticbcn.com\/ca\/mesoterapia\/\" \/>\n<meta property=\"og:locale\" content=\"ca_ES\" \/>\n<meta property=\"og:type\" content=\"article\" \/>\n<meta property=\"og:title\" content=\"Mesoter\u00e0pia - Esthetic BCN\" \/>\n<meta property=\"og:description\" content=\"[vc_row][vc_column width=&#8221;1\/2&#8243; css=&#8221;.vc_custom_1447609240668{padding-bottom: 40px !important;}&#8221;][\/vc_column][vc_column width=&#8221;1\/2&#8243;][vc_custom_heading text=&#8221;Mesoter\u00e0pia&#8221; font_container=&#8221;tag:h2|font_size:30|text_align:left|color:%236f7072|line_height:35px&#8221; use_theme_fonts=&#8221;yes&#8221;][vc_row_inner][vc_column_inner][vc_column_text font_size=&#8221;14&#8243; line_height=&#8221;16px&#8221;]La mesoter\u00e0pia consisteix en introduir substancies o f\u00e0rmacs en dermis mitjan\u00e7ant microinjeccions. En el cas de la mesoter\u00e0pia facial es microinjecta \u00e0cid hialur\u00f2nic d\u2019hidrataci\u00f3 sol o amb vitamines. En el cas de la mesoter\u00e0pia corporal es microinjecten substancies homeop\u00e0tiques que ajuden a la lip\u00f2lisi, al...Llegir m\u00e9s\" \/>\n<meta property=\"og:url\" content=\"https:\/\/estheticbcn.com\/ca\/mesoterapia\/\" \/>\n<meta property=\"og:site_name\" content=\"Esthetic BCN\" \/>\n<meta property=\"article:modified_time\" content=\"2021-01-13T09:18:51+00:00\" \/>\n<meta name=\"twitter:card\" content=\"summary_large_image\" \/>\n<meta name=\"twitter:label1\" content=\"Temps estimat de lectura\" \/>\n\t<meta name=\"twitter:data1\" content=\"1 minut\" \/>\n<script type=\"application\/ld+json\" class=\"yoast-schema-graph\">{\"@context\":\"https:\/\/schema.org\",\"@graph\":[{\"@type\":\"WebPage\",\"@id\":\"https:\/\/estheticbcn.com\/ca\/mesoterapia\/\",\"url\":\"https:\/\/estheticbcn.com\/ca\/mesoterapia\/\",\"name\":\"Mesoter\u00e0pia - Esthetic BCN\",\"isPartOf\":{\"@id\":\"https:\/\/estheticbcn.com\/#website\"},\"datePublished\":\"2015-09-13T20:55:20+00:00\",\"dateModified\":\"2021-01-13T09:18:51+00:00\",\"inLanguage\":\"ca\",\"potentialAction\":[{\"@type\":\"ReadAction\",\"target\":[\"https:\/\/estheticbcn.com\/ca\/mesoterapia\/\"]}]},{\"@type\":\"WebSite\",\"@id\":\"https:\/\/estheticbcn.com\/#website\",\"url\":\"https:\/\/estheticbcn.com\/\",\"name\":\"Esthetic BCN\",\"description\":\"Otro sitio realizado con WordPress\",\"potentialAction\":[{\"@type\":\"SearchAction\",\"target\":{\"@type\":\"EntryPoint\",\"urlTemplate\":\"https:\/\/estheticbcn.com\/?s={search_term_string}\"},\"query-input\":{\"@type\":\"PropertyValueSpecification\",\"valueRequired\":true,\"valueName\":\"search_term_string\"}}],\"inLanguage\":\"ca\"}]}<\/script>\n<!-- \/ Yoast SEO plugin. -->","yoast_head_json":{"title":"Mesoter\u00e0pia - Esthetic BCN","robots":{"index":"index","follow":"follow","max-snippet":"max-snippet:-1","max-image-preview":"max-image-preview:large","max-video-preview":"max-video-preview:-1"},"canonical":"https:\/\/estheticbcn.com\/ca\/mesoterapia\/","og_locale":"ca_ES","og_type":"article","og_title":"Mesoter\u00e0pia - Esthetic BCN","og_description":"[vc_row][vc_column width=&#8221;1\/2&#8243; css=&#8221;.vc_custom_1447609240668{padding-bottom: 40px !important;}&#8221;][\/vc_column][vc_column width=&#8221;1\/2&#8243;][vc_custom_heading text=&#8221;Mesoter\u00e0pia&#8221; font_container=&#8221;tag:h2|font_size:30|text_align:left|color:%236f7072|line_height:35px&#8221; use_theme_fonts=&#8221;yes&#8221;][vc_row_inner][vc_column_inner][vc_column_text font_size=&#8221;14&#8243; line_height=&#8221;16px&#8221;]La mesoter\u00e0pia consisteix en introduir substancies o f\u00e0rmacs en dermis mitjan\u00e7ant microinjeccions. En el cas de la mesoter\u00e0pia facial es microinjecta \u00e0cid hialur\u00f2nic d\u2019hidrataci\u00f3 sol o amb vitamines. En el cas de la mesoter\u00e0pia corporal es microinjecten substancies homeop\u00e0tiques que ajuden a la lip\u00f2lisi, al...Llegir m\u00e9s","og_url":"https:\/\/estheticbcn.com\/ca\/mesoterapia\/","og_site_name":"Esthetic BCN","article_modified_time":"2021-01-13T09:18:51+00:00","twitter_card":"summary_large_image","twitter_misc":{"Temps estimat de lectura":"1 minut"},"schema":{"@context":"https:\/\/schema.org","@graph":[{"@type":"WebPage","@id":"https:\/\/estheticbcn.com\/ca\/mesoterapia\/","url":"https:\/\/estheticbcn.com\/ca\/mesoterapia\/","name":"Mesoter\u00e0pia - Esthetic BCN","isPartOf":{"@id":"https:\/\/estheticbcn.com\/#website"},"datePublished":"2015-09-13T20:55:20+00:00","dateModified":"2021-01-13T09:18:51+00:00","inLanguage":"ca","potentialAction":[{"@type":"ReadAction","target":["https:\/\/estheticbcn.com\/ca\/mesoterapia\/"]}]},{"@type":"WebSite","@id":"https:\/\/estheticbcn.com\/#website","url":"https:\/\/estheticbcn.com\/","name":"Esthetic BCN","description":"Otro sitio realizado con WordPress","potentialAction":[{"@type":"SearchAction","target":{"@type":"EntryPoint","urlTemplate":"https:\/\/estheticbcn.com\/?s={search_term_string}"},"query-input":{"@type":"PropertyValueSpecification","valueRequired":true,"valueName":"search_term_string"}}],"inLanguage":"ca"}]}},"_links":{"self":[{"href":"https:\/\/estheticbcn.com\/ca\/wp-json\/wp\/v2\/pages\/9007","targetHints":{"allow":["GET"]}}],"collection":[{"href":"https:\/\/estheticbcn.com\/ca\/wp-json\/wp\/v2\/pages"}],"about":[{"href":"https:\/\/estheticbcn.com\/ca\/wp-json\/wp\/v2\/types\/page"}],"author":[{"embeddable":true,"href":"https:\/\/estheticbcn.com\/ca\/wp-json\/wp\/v2\/users\/4"}],"replies":[{"embeddable":true,"href":"https:\/\/estheticbcn.com\/ca\/wp-json\/wp\/v2\/comments?post=9007"}],"version-history":[{"count":0,"href":"https:\/\/estheticbcn.com\/ca\/wp-json\/wp\/v2\/pages\/9007\/revisions"}],"wp:attachment":[{"href":"https:\/\/estheticbcn.com\/ca\/wp-json\/wp\/v2\/media?parent=9007"}],"curies":[{"name":"wp","href":"https:\/\/api.w.org\/{rel}","templated":true}]}}