{"id":8996,"date":"2015-09-13T20:55:20","date_gmt":"2015-09-13T20:55:20","guid":{"rendered":"https:\/\/estheticbcn.com\/ca\/thermage-cpt"},"modified":"2025-12-22T11:47:26","modified_gmt":"2025-12-22T11:47:26","slug":"thermage-flx","status":"publish","type":"page","link":"https:\/\/estheticbcn.com\/ca\/thermage-flx\/","title":{"rendered":"Thermage FLX"},"content":{"rendered":"<div class=\"wpb-content-wrapper\"><p>[vc_row][vc_column width=&#8221;1\/2&#8243; css=&#8221;.vc_custom_1447609356177{padding-bottom: 40px !important;}&#8221;]<style type=\"text\/css\" >#ic_4smsj3j7gopxvefo72yn {margin:0px auto 0px; }#ic_4smsj3j7gopxvefo72yn .ic_left,#ic_4smsj3j7gopxvefo72yn .ic_right,#ic_4smsj3j7gopxvefo72yn .ic_left:after,#ic_4smsj3j7gopxvefo72yn .ic_right:after{border-color:#9b9c9e; background:#ffffff; color:#9b9c9e; }#ic_4smsj3j7gopxvefo72yn .ic_left:hover,#ic_4smsj3j7gopxvefo72yn .ic_right:hover,#ic_4smsj3j7gopxvefo72yn .ic_left:hover:after,#ic_4smsj3j7gopxvefo72yn .ic_right:hover:after{background:transparent; color:#6f7072; }#ic_4smsj3j7gopxvefo72yn .rd_ic_pager a{border-color:#9b9c9e; background:#ffffff; color:#9b9c9e; }#ic_4smsj3j7gopxvefo72yn .rd_ic_pager a:hover{border-color:#eab7a9; background:#eab7a9; color:#ffffff; }<\/style><script type=\"text\/javascript\" charset=\"utf-8\">\r\n\t\t\t\t\r\n\t\tjQuery.noConflict();\r\n\t\/\/setup up Carousel\r\n\t\tjQuery(document).ready(function($) {\t\r\n\t\t\t\r\n\t\t\"use strict\";\r\n\t\t\r\n\t\t\t$(window).load(function(){\r\n\t\t$(\"#ic_4smsj3j7gopxvefo72yn .rd_img_carousel\").carouFredSel({\r\n\t\t\t\t\t\r\n\t\t\t\t\tresponsive: true,\r\n\t\t\t\t\twidth: \"100%\",scroll: 1,\r\n\t\t\t\t\tauto: false,\r\n\t\t\t\t\tprev: \"#ic_4smsj3j7gopxvefo72yn .ic_left\",\r\n\t\t\t\t\tnext: \"#ic_4smsj3j7gopxvefo72yn .ic_right\",\r\n\t\t\t\t\tpagination: \"#ic_4smsj3j7gopxvefo72yn_pager\",\r\n\t\t\t\t\theight : \"variable\",\r\n\t\t\t\t\tswipe       : {\r\n             \t\t   onTouch     : true,\r\n\t\t               onMouse     : false\r\n        \t\t    },\r\n\t\t\t\t\titems: {\r\n\t\t\t\t\theight : \"variable\",\r\n\t\t\t\t\t\tvisible: {\r\n\t\t\t\t\t\t\tmin: 1,\r\n\t\t\t\t\t\t\tmax: 1\r\n\t\t\t\t\t\t}\r\n\t\t\t\t\t}\r\n\t\t\t\t});\r\n\t\t\t\t});\r\n\t\t\t\t});\r\n\t<\/script><div class=\"rd_img_carousel_ctn  \" id=\"ic_4smsj3j7gopxvefo72yn\"><div class=\"rd_img_carousel\"><img loading=\"lazy\" decoding=\"async\" width=\"570\" height=\"441\" src=\"https:\/\/estheticbcn.com\/wp-content\/uploads\/tratamiento_esthetic_BCN_Thermage_FLX_corporal-1.jpg\" class=\"attachment-full\" alt=\"\" title=\"tratamiento_esthetic_BCN_Thermage_FLX_corporal\" srcset=\"https:\/\/estheticbcn.com\/wp-content\/uploads\/tratamiento_esthetic_BCN_Thermage_FLX_corporal-1.jpg 570w, https:\/\/estheticbcn.com\/wp-content\/uploads\/tratamiento_esthetic_BCN_Thermage_FLX_corporal-1-300x232.jpg 300w\" sizes=\"auto, (max-width: 570px) 100vw, 570px\" \/><\/div><\/div>[\/vc_column][vc_column width=&#8221;1\/2&#8243;][vc_custom_heading text=&#8221;Thermage CPT&#8221; font_container=&#8221;tag:h2|font_size:30|text_align:left|color:%236f7072|line_height:35px&#8221; use_theme_fonts=&#8221;yes&#8221;][vc_row_inner][vc_column_inner][vc_column_text css=&#8221;&#8221; font_size=&#8221;14&#8243; line_height=&#8221;16px&#8221;]Es un sistema de radiofreq\u00fc\u00e8ncia que estimula la formaci\u00f3 de col\u00b7lagen propi mitjan\u00e7ant l\u2019augment de temperatura de la dermis, tensant aix\u00ed la zona tractada. S\u2019aconsella una sessi\u00f3 cada any o any i mig i el resultat va millorant a mida que passen els mesos.<\/p>\n<p><strong>Anest\u00e8sia:<\/strong><br \/>\n&#8211; No precisa.<br \/>\n&#8211; S\u2019administra un relaxant muscular previ al tractament<br \/>\n<strong> Duraci\u00f3 de la sessi\u00f3:<\/strong><br \/>\n&#8211; Facial: 60-90 minuts.<br \/>\n&#8211; Corporal: 60-90 minuts<br \/>\n<strong> Nombre de sessions:<\/strong><br \/>\n&#8211; Una \u00fanica sessi\u00f3.<br \/>\n<strong> Recuperaci\u00f3:<\/strong><br \/>\n&#8211; Incorporaci\u00f3 immediata a la rutina habitual.[\/vc_column_text][\/vc_column_inner][\/vc_row_inner][\/vc_column][\/vc_row]<\/p>\n<\/div>","protected":false},"excerpt":{"rendered":"<p>[vc_row][vc_column width=&#8221;1\/2&#8243; css=&#8221;.vc_custom_1447609356177{padding-bottom: 40px !important;}&#8221;][\/vc_column][vc_column width=&#8221;1\/2&#8243;][vc_custom_heading text=&#8221;Thermage CPT&#8221; font_container=&#8221;tag:h2|font_size:30|text_align:left|color:%236f7072|line_height:35px&#8221; use_theme_fonts=&#8221;yes&#8221;][vc_row_inner][vc_column_inner][vc_column_text css=&#8221;&#8221; font_size=&#8221;14&#8243; line_height=&#8221;16px&#8221;]Es un sistema de radiofreq\u00fc\u00e8ncia que estimula la formaci\u00f3 de col\u00b7lagen propi mitjan\u00e7ant l\u2019augment de temperatura de la dermis, tensant aix\u00ed la zona tractada. S\u2019aconsella una sessi\u00f3 cada any o any i mig i el resultat va millorant a mida que passen els&#8230;<a class=\"more-link\" href=\"https:\/\/estheticbcn.com\/ca\/thermage-flx\/\">Llegir m\u00e9s<\/a><\/p>\n","protected":false},"author":4,"featured_media":0,"parent":0,"menu_order":306,"comment_status":"closed","ping_status":"closed","template":"","meta":{"footnotes":""},"class_list":["post-8996","page","type-page","status-publish","hentry"],"yoast_head":"<!-- This site is optimized with the Yoast SEO plugin v26.0 - https:\/\/yoast.com\/wordpress\/plugins\/seo\/ -->\n<title>Thermage FLX - Esthetic BCN<\/title>\n<meta name=\"robots\" content=\"index, follow, max-snippet:-1, max-image-preview:large, max-video-preview:-1\" \/>\n<link rel=\"canonical\" href=\"https:\/\/estheticbcn.com\/ca\/thermage-flx\/\" \/>\n<meta property=\"og:locale\" content=\"ca_ES\" \/>\n<meta property=\"og:type\" content=\"article\" \/>\n<meta property=\"og:title\" content=\"Thermage FLX - Esthetic BCN\" \/>\n<meta property=\"og:description\" content=\"[vc_row][vc_column width=&#8221;1\/2&#8243; css=&#8221;.vc_custom_1447609356177{padding-bottom: 40px !important;}&#8221;][\/vc_column][vc_column width=&#8221;1\/2&#8243;][vc_custom_heading text=&#8221;Thermage CPT&#8221; font_container=&#8221;tag:h2|font_size:30|text_align:left|color:%236f7072|line_height:35px&#8221; use_theme_fonts=&#8221;yes&#8221;][vc_row_inner][vc_column_inner][vc_column_text css=&#8221;&#8221; font_size=&#8221;14&#8243; line_height=&#8221;16px&#8221;]Es un sistema de radiofreq\u00fc\u00e8ncia que estimula la formaci\u00f3 de col\u00b7lagen propi mitjan\u00e7ant l\u2019augment de temperatura de la dermis, tensant aix\u00ed la zona tractada. S\u2019aconsella una sessi\u00f3 cada any o any i mig i el resultat va millorant a mida que passen els...Llegir m\u00e9s\" \/>\n<meta property=\"og:url\" content=\"https:\/\/estheticbcn.com\/ca\/thermage-flx\/\" \/>\n<meta property=\"og:site_name\" content=\"Esthetic BCN\" \/>\n<meta property=\"article:modified_time\" content=\"2025-12-22T11:47:26+00:00\" \/>\n<meta name=\"twitter:card\" content=\"summary_large_image\" \/>\n<meta name=\"twitter:label1\" content=\"Temps estimat de lectura\" \/>\n\t<meta name=\"twitter:data1\" content=\"1 minut\" \/>\n<script type=\"application\/ld+json\" class=\"yoast-schema-graph\">{\"@context\":\"https:\/\/schema.org\",\"@graph\":[{\"@type\":\"WebPage\",\"@id\":\"https:\/\/estheticbcn.com\/ca\/thermage-flx\/\",\"url\":\"https:\/\/estheticbcn.com\/ca\/thermage-flx\/\",\"name\":\"Thermage FLX - Esthetic BCN\",\"isPartOf\":{\"@id\":\"https:\/\/estheticbcn.com\/#website\"},\"datePublished\":\"2015-09-13T20:55:20+00:00\",\"dateModified\":\"2025-12-22T11:47:26+00:00\",\"inLanguage\":\"ca\",\"potentialAction\":[{\"@type\":\"ReadAction\",\"target\":[\"https:\/\/estheticbcn.com\/ca\/thermage-flx\/\"]}]},{\"@type\":\"WebSite\",\"@id\":\"https:\/\/estheticbcn.com\/#website\",\"url\":\"https:\/\/estheticbcn.com\/\",\"name\":\"Esthetic BCN\",\"description\":\"Otro sitio realizado con WordPress\",\"potentialAction\":[{\"@type\":\"SearchAction\",\"target\":{\"@type\":\"EntryPoint\",\"urlTemplate\":\"https:\/\/estheticbcn.com\/?s={search_term_string}\"},\"query-input\":{\"@type\":\"PropertyValueSpecification\",\"valueRequired\":true,\"valueName\":\"search_term_string\"}}],\"inLanguage\":\"ca\"}]}<\/script>\n<!-- \/ Yoast SEO plugin. -->","yoast_head_json":{"title":"Thermage FLX - Esthetic BCN","robots":{"index":"index","follow":"follow","max-snippet":"max-snippet:-1","max-image-preview":"max-image-preview:large","max-video-preview":"max-video-preview:-1"},"canonical":"https:\/\/estheticbcn.com\/ca\/thermage-flx\/","og_locale":"ca_ES","og_type":"article","og_title":"Thermage FLX - Esthetic BCN","og_description":"[vc_row][vc_column width=&#8221;1\/2&#8243; css=&#8221;.vc_custom_1447609356177{padding-bottom: 40px !important;}&#8221;][\/vc_column][vc_column width=&#8221;1\/2&#8243;][vc_custom_heading text=&#8221;Thermage CPT&#8221; font_container=&#8221;tag:h2|font_size:30|text_align:left|color:%236f7072|line_height:35px&#8221; use_theme_fonts=&#8221;yes&#8221;][vc_row_inner][vc_column_inner][vc_column_text css=&#8221;&#8221; font_size=&#8221;14&#8243; line_height=&#8221;16px&#8221;]Es un sistema de radiofreq\u00fc\u00e8ncia que estimula la formaci\u00f3 de col\u00b7lagen propi mitjan\u00e7ant l\u2019augment de temperatura de la dermis, tensant aix\u00ed la zona tractada. S\u2019aconsella una sessi\u00f3 cada any o any i mig i el resultat va millorant a mida que passen els...Llegir m\u00e9s","og_url":"https:\/\/estheticbcn.com\/ca\/thermage-flx\/","og_site_name":"Esthetic BCN","article_modified_time":"2025-12-22T11:47:26+00:00","twitter_card":"summary_large_image","twitter_misc":{"Temps estimat de lectura":"1 minut"},"schema":{"@context":"https:\/\/schema.org","@graph":[{"@type":"WebPage","@id":"https:\/\/estheticbcn.com\/ca\/thermage-flx\/","url":"https:\/\/estheticbcn.com\/ca\/thermage-flx\/","name":"Thermage FLX - Esthetic BCN","isPartOf":{"@id":"https:\/\/estheticbcn.com\/#website"},"datePublished":"2015-09-13T20:55:20+00:00","dateModified":"2025-12-22T11:47:26+00:00","inLanguage":"ca","potentialAction":[{"@type":"ReadAction","target":["https:\/\/estheticbcn.com\/ca\/thermage-flx\/"]}]},{"@type":"WebSite","@id":"https:\/\/estheticbcn.com\/#website","url":"https:\/\/estheticbcn.com\/","name":"Esthetic BCN","description":"Otro sitio realizado con WordPress","potentialAction":[{"@type":"SearchAction","target":{"@type":"EntryPoint","urlTemplate":"https:\/\/estheticbcn.com\/?s={search_term_string}"},"query-input":{"@type":"PropertyValueSpecification","valueRequired":true,"valueName":"search_term_string"}}],"inLanguage":"ca"}]}},"_links":{"self":[{"href":"https:\/\/estheticbcn.com\/ca\/wp-json\/wp\/v2\/pages\/8996","targetHints":{"allow":["GET"]}}],"collection":[{"href":"https:\/\/estheticbcn.com\/ca\/wp-json\/wp\/v2\/pages"}],"about":[{"href":"https:\/\/estheticbcn.com\/ca\/wp-json\/wp\/v2\/types\/page"}],"author":[{"embeddable":true,"href":"https:\/\/estheticbcn.com\/ca\/wp-json\/wp\/v2\/users\/4"}],"replies":[{"embeddable":true,"href":"https:\/\/estheticbcn.com\/ca\/wp-json\/wp\/v2\/comments?post=8996"}],"version-history":[{"count":0,"href":"https:\/\/estheticbcn.com\/ca\/wp-json\/wp\/v2\/pages\/8996\/revisions"}],"wp:attachment":[{"href":"https:\/\/estheticbcn.com\/ca\/wp-json\/wp\/v2\/media?parent=8996"}],"curies":[{"name":"wp","href":"https:\/\/api.w.org\/{rel}","templated":true}]}}