{"id":8973,"date":"2015-10-23T12:22:50","date_gmt":"2015-10-23T12:22:50","guid":{"rendered":"https:\/\/estheticbcn.com\/ca\/instalaciones"},"modified":"2023-02-13T19:36:23","modified_gmt":"2023-02-13T19:36:23","slug":"instalacions","status":"publish","type":"page","link":"https:\/\/estheticbcn.com\/ca\/instalacions\/","title":{"rendered":"Instal\u00b7lacions"},"content":{"rendered":"<div class=\"wpb-content-wrapper\"><p>[vc_row type=&#8221;full-width-section&#8221; css=&#8221;.vc_custom_1420034153542{margin-bottom: 0px;padding-top: 94px;padding-bottom: 100px;}&#8221;][vc_column]<style type=\"text\/css\" >#ic_ia4oszrkd1qo69ftwfzu {margin:0px auto 0px; }#ic_ia4oszrkd1qo69ftwfzu .ic_left,#ic_ia4oszrkd1qo69ftwfzu .ic_right,#ic_ia4oszrkd1qo69ftwfzu .ic_left:after,#ic_ia4oszrkd1qo69ftwfzu .ic_right:after{border-color:#9b9c9e; background:#ffffff; color:#9b9c9e; }#ic_ia4oszrkd1qo69ftwfzu .ic_left:hover,#ic_ia4oszrkd1qo69ftwfzu .ic_right:hover,#ic_ia4oszrkd1qo69ftwfzu .ic_left:hover:after,#ic_ia4oszrkd1qo69ftwfzu .ic_right:hover:after{background:transparent; color:#6f7072; }#ic_ia4oszrkd1qo69ftwfzu .rd_ic_pager a{border-color:#9b9c9e; background:#ffffff; color:#9b9c9e; }#ic_ia4oszrkd1qo69ftwfzu .rd_ic_pager a:hover{border-color:#eab7a9; background:#eab7a9; color:#ffffff; }<\/style><script type=\"text\/javascript\" charset=\"utf-8\">\r\n\t\t\t\t\r\n\t\tjQuery.noConflict();\r\n\t\/\/setup up Carousel\r\n\t\tjQuery(document).ready(function($) {\t\r\n\t\t\t\r\n\t\t\"use strict\";\r\n\t\t\r\n\t\t\t$(window).load(function(){\r\n\t\t$(\"#ic_ia4oszrkd1qo69ftwfzu .rd_img_carousel\").carouFredSel({\r\n\t\t\t\t\t\r\n\t\t\t\t\tresponsive: true,\r\n\t\t\t\t\twidth: \"100%\",scroll: 1,\r\n\t\t\t\t\tauto: false,\r\n\t\t\t\t\tprev: \"#ic_ia4oszrkd1qo69ftwfzu .ic_left\",\r\n\t\t\t\t\tnext: \"#ic_ia4oszrkd1qo69ftwfzu .ic_right\",\r\n\t\t\t\t\tpagination: \"#ic_ia4oszrkd1qo69ftwfzu_pager\",\r\n\t\t\t\t\theight : \"variable\",\r\n\t\t\t\t\tswipe       : {\r\n             \t\t   onTouch     : true,\r\n\t\t               onMouse     : false\r\n        \t\t    },\r\n\t\t\t\t\titems: {\r\n\t\t\t\t\theight : \"variable\",\r\n\t\t\t\t\t\tvisible: {\r\n\t\t\t\t\t\t\tmin: 1,\r\n\t\t\t\t\t\t\tmax: 1\r\n\t\t\t\t\t\t}\r\n\t\t\t\t\t}\r\n\t\t\t\t});\r\n\t\t\t\t});\r\n\t\t\t\t});\r\n\t<\/script><div class=\"rd_img_carousel_ctn rda_fadeIn hover_nav_style\" id=\"ic_ia4oszrkd1qo69ftwfzu\"><div class=\"ic_nav\"><div class=\"ic_left\" ><\/div><div class=\"ic_right\" ><\/div><\/div><div class=\"rd_img_carousel\"><img loading=\"lazy\" decoding=\"async\" width=\"1149\" height=\"522\" src=\"https:\/\/estheticbcn.com\/wp-content\/uploads\/instalaciones_esthetic_BCN_001_01.jpg\" class=\"attachment-full\" alt=\"\" title=\"instalaciones_esthetic_BCN_001_01\" srcset=\"https:\/\/estheticbcn.com\/wp-content\/uploads\/instalaciones_esthetic_BCN_001_01.jpg 1149w, https:\/\/estheticbcn.com\/wp-content\/uploads\/instalaciones_esthetic_BCN_001_01-300x136.jpg 300w, https:\/\/estheticbcn.com\/wp-content\/uploads\/instalaciones_esthetic_BCN_001_01-768x349.jpg 768w, https:\/\/estheticbcn.com\/wp-content\/uploads\/instalaciones_esthetic_BCN_001_01-1024x465.jpg 1024w\" sizes=\"auto, (max-width: 1149px) 100vw, 1149px\" \/><img loading=\"lazy\" decoding=\"async\" width=\"1149\" height=\"522\" src=\"https:\/\/estheticbcn.com\/wp-content\/uploads\/instalaciones_esthetic_BCN_001_02.jpg\" class=\"attachment-full\" alt=\"\" title=\"instalaciones_esthetic_BCN_001_02\" srcset=\"https:\/\/estheticbcn.com\/wp-content\/uploads\/instalaciones_esthetic_BCN_001_02.jpg 1149w, https:\/\/estheticbcn.com\/wp-content\/uploads\/instalaciones_esthetic_BCN_001_02-300x136.jpg 300w, https:\/\/estheticbcn.com\/wp-content\/uploads\/instalaciones_esthetic_BCN_001_02-768x349.jpg 768w, https:\/\/estheticbcn.com\/wp-content\/uploads\/instalaciones_esthetic_BCN_001_02-1024x465.jpg 1024w\" sizes=\"auto, (max-width: 1149px) 100vw, 1149px\" \/><img loading=\"lazy\" decoding=\"async\" width=\"1149\" height=\"522\" src=\"https:\/\/estheticbcn.com\/wp-content\/uploads\/instalaciones_esthetic_BCN_001_03.jpg\" class=\"attachment-full\" alt=\"\" title=\"instalaciones_esthetic_BCN_001_03\" srcset=\"https:\/\/estheticbcn.com\/wp-content\/uploads\/instalaciones_esthetic_BCN_001_03.jpg 1149w, https:\/\/estheticbcn.com\/wp-content\/uploads\/instalaciones_esthetic_BCN_001_03-300x136.jpg 300w, https:\/\/estheticbcn.com\/wp-content\/uploads\/instalaciones_esthetic_BCN_001_03-768x349.jpg 768w, https:\/\/estheticbcn.com\/wp-content\/uploads\/instalaciones_esthetic_BCN_001_03-1024x465.jpg 1024w\" sizes=\"auto, (max-width: 1149px) 100vw, 1149px\" \/><img loading=\"lazy\" decoding=\"async\" width=\"1149\" height=\"522\" src=\"https:\/\/estheticbcn.com\/wp-content\/uploads\/instalaciones_esthetic_BCN_001_04.jpg\" class=\"attachment-full\" alt=\"\" title=\"instalaciones_esthetic_BCN_001_04\" srcset=\"https:\/\/estheticbcn.com\/wp-content\/uploads\/instalaciones_esthetic_BCN_001_04.jpg 1149w, https:\/\/estheticbcn.com\/wp-content\/uploads\/instalaciones_esthetic_BCN_001_04-300x136.jpg 300w, https:\/\/estheticbcn.com\/wp-content\/uploads\/instalaciones_esthetic_BCN_001_04-768x349.jpg 768w, https:\/\/estheticbcn.com\/wp-content\/uploads\/instalaciones_esthetic_BCN_001_04-1024x465.jpg 1024w\" sizes=\"auto, (max-width: 1149px) 100vw, 1149px\" \/><img loading=\"lazy\" decoding=\"async\" width=\"1149\" height=\"522\" src=\"https:\/\/estheticbcn.com\/wp-content\/uploads\/instalaciones_esthetic_BCN_001_05.jpg\" class=\"attachment-full\" alt=\"\" title=\"instalaciones_esthetic_BCN_001_05\" srcset=\"https:\/\/estheticbcn.com\/wp-content\/uploads\/instalaciones_esthetic_BCN_001_05.jpg 1149w, https:\/\/estheticbcn.com\/wp-content\/uploads\/instalaciones_esthetic_BCN_001_05-300x136.jpg 300w, https:\/\/estheticbcn.com\/wp-content\/uploads\/instalaciones_esthetic_BCN_001_05-768x349.jpg 768w, https:\/\/estheticbcn.com\/wp-content\/uploads\/instalaciones_esthetic_BCN_001_05-1024x465.jpg 1024w\" sizes=\"auto, (max-width: 1149px) 100vw, 1149px\" \/><img loading=\"lazy\" decoding=\"async\" width=\"1149\" height=\"522\" src=\"https:\/\/estheticbcn.com\/wp-content\/uploads\/instalaciones_esthetic_BCN_001_06.jpg\" class=\"attachment-full\" alt=\"\" title=\"instalaciones_esthetic_BCN_001_06\" srcset=\"https:\/\/estheticbcn.com\/wp-content\/uploads\/instalaciones_esthetic_BCN_001_06.jpg 1149w, https:\/\/estheticbcn.com\/wp-content\/uploads\/instalaciones_esthetic_BCN_001_06-300x136.jpg 300w, https:\/\/estheticbcn.com\/wp-content\/uploads\/instalaciones_esthetic_BCN_001_06-768x349.jpg 768w, https:\/\/estheticbcn.com\/wp-content\/uploads\/instalaciones_esthetic_BCN_001_06-1024x465.jpg 1024w\" sizes=\"auto, (max-width: 1149px) 100vw, 1149px\" \/><img loading=\"lazy\" decoding=\"async\" width=\"1149\" height=\"522\" src=\"https:\/\/estheticbcn.com\/wp-content\/uploads\/instalaciones_esthetic_BCN_001_07.jpg\" class=\"attachment-full\" alt=\"\" title=\"instalaciones_esthetic_BCN_001_07\" srcset=\"https:\/\/estheticbcn.com\/wp-content\/uploads\/instalaciones_esthetic_BCN_001_07.jpg 1149w, https:\/\/estheticbcn.com\/wp-content\/uploads\/instalaciones_esthetic_BCN_001_07-300x136.jpg 300w, https:\/\/estheticbcn.com\/wp-content\/uploads\/instalaciones_esthetic_BCN_001_07-768x349.jpg 768w, https:\/\/estheticbcn.com\/wp-content\/uploads\/instalaciones_esthetic_BCN_001_07-1024x465.jpg 1024w\" sizes=\"auto, (max-width: 1149px) 100vw, 1149px\" \/><img loading=\"lazy\" decoding=\"async\" width=\"1149\" height=\"522\" src=\"https:\/\/estheticbcn.com\/wp-content\/uploads\/instalaciones_esthetic_BCN_001_08.jpg\" class=\"attachment-full\" alt=\"\" title=\"instalaciones_esthetic_BCN_001_08\" srcset=\"https:\/\/estheticbcn.com\/wp-content\/uploads\/instalaciones_esthetic_BCN_001_08.jpg 1149w, https:\/\/estheticbcn.com\/wp-content\/uploads\/instalaciones_esthetic_BCN_001_08-300x136.jpg 300w, https:\/\/estheticbcn.com\/wp-content\/uploads\/instalaciones_esthetic_BCN_001_08-768x349.jpg 768w, https:\/\/estheticbcn.com\/wp-content\/uploads\/instalaciones_esthetic_BCN_001_08-1024x465.jpg 1024w\" sizes=\"auto, (max-width: 1149px) 100vw, 1149px\" \/><img loading=\"lazy\" decoding=\"async\" width=\"1149\" height=\"522\" src=\"https:\/\/estheticbcn.com\/wp-content\/uploads\/instalaciones_esthetic_BCN_001_09.jpg\" class=\"attachment-full\" alt=\"\" title=\"instalaciones_esthetic_BCN_001_09\" srcset=\"https:\/\/estheticbcn.com\/wp-content\/uploads\/instalaciones_esthetic_BCN_001_09.jpg 1149w, https:\/\/estheticbcn.com\/wp-content\/uploads\/instalaciones_esthetic_BCN_001_09-300x136.jpg 300w, https:\/\/estheticbcn.com\/wp-content\/uploads\/instalaciones_esthetic_BCN_001_09-768x349.jpg 768w, https:\/\/estheticbcn.com\/wp-content\/uploads\/instalaciones_esthetic_BCN_001_09-1024x465.jpg 1024w\" sizes=\"auto, (max-width: 1149px) 100vw, 1149px\" \/><img loading=\"lazy\" decoding=\"async\" width=\"1149\" height=\"522\" src=\"https:\/\/estheticbcn.com\/wp-content\/uploads\/instalaciones_esthetic_BCN_001_010.jpg\" class=\"attachment-full\" alt=\"\" title=\"instalaciones_esthetic_BCN_001_010\" srcset=\"https:\/\/estheticbcn.com\/wp-content\/uploads\/instalaciones_esthetic_BCN_001_010.jpg 1149w, https:\/\/estheticbcn.com\/wp-content\/uploads\/instalaciones_esthetic_BCN_001_010-300x136.jpg 300w, https:\/\/estheticbcn.com\/wp-content\/uploads\/instalaciones_esthetic_BCN_001_010-768x349.jpg 768w, https:\/\/estheticbcn.com\/wp-content\/uploads\/instalaciones_esthetic_BCN_001_010-1024x465.jpg 1024w\" sizes=\"auto, (max-width: 1149px) 100vw, 1149px\" \/><img loading=\"lazy\" decoding=\"async\" width=\"1149\" height=\"522\" src=\"https:\/\/estheticbcn.com\/wp-content\/uploads\/instalaciones_esthetic_BCN_001_011.jpg\" class=\"attachment-full\" alt=\"\" title=\"instalaciones_esthetic_BCN_001_011\" srcset=\"https:\/\/estheticbcn.com\/wp-content\/uploads\/instalaciones_esthetic_BCN_001_011.jpg 1149w, https:\/\/estheticbcn.com\/wp-content\/uploads\/instalaciones_esthetic_BCN_001_011-300x136.jpg 300w, https:\/\/estheticbcn.com\/wp-content\/uploads\/instalaciones_esthetic_BCN_001_011-768x349.jpg 768w, https:\/\/estheticbcn.com\/wp-content\/uploads\/instalaciones_esthetic_BCN_001_011-1024x465.jpg 1024w\" sizes=\"auto, (max-width: 1149px) 100vw, 1149px\" \/><img loading=\"lazy\" decoding=\"async\" width=\"1149\" height=\"522\" src=\"https:\/\/estheticbcn.com\/wp-content\/uploads\/instalaciones_esthetic_BCN_001_012.jpg\" class=\"attachment-full\" alt=\"\" title=\"instalaciones_esthetic_BCN_001_012\" srcset=\"https:\/\/estheticbcn.com\/wp-content\/uploads\/instalaciones_esthetic_BCN_001_012.jpg 1149w, https:\/\/estheticbcn.com\/wp-content\/uploads\/instalaciones_esthetic_BCN_001_012-300x136.jpg 300w, https:\/\/estheticbcn.com\/wp-content\/uploads\/instalaciones_esthetic_BCN_001_012-768x349.jpg 768w, https:\/\/estheticbcn.com\/wp-content\/uploads\/instalaciones_esthetic_BCN_001_012-1024x465.jpg 1024w\" sizes=\"auto, (max-width: 1149px) 100vw, 1149px\" \/><\/div><\/div>[vc_column_text css=&#8221;.vc_custom_1676316980300{margin-top: 20px !important;margin-bottom: 25px !important;}&#8221;]A Estheticbcn pensem en tu. La <strong>recepci\u00f3<\/strong> est\u00e0 inundada de llum natural per tal de veure la teva expressi\u00f3 des del mateix moment de la teva arribada. Ens agrades! Al costat de recepci\u00f3 hi ha un \u00e0rea dedicada a la bellesa de mans i maquillatge. Les nostres especialistes en Beauty resoldran les dubtes sobre cosm\u00e8tica individualitzada i \u00faltimes tend\u00e8ncies. Tenim molta cura amb el tractament i desinfecci\u00f3 del material despr\u00e9s de cada \u00fas. Estheticbcn \u00e9s un centre M\u00e8dic-est\u00e8tic i processem el material com si de material quir\u00fargic es tract\u00e9s.<\/p>\n<p>A la planta baixa tenim un Box que disposa dels <strong>l\u00e0sers<\/strong> m\u00e9s efica\u00e7os per els nostres tractaments i un Box <strong>quir\u00fargic<\/strong> per tal de realitzar petites cirurgies. Amb la intenci\u00f3 d&#8217;estudiar a fons les teves necessitats, disposem d&#8217;un estudi fotogr\u00e0fic a on descobrirem qu\u00e8 ens explica la teva pell i la teva expressi\u00f3.<\/p>\n<p>A la planta superior tenim un <strong>despatx<\/strong> a on t&#8217;escoltarem i explicarem totes les possibilitats de tractament. Aquest despatx comunica amb <strong>tres boxs m\u00e8dics<\/strong> a on es realitzen els tractaments com fillers, peelings, radiofreq\u00fc\u00e8ncia, carboxiter\u00e0pia entre d&#8217;altres. Annexa a un dels boxs, tenim un bany amb dutxa perqu\u00e8 puguis sortir del centre i incorporar-te de ple a les teves activitats di\u00e0ries. Tamb\u00e9 a la planta superior disposem d&#8217;un <strong>Box<\/strong> dedicat a tractaments <strong>cosm\u00e8tics<\/strong> i massatges que et relaxaran i permetran mostrar la teva millor imatge.<\/p>\n<p>Nom\u00e9s ens queda per dir-te que arreu hi haur\u00e0 personal altament qualificar que t&#8217;acompanyar\u00e0, aconsellar\u00e0 i tindr\u00e0 cura de tu per que la teva estan\u00e7a agradable, et porti a un tractament d&#8217;\u00e8xit.[\/vc_column_text][\/vc_column][\/vc_row]<\/p>\n<\/div>","protected":false},"excerpt":{"rendered":"<p>[vc_row type=&#8221;full-width-section&#8221; css=&#8221;.vc_custom_1420034153542{margin-bottom: 0px;padding-top: 94px;padding-bottom: 100px;}&#8221;][vc_column][vc_column_text css=&#8221;.vc_custom_1676316980300{margin-top: 20px !important;margin-bottom: 25px !important;}&#8221;]A Estheticbcn pensem en tu. La recepci\u00f3 est\u00e0 inundada de llum natural per tal de veure la teva expressi\u00f3 des del mateix moment de la teva arribada. Ens agrades! Al costat de recepci\u00f3 hi ha un \u00e0rea dedicada a la bellesa de mans i maquillatge&#8230;.<a class=\"more-link\" href=\"https:\/\/estheticbcn.com\/ca\/instalacions\/\">Llegir m\u00e9s<\/a><\/p>\n","protected":false},"author":4,"featured_media":0,"parent":0,"menu_order":53,"comment_status":"closed","ping_status":"closed","template":"","meta":{"footnotes":""},"class_list":["post-8973","page","type-page","status-publish","hentry"],"yoast_head":"<!-- This site is optimized with the Yoast SEO plugin v26.0 - https:\/\/yoast.com\/wordpress\/plugins\/seo\/ -->\n<title>Instal\u00b7lacions - Esthetic BCN<\/title>\n<meta name=\"robots\" content=\"index, follow, max-snippet:-1, max-image-preview:large, max-video-preview:-1\" \/>\n<link rel=\"canonical\" href=\"https:\/\/estheticbcn.com\/ca\/instalacions\/\" \/>\n<meta property=\"og:locale\" content=\"ca_ES\" \/>\n<meta property=\"og:type\" content=\"article\" \/>\n<meta property=\"og:title\" content=\"Instal\u00b7lacions - Esthetic BCN\" \/>\n<meta property=\"og:description\" content=\"[vc_row type=&#8221;full-width-section&#8221; css=&#8221;.vc_custom_1420034153542{margin-bottom: 0px;padding-top: 94px;padding-bottom: 100px;}&#8221;][vc_column][vc_column_text css=&#8221;.vc_custom_1676316980300{margin-top: 20px !important;margin-bottom: 25px !important;}&#8221;]A Estheticbcn pensem en tu. La recepci\u00f3 est\u00e0 inundada de llum natural per tal de veure la teva expressi\u00f3 des del mateix moment de la teva arribada. Ens agrades! Al costat de recepci\u00f3 hi ha un \u00e0rea dedicada a la bellesa de mans i maquillatge....Llegir m\u00e9s\" \/>\n<meta property=\"og:url\" content=\"https:\/\/estheticbcn.com\/ca\/instalacions\/\" \/>\n<meta property=\"og:site_name\" content=\"Esthetic BCN\" \/>\n<meta property=\"article:modified_time\" content=\"2023-02-13T19:36:23+00:00\" \/>\n<meta name=\"twitter:card\" content=\"summary_large_image\" \/>\n<meta name=\"twitter:label1\" content=\"Temps estimat de lectura\" \/>\n\t<meta name=\"twitter:data1\" content=\"2 minuts\" \/>\n<script type=\"application\/ld+json\" class=\"yoast-schema-graph\">{\"@context\":\"https:\/\/schema.org\",\"@graph\":[{\"@type\":\"WebPage\",\"@id\":\"https:\/\/estheticbcn.com\/ca\/instalacions\/\",\"url\":\"https:\/\/estheticbcn.com\/ca\/instalacions\/\",\"name\":\"Instal\u00b7lacions - Esthetic BCN\",\"isPartOf\":{\"@id\":\"https:\/\/estheticbcn.com\/#website\"},\"datePublished\":\"2015-10-23T12:22:50+00:00\",\"dateModified\":\"2023-02-13T19:36:23+00:00\",\"inLanguage\":\"ca\",\"potentialAction\":[{\"@type\":\"ReadAction\",\"target\":[\"https:\/\/estheticbcn.com\/ca\/instalacions\/\"]}]},{\"@type\":\"WebSite\",\"@id\":\"https:\/\/estheticbcn.com\/#website\",\"url\":\"https:\/\/estheticbcn.com\/\",\"name\":\"Esthetic BCN\",\"description\":\"Otro sitio realizado con WordPress\",\"potentialAction\":[{\"@type\":\"SearchAction\",\"target\":{\"@type\":\"EntryPoint\",\"urlTemplate\":\"https:\/\/estheticbcn.com\/?s={search_term_string}\"},\"query-input\":{\"@type\":\"PropertyValueSpecification\",\"valueRequired\":true,\"valueName\":\"search_term_string\"}}],\"inLanguage\":\"ca\"}]}<\/script>\n<!-- \/ Yoast SEO plugin. -->","yoast_head_json":{"title":"Instal\u00b7lacions - Esthetic BCN","robots":{"index":"index","follow":"follow","max-snippet":"max-snippet:-1","max-image-preview":"max-image-preview:large","max-video-preview":"max-video-preview:-1"},"canonical":"https:\/\/estheticbcn.com\/ca\/instalacions\/","og_locale":"ca_ES","og_type":"article","og_title":"Instal\u00b7lacions - Esthetic BCN","og_description":"[vc_row type=&#8221;full-width-section&#8221; css=&#8221;.vc_custom_1420034153542{margin-bottom: 0px;padding-top: 94px;padding-bottom: 100px;}&#8221;][vc_column][vc_column_text css=&#8221;.vc_custom_1676316980300{margin-top: 20px !important;margin-bottom: 25px !important;}&#8221;]A Estheticbcn pensem en tu. La recepci\u00f3 est\u00e0 inundada de llum natural per tal de veure la teva expressi\u00f3 des del mateix moment de la teva arribada. Ens agrades! Al costat de recepci\u00f3 hi ha un \u00e0rea dedicada a la bellesa de mans i maquillatge....Llegir m\u00e9s","og_url":"https:\/\/estheticbcn.com\/ca\/instalacions\/","og_site_name":"Esthetic BCN","article_modified_time":"2023-02-13T19:36:23+00:00","twitter_card":"summary_large_image","twitter_misc":{"Temps estimat de lectura":"2 minuts"},"schema":{"@context":"https:\/\/schema.org","@graph":[{"@type":"WebPage","@id":"https:\/\/estheticbcn.com\/ca\/instalacions\/","url":"https:\/\/estheticbcn.com\/ca\/instalacions\/","name":"Instal\u00b7lacions - Esthetic BCN","isPartOf":{"@id":"https:\/\/estheticbcn.com\/#website"},"datePublished":"2015-10-23T12:22:50+00:00","dateModified":"2023-02-13T19:36:23+00:00","inLanguage":"ca","potentialAction":[{"@type":"ReadAction","target":["https:\/\/estheticbcn.com\/ca\/instalacions\/"]}]},{"@type":"WebSite","@id":"https:\/\/estheticbcn.com\/#website","url":"https:\/\/estheticbcn.com\/","name":"Esthetic BCN","description":"Otro sitio realizado con WordPress","potentialAction":[{"@type":"SearchAction","target":{"@type":"EntryPoint","urlTemplate":"https:\/\/estheticbcn.com\/?s={search_term_string}"},"query-input":{"@type":"PropertyValueSpecification","valueRequired":true,"valueName":"search_term_string"}}],"inLanguage":"ca"}]}},"_links":{"self":[{"href":"https:\/\/estheticbcn.com\/ca\/wp-json\/wp\/v2\/pages\/8973","targetHints":{"allow":["GET"]}}],"collection":[{"href":"https:\/\/estheticbcn.com\/ca\/wp-json\/wp\/v2\/pages"}],"about":[{"href":"https:\/\/estheticbcn.com\/ca\/wp-json\/wp\/v2\/types\/page"}],"author":[{"embeddable":true,"href":"https:\/\/estheticbcn.com\/ca\/wp-json\/wp\/v2\/users\/4"}],"replies":[{"embeddable":true,"href":"https:\/\/estheticbcn.com\/ca\/wp-json\/wp\/v2\/comments?post=8973"}],"version-history":[{"count":0,"href":"https:\/\/estheticbcn.com\/ca\/wp-json\/wp\/v2\/pages\/8973\/revisions"}],"wp:attachment":[{"href":"https:\/\/estheticbcn.com\/ca\/wp-json\/wp\/v2\/media?parent=8973"}],"curies":[{"name":"wp","href":"https:\/\/api.w.org\/{rel}","templated":true}]}}