{"id":8972,"date":"2015-11-24T16:46:36","date_gmt":"2015-11-24T16:46:36","guid":{"rendered":"https:\/\/estheticbcn.com\/ca\/valores"},"modified":"2016-01-18T21:17:03","modified_gmt":"2016-01-18T21:17:03","slug":"valors","status":"publish","type":"page","link":"https:\/\/estheticbcn.com\/ca\/valors\/","title":{"rendered":"Valors"},"content":{"rendered":"<div class=\"wpb-content-wrapper\"><p>[vc_row][vc_column width=&#8221;1\/2&#8243; css=&#8221;.vc_custom_1447607081486{padding-bottom: 40px !important;}&#8221;]<style type=\"text\/css\" >#ic_glk93vnjdfw517iypqcf {margin:0px auto 0px; }#ic_glk93vnjdfw517iypqcf .ic_left,#ic_glk93vnjdfw517iypqcf .ic_right,#ic_glk93vnjdfw517iypqcf .ic_left:after,#ic_glk93vnjdfw517iypqcf .ic_right:after{border-color:#9b9c9e; background:#ffffff; color:#9b9c9e; }#ic_glk93vnjdfw517iypqcf .ic_left:hover,#ic_glk93vnjdfw517iypqcf .ic_right:hover,#ic_glk93vnjdfw517iypqcf .ic_left:hover:after,#ic_glk93vnjdfw517iypqcf .ic_right:hover:after{background:transparent; color:#6f7072; }#ic_glk93vnjdfw517iypqcf .rd_ic_pager a{border-color:#9b9c9e; background:#ffffff; color:#9b9c9e; }#ic_glk93vnjdfw517iypqcf .rd_ic_pager a:hover{border-color:#eab7a9; background:#eab7a9; color:#ffffff; }<\/style><script type=\"text\/javascript\" charset=\"utf-8\">\r\n\t\t\t\t\r\n\t\tjQuery.noConflict();\r\n\t\/\/setup up Carousel\r\n\t\tjQuery(document).ready(function($) {\t\r\n\t\t\t\r\n\t\t\"use strict\";\r\n\t\t\r\n\t\t\t$(window).load(function(){\r\n\t\t$(\"#ic_glk93vnjdfw517iypqcf .rd_img_carousel\").carouFredSel({\r\n\t\t\t\t\t\r\n\t\t\t\t\tresponsive: true,\r\n\t\t\t\t\twidth: \"100%\",scroll: 1,\r\n\t\t\t\t\tauto: false,\r\n\t\t\t\t\tprev: \"#ic_glk93vnjdfw517iypqcf .ic_left\",\r\n\t\t\t\t\tnext: \"#ic_glk93vnjdfw517iypqcf .ic_right\",\r\n\t\t\t\t\tpagination: \"#ic_glk93vnjdfw517iypqcf_pager\",\r\n\t\t\t\t\theight : \"variable\",\r\n\t\t\t\t\tswipe       : {\r\n             \t\t   onTouch     : true,\r\n\t\t               onMouse     : false\r\n        \t\t    },\r\n\t\t\t\t\titems: {\r\n\t\t\t\t\theight : \"variable\",\r\n\t\t\t\t\t\tvisible: {\r\n\t\t\t\t\t\t\tmin: 1,\r\n\t\t\t\t\t\t\tmax: 1\r\n\t\t\t\t\t\t}\r\n\t\t\t\t\t}\r\n\t\t\t\t});\r\n\t\t\t\t});\r\n\t\t\t\t});\r\n\t<\/script><div class=\"rd_img_carousel_ctn  \" id=\"ic_glk93vnjdfw517iypqcf\"><div class=\"rd_img_carousel\"><a href=\"https:\/\/estheticbcn.com\/wp-content\/uploads\/instalaciones_esthetic.jpg\"  rel=\"prettyPhoto[rel-glk93vnjdfw517iypqcf]\" ><img loading=\"lazy\" decoding=\"async\" width=\"570\" height=\"441\" src=\"https:\/\/estheticbcn.com\/wp-content\/uploads\/instalaciones_esthetic.jpg\" class=\"attachment-full\" alt=\"\" title=\"instalaciones_esthetic\" srcset=\"https:\/\/estheticbcn.com\/wp-content\/uploads\/instalaciones_esthetic.jpg 570w, https:\/\/estheticbcn.com\/wp-content\/uploads\/instalaciones_esthetic-300x232.jpg 300w\" sizes=\"auto, (max-width: 570px) 100vw, 570px\" \/><\/a><\/div><\/div>[\/vc_column][vc_column width=&#8221;1\/2&#8243;][vc_row_inner][vc_column_inner][vc_column_text css=&#8221;.vc_custom_1453151817492{margin-top: 20px !important;margin-bottom: 25px !important;}&#8221;]El pas del temps, les experi\u00e8ncies viscudes, l&#8217;amor rebut i els moments no tan feli\u00e7os, queden reflectits a la nostra pell, a les nostres expressions i la nostra mirada. el tacte desperta en nosaltres unes emocions que superen les paraules, la mirada transmet sentiments que superen les paraules&#8230;Els nostres tractaments potencien la teva pell, la teva mirada i permeten aix\u00ed expressar tot all\u00f2 que de vegades costa dir amb paraules. La medicina est\u00e8tica \u00e9s l&#8217;art de convertir les senyals del temps en bellesa pr\u00f2pia.<\/p>\n<p>La teva mirada, la teva pell, les teves expressions parlen per tu, nosaltres les interpretem i les millorem per a poder lluir el millor &#8220;jo&#8221; sense perdre l&#8217;ess\u00e8ncia de la teva personalitat ni les teves viv\u00e8ncies.<\/p>\n<p>Deixa\u2019ns ajudar-te a mantenir i millorar la teva bellesa i que el temps passi per tu de la manera m\u00e9s bonica possible.[\/vc_column_text][\/vc_column_inner][\/vc_row_inner][\/vc_column][\/vc_row]<\/p>\n<\/div>","protected":false},"excerpt":{"rendered":"<p>[vc_row][vc_column width=&#8221;1\/2&#8243; css=&#8221;.vc_custom_1447607081486{padding-bottom: 40px !important;}&#8221;][\/vc_column][vc_column width=&#8221;1\/2&#8243;][vc_row_inner][vc_column_inner][vc_column_text css=&#8221;.vc_custom_1453151817492{margin-top: 20px !important;margin-bottom: 25px !important;}&#8221;]El pas del temps, les experi\u00e8ncies viscudes, l&#8217;amor rebut i els moments no tan feli\u00e7os, queden reflectits a la nostra pell, a les nostres expressions i la nostra mirada. el tacte desperta en nosaltres unes emocions que superen les paraules, la mirada transmet sentiments que&#8230;<a class=\"more-link\" href=\"https:\/\/estheticbcn.com\/ca\/valors\/\">Llegir m\u00e9s<\/a><\/p>\n","protected":false},"author":4,"featured_media":0,"parent":0,"menu_order":51,"comment_status":"closed","ping_status":"closed","template":"","meta":{"footnotes":""},"class_list":["post-8972","page","type-page","status-publish","hentry"],"yoast_head":"<!-- This site is optimized with the Yoast SEO plugin v26.0 - https:\/\/yoast.com\/wordpress\/plugins\/seo\/ -->\n<title>Valors - Esthetic BCN<\/title>\n<meta name=\"robots\" content=\"index, follow, max-snippet:-1, max-image-preview:large, max-video-preview:-1\" \/>\n<link rel=\"canonical\" href=\"https:\/\/estheticbcn.com\/ca\/valors\/\" \/>\n<meta property=\"og:locale\" content=\"ca_ES\" \/>\n<meta property=\"og:type\" content=\"article\" \/>\n<meta property=\"og:title\" content=\"Valors - Esthetic BCN\" \/>\n<meta property=\"og:description\" content=\"[vc_row][vc_column width=&#8221;1\/2&#8243; css=&#8221;.vc_custom_1447607081486{padding-bottom: 40px !important;}&#8221;][\/vc_column][vc_column width=&#8221;1\/2&#8243;][vc_row_inner][vc_column_inner][vc_column_text css=&#8221;.vc_custom_1453151817492{margin-top: 20px !important;margin-bottom: 25px !important;}&#8221;]El pas del temps, les experi\u00e8ncies viscudes, l&#8217;amor rebut i els moments no tan feli\u00e7os, queden reflectits a la nostra pell, a les nostres expressions i la nostra mirada. el tacte desperta en nosaltres unes emocions que superen les paraules, la mirada transmet sentiments que...Llegir m\u00e9s\" \/>\n<meta property=\"og:url\" content=\"https:\/\/estheticbcn.com\/ca\/valors\/\" \/>\n<meta property=\"og:site_name\" content=\"Esthetic BCN\" \/>\n<meta property=\"article:modified_time\" content=\"2016-01-18T21:17:03+00:00\" \/>\n<meta name=\"twitter:card\" content=\"summary_large_image\" \/>\n<meta name=\"twitter:label1\" content=\"Temps estimat de lectura\" \/>\n\t<meta name=\"twitter:data1\" content=\"1 minut\" \/>\n<script type=\"application\/ld+json\" class=\"yoast-schema-graph\">{\"@context\":\"https:\/\/schema.org\",\"@graph\":[{\"@type\":\"WebPage\",\"@id\":\"https:\/\/estheticbcn.com\/ca\/valors\/\",\"url\":\"https:\/\/estheticbcn.com\/ca\/valors\/\",\"name\":\"Valors - Esthetic BCN\",\"isPartOf\":{\"@id\":\"https:\/\/estheticbcn.com\/#website\"},\"datePublished\":\"2015-11-24T16:46:36+00:00\",\"dateModified\":\"2016-01-18T21:17:03+00:00\",\"inLanguage\":\"ca\",\"potentialAction\":[{\"@type\":\"ReadAction\",\"target\":[\"https:\/\/estheticbcn.com\/ca\/valors\/\"]}]},{\"@type\":\"WebSite\",\"@id\":\"https:\/\/estheticbcn.com\/#website\",\"url\":\"https:\/\/estheticbcn.com\/\",\"name\":\"Esthetic BCN\",\"description\":\"Otro sitio realizado con WordPress\",\"potentialAction\":[{\"@type\":\"SearchAction\",\"target\":{\"@type\":\"EntryPoint\",\"urlTemplate\":\"https:\/\/estheticbcn.com\/?s={search_term_string}\"},\"query-input\":{\"@type\":\"PropertyValueSpecification\",\"valueRequired\":true,\"valueName\":\"search_term_string\"}}],\"inLanguage\":\"ca\"}]}<\/script>\n<!-- \/ Yoast SEO plugin. -->","yoast_head_json":{"title":"Valors - Esthetic BCN","robots":{"index":"index","follow":"follow","max-snippet":"max-snippet:-1","max-image-preview":"max-image-preview:large","max-video-preview":"max-video-preview:-1"},"canonical":"https:\/\/estheticbcn.com\/ca\/valors\/","og_locale":"ca_ES","og_type":"article","og_title":"Valors - Esthetic BCN","og_description":"[vc_row][vc_column width=&#8221;1\/2&#8243; css=&#8221;.vc_custom_1447607081486{padding-bottom: 40px !important;}&#8221;][\/vc_column][vc_column width=&#8221;1\/2&#8243;][vc_row_inner][vc_column_inner][vc_column_text css=&#8221;.vc_custom_1453151817492{margin-top: 20px !important;margin-bottom: 25px !important;}&#8221;]El pas del temps, les experi\u00e8ncies viscudes, l&#8217;amor rebut i els moments no tan feli\u00e7os, queden reflectits a la nostra pell, a les nostres expressions i la nostra mirada. el tacte desperta en nosaltres unes emocions que superen les paraules, la mirada transmet sentiments que...Llegir m\u00e9s","og_url":"https:\/\/estheticbcn.com\/ca\/valors\/","og_site_name":"Esthetic BCN","article_modified_time":"2016-01-18T21:17:03+00:00","twitter_card":"summary_large_image","twitter_misc":{"Temps estimat de lectura":"1 minut"},"schema":{"@context":"https:\/\/schema.org","@graph":[{"@type":"WebPage","@id":"https:\/\/estheticbcn.com\/ca\/valors\/","url":"https:\/\/estheticbcn.com\/ca\/valors\/","name":"Valors - Esthetic BCN","isPartOf":{"@id":"https:\/\/estheticbcn.com\/#website"},"datePublished":"2015-11-24T16:46:36+00:00","dateModified":"2016-01-18T21:17:03+00:00","inLanguage":"ca","potentialAction":[{"@type":"ReadAction","target":["https:\/\/estheticbcn.com\/ca\/valors\/"]}]},{"@type":"WebSite","@id":"https:\/\/estheticbcn.com\/#website","url":"https:\/\/estheticbcn.com\/","name":"Esthetic BCN","description":"Otro sitio realizado con WordPress","potentialAction":[{"@type":"SearchAction","target":{"@type":"EntryPoint","urlTemplate":"https:\/\/estheticbcn.com\/?s={search_term_string}"},"query-input":{"@type":"PropertyValueSpecification","valueRequired":true,"valueName":"search_term_string"}}],"inLanguage":"ca"}]}},"_links":{"self":[{"href":"https:\/\/estheticbcn.com\/ca\/wp-json\/wp\/v2\/pages\/8972","targetHints":{"allow":["GET"]}}],"collection":[{"href":"https:\/\/estheticbcn.com\/ca\/wp-json\/wp\/v2\/pages"}],"about":[{"href":"https:\/\/estheticbcn.com\/ca\/wp-json\/wp\/v2\/types\/page"}],"author":[{"embeddable":true,"href":"https:\/\/estheticbcn.com\/ca\/wp-json\/wp\/v2\/users\/4"}],"replies":[{"embeddable":true,"href":"https:\/\/estheticbcn.com\/ca\/wp-json\/wp\/v2\/comments?post=8972"}],"version-history":[{"count":0,"href":"https:\/\/estheticbcn.com\/ca\/wp-json\/wp\/v2\/pages\/8972\/revisions"}],"wp:attachment":[{"href":"https:\/\/estheticbcn.com\/ca\/wp-json\/wp\/v2\/media?parent=8972"}],"curies":[{"name":"wp","href":"https:\/\/api.w.org\/{rel}","templated":true}]}}