{"id":10510,"date":"2021-07-01T20:24:15","date_gmt":"2021-07-01T20:24:15","guid":{"rendered":"https:\/\/estheticbcn.com\/?page_id=10510"},"modified":"2021-07-01T20:26:14","modified_gmt":"2021-07-01T20:26:14","slug":"hipex","status":"publish","type":"page","link":"https:\/\/estheticbcn.com\/ca\/hipex\/","title":{"rendered":"HIPEX"},"content":{"rendered":"<div class=\"wpb-content-wrapper\"><p>[vc_row][vc_column width=&#8221;1\/2&#8243; css=&#8221;.vc_custom_1447609817922{padding-bottom: 40px !important;}&#8221;]<style type=\"text\/css\" >#ic_uew9i7968gslgbks9s7q {margin:0px auto 0px; }#ic_uew9i7968gslgbks9s7q .ic_left,#ic_uew9i7968gslgbks9s7q .ic_right,#ic_uew9i7968gslgbks9s7q .ic_left:after,#ic_uew9i7968gslgbks9s7q .ic_right:after{border-color:#9b9c9e; background:#ffffff; color:#9b9c9e; }#ic_uew9i7968gslgbks9s7q .ic_left:hover,#ic_uew9i7968gslgbks9s7q .ic_right:hover,#ic_uew9i7968gslgbks9s7q .ic_left:hover:after,#ic_uew9i7968gslgbks9s7q .ic_right:hover:after{background:transparent; color:#6f7072; }#ic_uew9i7968gslgbks9s7q .rd_ic_pager a{border-color:#9b9c9e; background:#ffffff; color:#9b9c9e; }#ic_uew9i7968gslgbks9s7q .rd_ic_pager a:hover{border-color:#eab7a9; background:#eab7a9; color:#ffffff; }<\/style><script type=\"text\/javascript\" charset=\"utf-8\">\r\n\t\t\t\t\r\n\t\tjQuery.noConflict();\r\n\t\/\/setup up Carousel\r\n\t\tjQuery(document).ready(function($) {\t\r\n\t\t\t\r\n\t\t\"use strict\";\r\n\t\t\r\n\t\t\t$(window).load(function(){\r\n\t\t$(\"#ic_uew9i7968gslgbks9s7q .rd_img_carousel\").carouFredSel({\r\n\t\t\t\t\t\r\n\t\t\t\t\tresponsive: true,\r\n\t\t\t\t\twidth: \"100%\",scroll: 1,\r\n\t\t\t\t\tauto: false,\r\n\t\t\t\t\tprev: \"#ic_uew9i7968gslgbks9s7q .ic_left\",\r\n\t\t\t\t\tnext: \"#ic_uew9i7968gslgbks9s7q .ic_right\",\r\n\t\t\t\t\tpagination: \"#ic_uew9i7968gslgbks9s7q_pager\",\r\n\t\t\t\t\theight : \"variable\",\r\n\t\t\t\t\tswipe       : {\r\n             \t\t   onTouch     : true,\r\n\t\t               onMouse     : false\r\n        \t\t    },\r\n\t\t\t\t\titems: {\r\n\t\t\t\t\theight : \"variable\",\r\n\t\t\t\t\t\tvisible: {\r\n\t\t\t\t\t\t\tmin: 1,\r\n\t\t\t\t\t\t\tmax: 1\r\n\t\t\t\t\t\t}\r\n\t\t\t\t\t}\r\n\t\t\t\t});\r\n\t\t\t\t});\r\n\t\t\t\t});\r\n\t<\/script><div class=\"rd_img_carousel_ctn  \" id=\"ic_uew9i7968gslgbks9s7q\"><div class=\"rd_img_carousel\"><img loading=\"lazy\" decoding=\"async\" width=\"570\" height=\"441\" src=\"https:\/\/estheticbcn.com\/wp-content\/uploads\/tratamientos_esthetic_BCN_incontinencia_urinaria_HIPEX.jpg\" class=\"attachment-full\" alt=\"\" title=\"tratamientos_esthetic_BCN_incontinencia_urinaria_HIPEX\" srcset=\"https:\/\/estheticbcn.com\/wp-content\/uploads\/tratamientos_esthetic_BCN_incontinencia_urinaria_HIPEX.jpg 570w, https:\/\/estheticbcn.com\/wp-content\/uploads\/tratamientos_esthetic_BCN_incontinencia_urinaria_HIPEX-300x232.jpg 300w\" sizes=\"auto, (max-width: 570px) 100vw, 570px\" \/><\/div><\/div>[\/vc_column][vc_column width=&#8221;1\/2&#8243;][vc_custom_heading text=&#8221;HIPEX&#8221; font_container=&#8221;tag:h2|font_size:30|text_align:left|color:%236f7072|line_height:35px&#8221; use_theme_fonts=&#8221;yes&#8221;][vc_row_inner][vc_column_inner][vc_column_text font_size=&#8221;14&#8243; line_height=&#8221;16px&#8221;]HIPEX, energia electromagn\u00e8tica utilitzada per refor\u00e7ar la musculatura de terra p\u00e8lvic i millorar aix\u00ed la tensi\u00f3 de la zona disminuint la incontin\u00e8ncia. Una gran ajuda en 6 sessions de 20-30 min cadascuna d&#8217;elles sense mol\u00e8sties, sense necessitar temps de recuperaci\u00f3.<\/p>\n<p><strong>Anest\u00e8sia:<\/strong><br \/>\n&#8211; No precisa.<br \/>\n<strong>Durada de la sessi\u00f3:<\/strong><br \/>\n&#8211; De 20 a 30 minuts.<br \/>\n<strong>Nombre de sessions:<\/strong><br \/>\n&#8211; 6 sessions.<br \/>\n<strong>Recuperaci\u00f3:<\/strong><br \/>\n&#8211; Incorporaci\u00f3 inmediata a la vida habitual.[\/vc_column_text][\/vc_column_inner][\/vc_row_inner][\/vc_column][\/vc_row]<\/p>\n<\/div>","protected":false},"excerpt":{"rendered":"<p>[vc_row][vc_column width=&#8221;1\/2&#8243; css=&#8221;.vc_custom_1447609817922{padding-bottom: 40px !important;}&#8221;][\/vc_column][vc_column width=&#8221;1\/2&#8243;][vc_custom_heading text=&#8221;HIPEX&#8221; font_container=&#8221;tag:h2|font_size:30|text_align:left|color:%236f7072|line_height:35px&#8221; use_theme_fonts=&#8221;yes&#8221;][vc_row_inner][vc_column_inner][vc_column_text font_size=&#8221;14&#8243; line_height=&#8221;16px&#8221;]HIPEX, energia electromagn\u00e8tica utilitzada per refor\u00e7ar la musculatura de terra p\u00e8lvic i millorar aix\u00ed la tensi\u00f3 de la zona disminuint la incontin\u00e8ncia. Una gran ajuda en 6 sessions de 20-30 min cadascuna d&#8217;elles sense mol\u00e8sties, sense necessitar temps de recuperaci\u00f3. Anest\u00e8sia: &#8211; No precisa. Durada&#8230;<a class=\"more-link\" href=\"https:\/\/estheticbcn.com\/ca\/hipex\/\">Llegir m\u00e9s<\/a><\/p>\n","protected":false},"author":4,"featured_media":0,"parent":0,"menu_order":352,"comment_status":"closed","ping_status":"closed","template":"","meta":{"footnotes":""},"class_list":["post-10510","page","type-page","status-publish","hentry"],"yoast_head":"<!-- This site is optimized with the Yoast SEO plugin v26.0 - https:\/\/yoast.com\/wordpress\/plugins\/seo\/ -->\n<title>HIPEX - Esthetic BCN<\/title>\n<meta name=\"robots\" content=\"index, follow, max-snippet:-1, max-image-preview:large, max-video-preview:-1\" \/>\n<link rel=\"canonical\" href=\"https:\/\/estheticbcn.com\/ca\/hipex\/\" \/>\n<meta property=\"og:locale\" content=\"ca_ES\" \/>\n<meta property=\"og:type\" content=\"article\" \/>\n<meta property=\"og:title\" content=\"HIPEX - Esthetic BCN\" \/>\n<meta property=\"og:description\" content=\"[vc_row][vc_column width=&#8221;1\/2&#8243; css=&#8221;.vc_custom_1447609817922{padding-bottom: 40px !important;}&#8221;][\/vc_column][vc_column width=&#8221;1\/2&#8243;][vc_custom_heading text=&#8221;HIPEX&#8221; font_container=&#8221;tag:h2|font_size:30|text_align:left|color:%236f7072|line_height:35px&#8221; use_theme_fonts=&#8221;yes&#8221;][vc_row_inner][vc_column_inner][vc_column_text font_size=&#8221;14&#8243; line_height=&#8221;16px&#8221;]HIPEX, energia electromagn\u00e8tica utilitzada per refor\u00e7ar la musculatura de terra p\u00e8lvic i millorar aix\u00ed la tensi\u00f3 de la zona disminuint la incontin\u00e8ncia. Una gran ajuda en 6 sessions de 20-30 min cadascuna d&#8217;elles sense mol\u00e8sties, sense necessitar temps de recuperaci\u00f3. Anest\u00e8sia: &#8211; No precisa. Durada...Llegir m\u00e9s\" \/>\n<meta property=\"og:url\" content=\"https:\/\/estheticbcn.com\/ca\/hipex\/\" \/>\n<meta property=\"og:site_name\" content=\"Esthetic BCN\" \/>\n<meta property=\"article:modified_time\" content=\"2021-07-01T20:26:14+00:00\" \/>\n<meta name=\"twitter:card\" content=\"summary_large_image\" \/>\n<meta name=\"twitter:label1\" content=\"Temps estimat de lectura\" \/>\n\t<meta name=\"twitter:data1\" content=\"1 minut\" \/>\n<script type=\"application\/ld+json\" class=\"yoast-schema-graph\">{\"@context\":\"https:\/\/schema.org\",\"@graph\":[{\"@type\":\"WebPage\",\"@id\":\"https:\/\/estheticbcn.com\/ca\/hipex\/\",\"url\":\"https:\/\/estheticbcn.com\/ca\/hipex\/\",\"name\":\"HIPEX - Esthetic BCN\",\"isPartOf\":{\"@id\":\"https:\/\/estheticbcn.com\/#website\"},\"datePublished\":\"2021-07-01T20:24:15+00:00\",\"dateModified\":\"2021-07-01T20:26:14+00:00\",\"inLanguage\":\"ca\",\"potentialAction\":[{\"@type\":\"ReadAction\",\"target\":[\"https:\/\/estheticbcn.com\/ca\/hipex\/\"]}]},{\"@type\":\"WebSite\",\"@id\":\"https:\/\/estheticbcn.com\/#website\",\"url\":\"https:\/\/estheticbcn.com\/\",\"name\":\"Esthetic BCN\",\"description\":\"Otro sitio realizado con WordPress\",\"potentialAction\":[{\"@type\":\"SearchAction\",\"target\":{\"@type\":\"EntryPoint\",\"urlTemplate\":\"https:\/\/estheticbcn.com\/?s={search_term_string}\"},\"query-input\":{\"@type\":\"PropertyValueSpecification\",\"valueRequired\":true,\"valueName\":\"search_term_string\"}}],\"inLanguage\":\"ca\"}]}<\/script>\n<!-- \/ Yoast SEO plugin. -->","yoast_head_json":{"title":"HIPEX - Esthetic BCN","robots":{"index":"index","follow":"follow","max-snippet":"max-snippet:-1","max-image-preview":"max-image-preview:large","max-video-preview":"max-video-preview:-1"},"canonical":"https:\/\/estheticbcn.com\/ca\/hipex\/","og_locale":"ca_ES","og_type":"article","og_title":"HIPEX - Esthetic BCN","og_description":"[vc_row][vc_column width=&#8221;1\/2&#8243; css=&#8221;.vc_custom_1447609817922{padding-bottom: 40px !important;}&#8221;][\/vc_column][vc_column width=&#8221;1\/2&#8243;][vc_custom_heading text=&#8221;HIPEX&#8221; font_container=&#8221;tag:h2|font_size:30|text_align:left|color:%236f7072|line_height:35px&#8221; use_theme_fonts=&#8221;yes&#8221;][vc_row_inner][vc_column_inner][vc_column_text font_size=&#8221;14&#8243; line_height=&#8221;16px&#8221;]HIPEX, energia electromagn\u00e8tica utilitzada per refor\u00e7ar la musculatura de terra p\u00e8lvic i millorar aix\u00ed la tensi\u00f3 de la zona disminuint la incontin\u00e8ncia. Una gran ajuda en 6 sessions de 20-30 min cadascuna d&#8217;elles sense mol\u00e8sties, sense necessitar temps de recuperaci\u00f3. Anest\u00e8sia: &#8211; No precisa. Durada...Llegir m\u00e9s","og_url":"https:\/\/estheticbcn.com\/ca\/hipex\/","og_site_name":"Esthetic BCN","article_modified_time":"2021-07-01T20:26:14+00:00","twitter_card":"summary_large_image","twitter_misc":{"Temps estimat de lectura":"1 minut"},"schema":{"@context":"https:\/\/schema.org","@graph":[{"@type":"WebPage","@id":"https:\/\/estheticbcn.com\/ca\/hipex\/","url":"https:\/\/estheticbcn.com\/ca\/hipex\/","name":"HIPEX - Esthetic BCN","isPartOf":{"@id":"https:\/\/estheticbcn.com\/#website"},"datePublished":"2021-07-01T20:24:15+00:00","dateModified":"2021-07-01T20:26:14+00:00","inLanguage":"ca","potentialAction":[{"@type":"ReadAction","target":["https:\/\/estheticbcn.com\/ca\/hipex\/"]}]},{"@type":"WebSite","@id":"https:\/\/estheticbcn.com\/#website","url":"https:\/\/estheticbcn.com\/","name":"Esthetic BCN","description":"Otro sitio realizado con WordPress","potentialAction":[{"@type":"SearchAction","target":{"@type":"EntryPoint","urlTemplate":"https:\/\/estheticbcn.com\/?s={search_term_string}"},"query-input":{"@type":"PropertyValueSpecification","valueRequired":true,"valueName":"search_term_string"}}],"inLanguage":"ca"}]}},"_links":{"self":[{"href":"https:\/\/estheticbcn.com\/ca\/wp-json\/wp\/v2\/pages\/10510","targetHints":{"allow":["GET"]}}],"collection":[{"href":"https:\/\/estheticbcn.com\/ca\/wp-json\/wp\/v2\/pages"}],"about":[{"href":"https:\/\/estheticbcn.com\/ca\/wp-json\/wp\/v2\/types\/page"}],"author":[{"embeddable":true,"href":"https:\/\/estheticbcn.com\/ca\/wp-json\/wp\/v2\/users\/4"}],"replies":[{"embeddable":true,"href":"https:\/\/estheticbcn.com\/ca\/wp-json\/wp\/v2\/comments?post=10510"}],"version-history":[{"count":0,"href":"https:\/\/estheticbcn.com\/ca\/wp-json\/wp\/v2\/pages\/10510\/revisions"}],"wp:attachment":[{"href":"https:\/\/estheticbcn.com\/ca\/wp-json\/wp\/v2\/media?parent=10510"}],"curies":[{"name":"wp","href":"https:\/\/api.w.org\/{rel}","templated":true}]}}