{"id":10301,"date":"2021-01-13T09:05:18","date_gmt":"2021-01-13T09:05:18","guid":{"rendered":"https:\/\/estheticbcn.com\/?page_id=10301"},"modified":"2021-01-13T09:27:56","modified_gmt":"2021-01-13T09:27:56","slug":"silkplex","status":"publish","type":"page","link":"https:\/\/estheticbcn.com\/ca\/silkplex\/","title":{"rendered":"Silkplex"},"content":{"rendered":"<div class=\"wpb-content-wrapper\"><p>[vc_row][vc_column width=&#8221;1\/2&#8243; css=&#8221;.vc_custom_1447609329581{padding-bottom: 40px !important;}&#8221;]<style type=\"text\/css\" >#ic_8ozrhtd829qtmnhd69uu {margin:0px auto 0px; }#ic_8ozrhtd829qtmnhd69uu .ic_left,#ic_8ozrhtd829qtmnhd69uu .ic_right,#ic_8ozrhtd829qtmnhd69uu .ic_left:after,#ic_8ozrhtd829qtmnhd69uu .ic_right:after{border-color:#9b9c9e; background:#ffffff; color:#9b9c9e; }#ic_8ozrhtd829qtmnhd69uu .ic_left:hover,#ic_8ozrhtd829qtmnhd69uu .ic_right:hover,#ic_8ozrhtd829qtmnhd69uu .ic_left:hover:after,#ic_8ozrhtd829qtmnhd69uu .ic_right:hover:after{background:transparent; color:#6f7072; }#ic_8ozrhtd829qtmnhd69uu .rd_ic_pager a{border-color:#9b9c9e; background:#ffffff; color:#9b9c9e; }#ic_8ozrhtd829qtmnhd69uu .rd_ic_pager a:hover{border-color:#eab7a9; background:#eab7a9; color:#ffffff; }<\/style><script type=\"text\/javascript\" charset=\"utf-8\">\r\n\t\t\t\t\r\n\t\tjQuery.noConflict();\r\n\t\/\/setup up Carousel\r\n\t\tjQuery(document).ready(function($) {\t\r\n\t\t\t\r\n\t\t\"use strict\";\r\n\t\t\r\n\t\t\t$(window).load(function(){\r\n\t\t$(\"#ic_8ozrhtd829qtmnhd69uu .rd_img_carousel\").carouFredSel({\r\n\t\t\t\t\t\r\n\t\t\t\t\tresponsive: true,\r\n\t\t\t\t\twidth: \"100%\",scroll: 1,\r\n\t\t\t\t\tauto: false,\r\n\t\t\t\t\tprev: \"#ic_8ozrhtd829qtmnhd69uu .ic_left\",\r\n\t\t\t\t\tnext: \"#ic_8ozrhtd829qtmnhd69uu .ic_right\",\r\n\t\t\t\t\tpagination: \"#ic_8ozrhtd829qtmnhd69uu_pager\",\r\n\t\t\t\t\theight : \"variable\",\r\n\t\t\t\t\tswipe       : {\r\n             \t\t   onTouch     : true,\r\n\t\t               onMouse     : false\r\n        \t\t    },\r\n\t\t\t\t\titems: {\r\n\t\t\t\t\theight : \"variable\",\r\n\t\t\t\t\t\tvisible: {\r\n\t\t\t\t\t\t\tmin: 1,\r\n\t\t\t\t\t\t\tmax: 1\r\n\t\t\t\t\t\t}\r\n\t\t\t\t\t}\r\n\t\t\t\t});\r\n\t\t\t\t});\r\n\t\t\t\t});\r\n\t<\/script><div class=\"rd_img_carousel_ctn  \" id=\"ic_8ozrhtd829qtmnhd69uu\"><div class=\"rd_img_carousel\"><img loading=\"lazy\" decoding=\"async\" width=\"570\" height=\"441\" src=\"https:\/\/estheticbcn.com\/wp-content\/uploads\/tratamiento_estetica_Silkplex_parpados.jpg\" class=\"attachment-full\" alt=\"\" title=\"tratamiento_estetica_Silkplex_parpados\" srcset=\"https:\/\/estheticbcn.com\/wp-content\/uploads\/tratamiento_estetica_Silkplex_parpados.jpg 570w, https:\/\/estheticbcn.com\/wp-content\/uploads\/tratamiento_estetica_Silkplex_parpados-300x232.jpg 300w\" sizes=\"auto, (max-width: 570px) 100vw, 570px\" \/><\/div><\/div>[\/vc_column][vc_column width=&#8221;1\/2&#8243;][vc_custom_heading text=&#8221;Silkplex&#8221; font_container=&#8221;tag:h2|font_size:30|text_align:left|color:%236f7072|line_height:35px&#8221; use_theme_fonts=&#8221;yes&#8221;][vc_row_inner][vc_column_inner][vc_column_text font_size=&#8221;14&#8243; line_height=&#8221;16px&#8221;]<strong>Silkplex<\/strong> \u00e9s l&#8217;aplicaci\u00f3 del l\u00e0ser de CO2 per realitzar blefaropl\u00e0sties no quir\u00fargiques<br \/>\nEst\u00e0 indicat per a les arrugues de les parpelles superior i inferior, per l&#8217;exc\u00e9s de pell de les parpelles (dermatocalasia) i el tractament de les potes de gall.<\/p>\n<p><strong>Anest\u00e8sia:<\/strong><br \/>\n&#8211; 60 minuts de crema anest\u00e8sica<br \/>\n<strong> Duraci\u00f3 de la sessi\u00f3:<\/strong><br \/>\n&#8211; 15 minuts si s\u00f3n les parpelles superiors<br \/>\n&#8211; 30 minuts si s\u00f3n parpelles superiors i inferiors<br \/>\n<strong> Nombre de sessions:<\/strong><br \/>\n&#8211; 1 sessi\u00f3 a l&#8217;any<br \/>\n<strong> Recuperaci\u00f3:<\/strong><br \/>\n&#8211; Inflor, vermellor i punts negres immediats<br \/>\n&#8211; Desaparici\u00f3 de l&#8217;puntejat en 7-10 dies<br \/>\n&#8211; Incorporaci\u00f3 immediata a la vida habitual amb ulleres de sol[\/vc_column_text][\/vc_column_inner][\/vc_row_inner][\/vc_column][\/vc_row]<\/p>\n<\/div>","protected":false},"excerpt":{"rendered":"<p>[vc_row][vc_column width=&#8221;1\/2&#8243; css=&#8221;.vc_custom_1447609329581{padding-bottom: 40px !important;}&#8221;][\/vc_column][vc_column width=&#8221;1\/2&#8243;][vc_custom_heading text=&#8221;Silkplex&#8221; font_container=&#8221;tag:h2|font_size:30|text_align:left|color:%236f7072|line_height:35px&#8221; use_theme_fonts=&#8221;yes&#8221;][vc_row_inner][vc_column_inner][vc_column_text font_size=&#8221;14&#8243; line_height=&#8221;16px&#8221;]Silkplex \u00e9s l&#8217;aplicaci\u00f3 del l\u00e0ser de CO2 per realitzar blefaropl\u00e0sties no quir\u00fargiques Est\u00e0 indicat per a les arrugues de les parpelles superior i inferior, per l&#8217;exc\u00e9s de pell de les parpelles (dermatocalasia) i el tractament de les potes de gall. Anest\u00e8sia: &#8211; 60 minuts de&#8230;<a class=\"more-link\" href=\"https:\/\/estheticbcn.com\/ca\/silkplex\/\">Llegir m\u00e9s<\/a><\/p>\n","protected":false},"author":4,"featured_media":0,"parent":0,"menu_order":259,"comment_status":"closed","ping_status":"closed","template":"","meta":{"footnotes":""},"class_list":["post-10301","page","type-page","status-publish","hentry"],"yoast_head":"<!-- This site is optimized with the Yoast SEO plugin v26.0 - https:\/\/yoast.com\/wordpress\/plugins\/seo\/ -->\n<title>Silkplex - Esthetic BCN<\/title>\n<meta name=\"robots\" content=\"index, follow, max-snippet:-1, max-image-preview:large, max-video-preview:-1\" \/>\n<link rel=\"canonical\" href=\"https:\/\/estheticbcn.com\/ca\/silkplex\/\" \/>\n<meta property=\"og:locale\" content=\"ca_ES\" \/>\n<meta property=\"og:type\" content=\"article\" \/>\n<meta property=\"og:title\" content=\"Silkplex - Esthetic BCN\" \/>\n<meta property=\"og:description\" content=\"[vc_row][vc_column width=&#8221;1\/2&#8243; css=&#8221;.vc_custom_1447609329581{padding-bottom: 40px !important;}&#8221;][\/vc_column][vc_column width=&#8221;1\/2&#8243;][vc_custom_heading text=&#8221;Silkplex&#8221; font_container=&#8221;tag:h2|font_size:30|text_align:left|color:%236f7072|line_height:35px&#8221; use_theme_fonts=&#8221;yes&#8221;][vc_row_inner][vc_column_inner][vc_column_text font_size=&#8221;14&#8243; line_height=&#8221;16px&#8221;]Silkplex \u00e9s l&#8217;aplicaci\u00f3 del l\u00e0ser de CO2 per realitzar blefaropl\u00e0sties no quir\u00fargiques Est\u00e0 indicat per a les arrugues de les parpelles superior i inferior, per l&#8217;exc\u00e9s de pell de les parpelles (dermatocalasia) i el tractament de les potes de gall. Anest\u00e8sia: &#8211; 60 minuts de...Llegir m\u00e9s\" \/>\n<meta property=\"og:url\" content=\"https:\/\/estheticbcn.com\/ca\/silkplex\/\" \/>\n<meta property=\"og:site_name\" content=\"Esthetic BCN\" \/>\n<meta property=\"article:modified_time\" content=\"2021-01-13T09:27:56+00:00\" \/>\n<meta name=\"twitter:card\" content=\"summary_large_image\" \/>\n<meta name=\"twitter:label1\" content=\"Temps estimat de lectura\" \/>\n\t<meta name=\"twitter:data1\" content=\"1 minut\" \/>\n<script type=\"application\/ld+json\" class=\"yoast-schema-graph\">{\"@context\":\"https:\/\/schema.org\",\"@graph\":[{\"@type\":\"WebPage\",\"@id\":\"https:\/\/estheticbcn.com\/ca\/silkplex\/\",\"url\":\"https:\/\/estheticbcn.com\/ca\/silkplex\/\",\"name\":\"Silkplex - Esthetic BCN\",\"isPartOf\":{\"@id\":\"https:\/\/estheticbcn.com\/#website\"},\"datePublished\":\"2021-01-13T09:05:18+00:00\",\"dateModified\":\"2021-01-13T09:27:56+00:00\",\"inLanguage\":\"ca\",\"potentialAction\":[{\"@type\":\"ReadAction\",\"target\":[\"https:\/\/estheticbcn.com\/ca\/silkplex\/\"]}]},{\"@type\":\"WebSite\",\"@id\":\"https:\/\/estheticbcn.com\/#website\",\"url\":\"https:\/\/estheticbcn.com\/\",\"name\":\"Esthetic BCN\",\"description\":\"Otro sitio realizado con WordPress\",\"potentialAction\":[{\"@type\":\"SearchAction\",\"target\":{\"@type\":\"EntryPoint\",\"urlTemplate\":\"https:\/\/estheticbcn.com\/?s={search_term_string}\"},\"query-input\":{\"@type\":\"PropertyValueSpecification\",\"valueRequired\":true,\"valueName\":\"search_term_string\"}}],\"inLanguage\":\"ca\"}]}<\/script>\n<!-- \/ Yoast SEO plugin. -->","yoast_head_json":{"title":"Silkplex - Esthetic BCN","robots":{"index":"index","follow":"follow","max-snippet":"max-snippet:-1","max-image-preview":"max-image-preview:large","max-video-preview":"max-video-preview:-1"},"canonical":"https:\/\/estheticbcn.com\/ca\/silkplex\/","og_locale":"ca_ES","og_type":"article","og_title":"Silkplex - Esthetic BCN","og_description":"[vc_row][vc_column width=&#8221;1\/2&#8243; css=&#8221;.vc_custom_1447609329581{padding-bottom: 40px !important;}&#8221;][\/vc_column][vc_column width=&#8221;1\/2&#8243;][vc_custom_heading text=&#8221;Silkplex&#8221; font_container=&#8221;tag:h2|font_size:30|text_align:left|color:%236f7072|line_height:35px&#8221; use_theme_fonts=&#8221;yes&#8221;][vc_row_inner][vc_column_inner][vc_column_text font_size=&#8221;14&#8243; line_height=&#8221;16px&#8221;]Silkplex \u00e9s l&#8217;aplicaci\u00f3 del l\u00e0ser de CO2 per realitzar blefaropl\u00e0sties no quir\u00fargiques Est\u00e0 indicat per a les arrugues de les parpelles superior i inferior, per l&#8217;exc\u00e9s de pell de les parpelles (dermatocalasia) i el tractament de les potes de gall. Anest\u00e8sia: &#8211; 60 minuts de...Llegir m\u00e9s","og_url":"https:\/\/estheticbcn.com\/ca\/silkplex\/","og_site_name":"Esthetic BCN","article_modified_time":"2021-01-13T09:27:56+00:00","twitter_card":"summary_large_image","twitter_misc":{"Temps estimat de lectura":"1 minut"},"schema":{"@context":"https:\/\/schema.org","@graph":[{"@type":"WebPage","@id":"https:\/\/estheticbcn.com\/ca\/silkplex\/","url":"https:\/\/estheticbcn.com\/ca\/silkplex\/","name":"Silkplex - Esthetic BCN","isPartOf":{"@id":"https:\/\/estheticbcn.com\/#website"},"datePublished":"2021-01-13T09:05:18+00:00","dateModified":"2021-01-13T09:27:56+00:00","inLanguage":"ca","potentialAction":[{"@type":"ReadAction","target":["https:\/\/estheticbcn.com\/ca\/silkplex\/"]}]},{"@type":"WebSite","@id":"https:\/\/estheticbcn.com\/#website","url":"https:\/\/estheticbcn.com\/","name":"Esthetic BCN","description":"Otro sitio realizado con WordPress","potentialAction":[{"@type":"SearchAction","target":{"@type":"EntryPoint","urlTemplate":"https:\/\/estheticbcn.com\/?s={search_term_string}"},"query-input":{"@type":"PropertyValueSpecification","valueRequired":true,"valueName":"search_term_string"}}],"inLanguage":"ca"}]}},"_links":{"self":[{"href":"https:\/\/estheticbcn.com\/ca\/wp-json\/wp\/v2\/pages\/10301","targetHints":{"allow":["GET"]}}],"collection":[{"href":"https:\/\/estheticbcn.com\/ca\/wp-json\/wp\/v2\/pages"}],"about":[{"href":"https:\/\/estheticbcn.com\/ca\/wp-json\/wp\/v2\/types\/page"}],"author":[{"embeddable":true,"href":"https:\/\/estheticbcn.com\/ca\/wp-json\/wp\/v2\/users\/4"}],"replies":[{"embeddable":true,"href":"https:\/\/estheticbcn.com\/ca\/wp-json\/wp\/v2\/comments?post=10301"}],"version-history":[{"count":0,"href":"https:\/\/estheticbcn.com\/ca\/wp-json\/wp\/v2\/pages\/10301\/revisions"}],"wp:attachment":[{"href":"https:\/\/estheticbcn.com\/ca\/wp-json\/wp\/v2\/media?parent=10301"}],"curies":[{"name":"wp","href":"https:\/\/api.w.org\/{rel}","templated":true}]}}